{"id":1529,"date":"2020-02-25T17:02:04","date_gmt":"2020-02-25T15:02:04","guid":{"rendered":"https:\/\/plankton.joutm.cat\/?page_id=1529"},"modified":"2024-04-10T14:57:35","modified_gmt":"2024-04-10T12:57:35","slug":"hause","status":"publish","type":"page","link":"https:\/\/plankton.joutm.cat\/de\/","title":{"rendered":"Hause"},"content":{"rendered":"<section class=\"wpb-content-wrapper\"><p>[vc_row full_width=&#8220;stretch_row_content&#8220; css=&#8220;.vc_custom_1581087283072{background-image: url(https:\/\/plankton.joutm.cat\/wp-content\/uploads\/1-grey.jpg?id=1063) !important;background-position: center !important;background-repeat: no-repeat !important;background-size: cover !important;}&#8220;][vc_column offset=&#8220;vc_hidden-md vc_hidden-sm vc_hidden-xs&#8220;][vc_custom_heading text=&#8220;Apartament Antic Plankton&#8220; font_container=&#8220;tag:h1|text_align:center|color:%23ffffff&#8220; google_fonts=&#8220;font_family:Montserrat%3Aregular%2C700|font_style:400%20regular%3A400%3Anormal&#8220;][vc_empty_space][vc_row_inner][vc_column_inner width=&#8220;1\/2&#8243; css=&#8220;.vc_custom_1678710234426{background-color: rgba(255,255,255,0.1) !important;*background-color: rgb(255,255,255) !important;}&#8220;][vc_custom_heading text=&#8220;Calella de Palafrugell&#8220; font_container=&#8220;tag:h3|text_align:center|color:%23ffffff&#8220; google_fonts=&#8220;font_family:Montserrat%3Aregular%2C700|font_style:400%20regular%3A400%3Anormal&#8220; css=&#8220;.vc_custom_1678707388419{padding-top: 10px !important;}&#8220;][vc_column_text]<span style=\"color: #ffffff;\">Das Antic Plankton Apartment wurde 2016 renoviert. Es besteht aus 60 m\u00b2 Wohnfl\u00e4che mit Balkon und 11 m\u00b2 privatem und \u00fcberdachtem Parkplatz.<br \/>\nDie Wohnung ist perfekt zum Wohnen ausgestattet und verf\u00fcgt \u00fcber alle grundlegenden Annehmlichkeiten. Es besteht aus 2 kompletten Schlafzimmern (eines mit Doppelbett und eines mit 2 Einzelbetten) f\u00fcr 4 Personen, einer komplett ausgestatteten K\u00fcche mit Utensilien, Wohnzimmer, Badezimmer mit Dusche, Waschmaschine, B\u00fcgeleisen, W\u00e4schest\u00e4nder, exklusivem kostenlosem WLAN. WLAN mit Glasfaser, TV, Kinderbett, Hochstuhl&#8230;. Ideal f\u00fcr Familien mit Kindern.<\/span>[\/vc_column_text][vc_empty_space][vc_media_grid grid_id=&#8220;vc_gid:1712753712124-d8a5bcc3-8ab1-1&#8243; include=&#8220;1105,1550,1098&#8243;][vc_btn title=&#8220;MEHR LESEN&#8220; style=&#8220;3d&#8220; color=&#8220;white&#8220; size=&#8220;lg&#8220; align=&#8220;center&#8220; i_icon_fontawesome=&#8220;fas fa-book&#8220; css_animation=&#8220;bounceIn&#8220; add_icon=&#8220;true&#8220; link=&#8220;url:https%3A%2F%2Fplankton.joutm.cat%2Fde%2Fwohnung-antic-plankton%2F|title:Sobre%20l&#8217;apartament|target:_blank&#8220;][vc_empty_space][\/vc_column_inner][vc_column_inner width=&#8220;1\/2&#8243; css=&#8220;.vc_custom_1678709971736{background-color: rgba(255,255,255,0.2) !important;*background-color: rgb(255,255,255) !important;}&#8220;][vc_custom_heading text=&#8220;Sa Riera &#8211; Begur&#8220; font_container=&#8220;tag:h3|text_align:center|color:%23ffffff&#8220; google_fonts=&#8220;font_family:Montserrat%3Aregular%2C700|font_style:400%20regular%3A400%3Anormal&#8220; css=&#8220;.vc_custom_1678707427833{padding-top: 10px !important;}&#8220;][vc_column_text]<span style=\"color: #ffffff;\">Das Plankton Antic Apartment \u2013 \u200b\u200b\u200b\u200bSa Riera, Begur wurde 2023 renoviert. Es besteht aus 70 m\u00b2 Wohnfl\u00e4che mit einem gro\u00dfen Balkon und einem privaten und \u00fcberdachten Parkplatz.<br \/>\nDie Wohnung ist perfekt zum Wohnen ausgestattet und verf\u00fcgt \u00fcber alle grundlegenden Annehmlichkeiten. Es besteht aus 1 kompletten Schlafzimmer und einem Wohn-Schlafzimmer f\u00fcr 4 Personen, komplett ausgestatteter K\u00fcche mit Utensilien, Wohnzimmer, Badezimmer mit Dusche, Waschmaschine, B\u00fcgeleisen, W\u00e4schest\u00e4nder, exklusivem kostenlosem WLAN mit Glasfaser, TV, Kinderbett, Hochstuhl&#8230; . Ideal f\u00fcr Familien mit Kindern. Es hat auch eine Klimaanlage! <\/span>[\/vc_column_text][vc_empty_space][vc_media_grid grid_id=&#8220;vc_gid:1712753712126-f2360cfb-ea56-5&#8243; include=&#8220;1974,2009,2029&#8243;][vc_btn title=&#8220;MEHR LESEN&#8220; style=&#8220;3d&#8220; color=&#8220;white&#8220; size=&#8220;lg&#8220; align=&#8220;center&#8220; i_icon_fontawesome=&#8220;fas fa-book&#8220; css_animation=&#8220;bounceIn&#8220; add_icon=&#8220;true&#8220; link=&#8220;url:https%3A%2F%2Fplankton.joutm.cat%2Fde%2Fwohnung-antic-plankton-sa-riera%2F|title:Sobre%20l&#8217;apartament|target:_blank&#8220;][vc_empty_space][\/vc_column_inner][\/vc_row_inner][\/vc_column][\/vc_row][vc_row][vc_column][vc_row_inner][vc_column_inner][vc_custom_heading text=&#8220;Einige unserer Lieferanten&#8220; font_container=&#8220;tag:h2|text_align:center|color:%23a01f68&#8243; google_fonts=&#8220;font_family:Montserrat%3Aregular%2C700|font_style:400%20regular%3A400%3Anormal&#8220;][vc_empty_space][\/vc_column_inner][\/vc_row_inner][vc_row_inner][vc_column_inner width=&#8220;1\/5&#8243;][vc_single_image image=&#8220;1190&#8243; alignment=&#8220;center&#8220; onclick=&#8220;custom_link&#8220; img_link_target=&#8220;_blank&#8220; link=&#8220;https:\/\/www.tripadvisor.es\/VacationRentalReview-g1072491-d9999049-Apartament_Antic_Plankton_wifi_parking_tv_beach-Calella_de_Palafrugell_Palafrugell_Co.html&#8220;][\/vc_column_inner][vc_column_inner width=&#8220;1\/5&#8243;][vc_single_image image=&#8220;1214&#8243; alignment=&#8220;center&#8220; onclick=&#8220;custom_link&#8220; img_link_target=&#8220;_blank&#8220; link=&#8220;https:\/\/www.airbnb.com\/rooms\/11677624?s=67&amp;shared_item_type=1&amp;virality_entry_point=1&amp;sharer_id=62020759&#8243;][\/vc_column_inner][vc_column_inner width=&#8220;1\/5&#8243;][vc_single_image image=&#8220;1187&#8243; alignment=&#8220;center&#8220; onclick=&#8220;custom_link&#8220; img_link_target=&#8220;_blank&#8220; link=&#8220;https:\/\/www.booking.com\/hotel\/es\/apartaments-antic-plankton.ca.html&#8220;][\/vc_column_inner][vc_column_inner width=&#8220;1\/5&#8243;][vc_single_image image=&#8220;1216&#8243; alignment=&#8220;center&#8220; onclick=&#8220;custom_link&#8220; img_link_target=&#8220;_blank&#8220; link=&#8220;https:\/\/www.homeaway.es\/p6478023?bc=HDES&#8220;][\/vc_column_inner][vc_column_inner width=&#8220;1\/5&#8243;][vc_single_image image=&#8220;1188&#8243; alignment=&#8220;center&#8220; onclick=&#8220;custom_link&#8220; img_link_target=&#8220;_blank&#8220; link=&#8220;https:\/\/www.expedia.es\/Palafrugell-Hoteles-Apartament-Antic-Plankton.h16192499.Informacion-Hotel&#8220;][\/vc_column_inner][\/vc_row_inner][vc_row_inner][vc_column_inner][vc_empty_space height=&#8220;50px&#8220;][\/vc_column_inner][\/vc_row_inner][\/vc_column][\/vc_row]<\/p>\n<\/section>","protected":false},"excerpt":{"rendered":"<p>[vc_row full_width=&#8220;stretch_row_content&#8220; css=&#8220;.vc_custom_1581087283072{background-image: url(https:\/\/plankton.joutm.cat\/wp-content\/uploads\/1-grey.jpg?id=1063) !important;background-position: center !important;background-repeat: no-repeat !important;background-size: cover !important;}&#8220;][vc_column offset=&#8220;vc_hidden-md vc_hidden-sm vc_hidden-xs&#8220;][vc_custom_heading text=&#8220;Apartament Antic Plankton&#8220; font_container=&#8220;tag:h1|text_align:center|color:%23ffffff&#8220; google_fonts=&#8220;font_family:Montserrat%3Aregular%2C700|font_style:400%20regular%3A400%3Anormal&#8220;][vc_empty_space][vc_row_inner][vc_column_inner width=&#8220;1\/2&#8243; css=&#8220;.vc_custom_1678710234426{background-color: rgba(255,255,255,0.1) !important;*background-color: rgb(255,255,255) !important;}&#8220;][vc_custom_heading text=&#8220;Calella<span class=\"excerpt-hellip\"> [\u2026]<\/span><\/p>\n","protected":false},"author":1,"featured_media":0,"parent":0,"menu_order":0,"comment_status":"closed","ping_status":"closed","template":"","meta":{"footnotes":""},"yoast_head":"<!-- This site is optimized with the Yoast SEO plugin v21.7 - https:\/\/yoast.com\/wordpress\/plugins\/seo\/ -->\n<title>Apartament Antic Plankton, Calella Palafrugell, Costa Brava Girona<\/title>\n<meta name=\"description\" content=\"Apartament Antic Plankton - Touristenwohnung in Calella de Palafrugell im Herzen der Costa Brava Girona. Buchen Sie Ihren Urlaub unter 620868320\" \/>\n<meta name=\"robots\" content=\"index, follow, max-snippet:-1, max-image-preview:large, max-video-preview:-1\" \/>\n<link rel=\"canonical\" href=\"https:\/\/plankton.joutm.cat\/de\/\" \/>\n<meta property=\"og:locale\" content=\"de_DE\" \/>\n<meta property=\"og:type\" content=\"article\" \/>\n<meta property=\"og:title\" content=\"Apartament Antic Plankton, Calella Palafrugell, Costa Brava Girona\" \/>\n<meta property=\"og:description\" content=\"Apartament Antic Plankton - Touristenwohnung in Calella de Palafrugell im Herzen der Costa Brava Girona. Buchen Sie Ihren Urlaub unter 620868320\" \/>\n<meta property=\"og:url\" content=\"https:\/\/plankton.joutm.cat\/de\/\" \/>\n<meta property=\"og:site_name\" content=\"Apartament &amp; Villa Antic Plankton\" \/>\n<meta property=\"article:modified_time\" content=\"2024-04-10T12:57:35+00:00\" \/>\n<meta name=\"twitter:card\" content=\"summary_large_image\" \/>\n<meta name=\"twitter:label1\" content=\"Gesch\u00e4tzte Lesezeit\" \/>\n\t<meta name=\"twitter:data1\" content=\"12\u00a0Minuten\" \/>\n<script type=\"application\/ld+json\" class=\"yoast-schema-graph\">{\"@context\":\"https:\/\/schema.org\",\"@graph\":[{\"@type\":\"WebPage\",\"@id\":\"https:\/\/plankton.joutm.cat\/de\/\",\"url\":\"https:\/\/plankton.joutm.cat\/de\/\",\"name\":\"Apartament Antic Plankton, Calella Palafrugell, Costa Brava Girona\",\"isPartOf\":{\"@id\":\"https:\/\/plankton.joutm.cat\/#website\"},\"datePublished\":\"2020-02-25T15:02:04+00:00\",\"dateModified\":\"2024-04-10T12:57:35+00:00\",\"description\":\"Apartament Antic Plankton - Touristenwohnung in Calella de Palafrugell im Herzen der Costa Brava Girona. Buchen Sie Ihren Urlaub unter 620868320\",\"breadcrumb\":{\"@id\":\"https:\/\/plankton.joutm.cat\/de\/#breadcrumb\"},\"inLanguage\":\"de\",\"potentialAction\":[{\"@type\":\"ReadAction\",\"target\":[\"https:\/\/plankton.joutm.cat\/de\/\"]}]},{\"@type\":\"BreadcrumbList\",\"@id\":\"https:\/\/plankton.joutm.cat\/de\/#breadcrumb\",\"itemListElement\":[{\"@type\":\"ListItem\",\"position\":1,\"name\":\"Inici\",\"item\":\"https:\/\/plankton.joutm.cat\/de\/\"},{\"@type\":\"ListItem\",\"position\":2,\"name\":\"Hause\"}]},{\"@type\":\"WebSite\",\"@id\":\"https:\/\/plankton.joutm.cat\/#website\",\"url\":\"https:\/\/plankton.joutm.cat\/\",\"name\":\"Apartament &amp; Villa Antic Plankton\",\"description\":\"Apartament &amp; Villa Tur\u00edstic Antic Plankton - Costa Brava Girona\",\"potentialAction\":[{\"@type\":\"SearchAction\",\"target\":{\"@type\":\"EntryPoint\",\"urlTemplate\":\"https:\/\/plankton.joutm.cat\/?s={search_term_string}\"},\"query-input\":\"required name=search_term_string\"}],\"inLanguage\":\"de\"}]}<\/script>\n<!-- \/ Yoast SEO plugin. -->","yoast_head_json":{"title":"Apartament Antic Plankton, Calella Palafrugell, Costa Brava Girona","description":"Apartament Antic Plankton - Touristenwohnung in Calella de Palafrugell im Herzen der Costa Brava Girona. Buchen Sie Ihren Urlaub unter 620868320","robots":{"index":"index","follow":"follow","max-snippet":"max-snippet:-1","max-image-preview":"max-image-preview:large","max-video-preview":"max-video-preview:-1"},"canonical":"https:\/\/plankton.joutm.cat\/de\/","og_locale":"de_DE","og_type":"article","og_title":"Apartament Antic Plankton, Calella Palafrugell, Costa Brava Girona","og_description":"Apartament Antic Plankton - Touristenwohnung in Calella de Palafrugell im Herzen der Costa Brava Girona. Buchen Sie Ihren Urlaub unter 620868320","og_url":"https:\/\/plankton.joutm.cat\/de\/","og_site_name":"Apartament &amp; Villa Antic Plankton","article_modified_time":"2024-04-10T12:57:35+00:00","twitter_card":"summary_large_image","twitter_misc":{"Gesch\u00e4tzte Lesezeit":"12\u00a0Minuten"},"schema":{"@context":"https:\/\/schema.org","@graph":[{"@type":"WebPage","@id":"https:\/\/plankton.joutm.cat\/de\/","url":"https:\/\/plankton.joutm.cat\/de\/","name":"Apartament Antic Plankton, Calella Palafrugell, Costa Brava Girona","isPartOf":{"@id":"https:\/\/plankton.joutm.cat\/#website"},"datePublished":"2020-02-25T15:02:04+00:00","dateModified":"2024-04-10T12:57:35+00:00","description":"Apartament Antic Plankton - Touristenwohnung in Calella de Palafrugell im Herzen der Costa Brava Girona. Buchen Sie Ihren Urlaub unter 620868320","breadcrumb":{"@id":"https:\/\/plankton.joutm.cat\/de\/#breadcrumb"},"inLanguage":"de","potentialAction":[{"@type":"ReadAction","target":["https:\/\/plankton.joutm.cat\/de\/"]}]},{"@type":"BreadcrumbList","@id":"https:\/\/plankton.joutm.cat\/de\/#breadcrumb","itemListElement":[{"@type":"ListItem","position":1,"name":"Inici","item":"https:\/\/plankton.joutm.cat\/de\/"},{"@type":"ListItem","position":2,"name":"Hause"}]},{"@type":"WebSite","@id":"https:\/\/plankton.joutm.cat\/#website","url":"https:\/\/plankton.joutm.cat\/","name":"Apartament &amp; Villa Antic Plankton","description":"Apartament &amp; Villa Tur\u00edstic Antic Plankton - Costa Brava Girona","potentialAction":[{"@type":"SearchAction","target":{"@type":"EntryPoint","urlTemplate":"https:\/\/plankton.joutm.cat\/?s={search_term_string}"},"query-input":"required name=search_term_string"}],"inLanguage":"de"}]}},"_links":{"self":[{"href":"https:\/\/plankton.joutm.cat\/de\/wp-json\/wp\/v2\/pages\/1529"}],"collection":[{"href":"https:\/\/plankton.joutm.cat\/de\/wp-json\/wp\/v2\/pages"}],"about":[{"href":"https:\/\/plankton.joutm.cat\/de\/wp-json\/wp\/v2\/types\/page"}],"author":[{"embeddable":true,"href":"https:\/\/plankton.joutm.cat\/de\/wp-json\/wp\/v2\/users\/1"}],"replies":[{"embeddable":true,"href":"https:\/\/plankton.joutm.cat\/de\/wp-json\/wp\/v2\/comments?post=1529"}],"version-history":[{"count":21,"href":"https:\/\/plankton.joutm.cat\/de\/wp-json\/wp\/v2\/pages\/1529\/revisions"}],"predecessor-version":[{"id":2359,"href":"https:\/\/plankton.joutm.cat\/de\/wp-json\/wp\/v2\/pages\/1529\/revisions\/2359"}],"wp:attachment":[{"href":"https:\/\/plankton.joutm.cat\/de\/wp-json\/wp\/v2\/media?parent=1529"}],"curies":[{"name":"wp","href":"https:\/\/api.w.org\/{rel}","templated":true}]}}