{"id":1780,"date":"2021-03-26T14:16:51","date_gmt":"2021-03-26T12:16:51","guid":{"rendered":"https:\/\/plankton.joutm.cat\/sobre-lapartament\/"},"modified":"2023-03-21T14:23:07","modified_gmt":"2023-03-21T12:23:07","slug":"ueber-das-apartment-antic-plankton-calella-de-palafrugell","status":"publish","type":"page","link":"https:\/\/plankton.joutm.cat\/de\/ueber-das-apartment-antic-plankton-calella-de-palafrugell\/","title":{"rendered":"\u00dcber das Apartment Antic Plankton &#8211; Calella de Palafrugell"},"content":{"rendered":"<section class=\"wpb-content-wrapper\"><p>[vc_row css=&#8220;.vc_custom_1616761278486{padding-top: 30px !important;}&#8220;][vc_column width=&#8220;1\/2&#8243;][vc_column_text]<\/p>\n<h4>\u00dcBER DIE ANTIC PLANKTON-WOHNUNG:<\/h4>\n<p>[\/vc_column_text][\/vc_column][vc_column width=&#8220;1\/2&#8243;][\/vc_column][\/vc_row][vc_row css=&#8220;.vc_custom_1616761278486{padding-top: 30px !important;}&#8220;][vc_column width=&#8220;1\/2&#8243;][vc_column_text]Im Jahr 2004, wo sich die Wohnung heute befindet, befand sich das Plankton Hotel, das in den 1960er Jahren von der Familie Tarrat-Miquel er\u00f6ffnet wurde und eine Referenz f\u00fcr viele Familien war, die den Sommer an der Costa Brava verbringen wollten, als es noch nicht war ein Touristenort wie es jetzt ist. Das Antic Plankton Apartment ist die Fortsetzung des Plankton Hotels in der Altstadt von Calella de Palafrugell.<\/p>\n<p>Das Antic Plankton Apartment wurde 2016 renoviert. Es besteht aus 60 m2 Wohnraum mit Balkon und 11 m2 privatem und \u00fcberdachtem Parkplatz.<\/p>\n<p>Die Wohnung ist perfekt zum Wohnen ausgestattet und verf\u00fcgt \u00fcber alle grundlegenden Annehmlichkeiten. Es besteht aus 2 kompletten Zimmern f\u00fcr 4 Personen, einer voll ausgestatteten K\u00fcche mit Utensilien, einem Wohnzimmer, einem Badezimmer mit Dusche, einer Waschmaschine, einem B\u00fcgeleisen, einer W\u00e4scheleine, kostenlosem exklusivem WLAN mit Glasfaser, TV, Kinderbett, Hochstuhl\u2026. Ideal f\u00fcr Familien mit Kindern.[\/vc_column_text][\/vc_column][vc_column width=&#8220;1\/2&#8243;][vc_single_image image=&#8220;1550&#8243; img_size=&#8220;large&#8220; alignment=&#8220;center&#8220;][\/vc_column][\/vc_row][vc_row][vc_column][vc_zigzag color=&#8220;purple&#8220; el_border_width=&#8220;8&#8243; css=&#8220;.vc_custom_1616761196567{padding-top: 30px !important;padding-bottom: 50px !important;}&#8220;][\/vc_column][\/vc_row][vc_row][vc_column width=&#8220;1\/2&#8243;][\/vc_column][vc_column width=&#8220;1\/2&#8243;][vc_column_text]<\/p>\n<h4>LAGE \u00dcBER DIE STADT UND DAS GEBIET:<\/h4>\n<p>[\/vc_column_text][\/vc_column][\/vc_row][vc_row css=&#8220;.vc_custom_1616761576326{padding-top: 30px !important;}&#8220;][vc_column width=&#8220;1\/2&#8243;][vc_single_image image=&#8220;1755&#8243; img_size=&#8220;large&#8220; alignment=&#8220;center&#8220;][\/vc_column][vc_column width=&#8220;1\/2&#8243;][vc_column_text]Calella de Palafrugell ist ein magischer Ort an der Costa Brava, einem charmanten Fischerdorf. Das Antic Plankton Apartment befindet sich direkt in der Altstadt von Calella vor der Peterskirche.<\/p>\n<p>Die Tatsache, dass es mitten in der Altstadt von Calella liegt, macht es nah an allem, was Sie brauchen: Gesch\u00e4fte, Supermarkt, B\u00e4ckereien, Geldautomaten, Restaurants, Apotheke &#8230; und nat\u00fcrlich den ber\u00fchmtesten Strand in Calella, den Strand von Port Bo, wo jedes Jahr die ber\u00fchmten Havannaer von Calella de Palafrugell gefeiert werden. Von der Terrasse der Wohnung k\u00f6nnen Sie die Habaneras kostenlos anh\u00f6ren. Es dient sogar als Premium-Markt f\u00fcr Veranstaltungen, die auf dem Kirchplatz stattfinden, wie Hochzeiten, Konzerte, Besuche wichtiger Personen &#8230;<\/p>\n<p>Neben der Wohnung gibt es einen Spielplatz f\u00fcr die Kleinen sowie den Kirchplatz als Erholungsort f\u00fcr die ganze Familie.[\/vc_column_text][\/vc_column][\/vc_row][vc_row][vc_column][vc_zigzag color=&#8220;purple&#8220; el_border_width=&#8220;8&#8243; css=&#8220;.vc_custom_1616761215627{padding-top: 30px !important;padding-bottom: 50px !important;}&#8220;][\/vc_column][\/vc_row][vc_row][vc_column width=&#8220;1\/2&#8243;][vc_column_text]<\/p>\n<h4>\u00dcBER UNS:<\/h4>\n<p>[\/vc_column_text][\/vc_column][vc_column width=&#8220;1\/2&#8243;][\/vc_column][\/vc_row][vc_row css=&#8220;.vc_custom_1616761583976{padding-top: 30px !important;}&#8220;][vc_column width=&#8220;1\/2&#8243;][vc_column_text]Das Antic Plankton Apartment wird direkt von den Eigent\u00fcmern gef\u00fchrt, die dort bis 2014 lebten, als sie ihre Familie erweiterten.<\/p>\n<p>Sie haben einen Abschluss in Telekommunikationstechnik und Chemie und bieten Dienstleistungen in den Bereichen neue Technologien, Webdesign und Sound f\u00fcr Hochzeiten und Partys an.<\/p>\n<p>Ein Computer-Support-Service ist auch f\u00fcr G\u00e4ste verf\u00fcgbar, die w\u00e4hrend ihres Aufenthalts in unserem Apartment \u00fcbernachten.<\/p>\n<p>Die Eigent\u00fcmer wohnen nur wenige Minuten von der Wohnung entfernt, sodass sie ihren Kunden w\u00e4hrend ihres Aufenthalts rund um die Uhr Unterst\u00fctzung bieten k\u00f6nnen. Wenn Sie Probleme oder M\u00e4ngel haben, lassen Sie es sie wissen und sie werden Ihnen sofort mit allem helfen, was sie k\u00f6nnen.<\/p>\n<p>Sie kennen die Gegend sehr gut und k\u00f6nnen Sie \u00fcber Orte, Gebiete und Routen beraten, um einen sehr sch\u00f6nen Urlaub zu verbringen.<\/p>\n<p>Ihr Ziel ist die Kundenzufriedenheit w\u00e4hrend Ihres Aufenthalts und die Wiederholung![\/vc_column_text][\/vc_column][vc_column width=&#8220;1\/2&#8243;][vc_single_image image=&#8220;1741&#8243; img_size=&#8220;large&#8220; alignment=&#8220;center&#8220;][\/vc_column][\/vc_row][vc_row][vc_column][vc_zigzag color=&#8220;purple&#8220; el_border_width=&#8220;8&#8243; css=&#8220;.vc_custom_1616761224936{padding-top: 30px !important;padding-bottom: 50px !important;}&#8220;][\/vc_column][\/vc_row][vc_row][vc_column width=&#8220;1\/2&#8243;][\/vc_column][vc_column width=&#8220;1\/2&#8243;][vc_column_text]<\/p>\n<h4>MIETBEDINGUNGEN:<\/h4>\n<p>[\/vc_column_text][\/vc_column][\/vc_row][vc_row css=&#8220;.vc_custom_1616761591535{padding-top: 30px !important;}&#8220;][vc_column width=&#8220;1\/2&#8243;][vc_single_image image=&#8220;1108&#8243; img_size=&#8220;large&#8220; alignment=&#8220;center&#8220;][\/vc_column][vc_column width=&#8220;1\/2&#8243;][vc_column_text]Ver\u00f6ffentlichte Preise sind Preise pro Nacht. Zus\u00e4tzlich zur Gesamtzahl der N\u00e4chte m\u00fcssen Reinigung und Geb\u00fchren hinzugef\u00fcgt werden. Die Wohnung ist f\u00fcr 4 Personen und ein Kinderbett f\u00fcr kleine Kinder.<\/p>\n<p>Der Check-in erfolgt ab 16:00 Uhr. Sie k\u00f6nnen jedoch fr\u00fcher eintreten, sofern verf\u00fcgbar. Die Abfahrtszeit ist 10 Uhr, aber Sie k\u00f6nnen je nach Verf\u00fcgbarkeit fr\u00fcher oder sp\u00e4ter abreisen.<\/p>\n<p>Der Preis f\u00fcr die Reinigung beinhaltet Bettw\u00e4sche, Handt\u00fccher f\u00fcr alle, Reinigungsmittel sowie Hochstuhl und Babybett v\u00f6llig kostenlos. Die Kosten betragen 80 \u20ac.<\/p>\n<p>Um eine Reservierung zu best\u00e4tigen, wird eine Zahlung und Anzahlung verlangt. Sowie eine Kaution in H\u00f6he von 200 \u20ac als Kaution am Tag des Eintritts in die Wohnung, die am Tag der Abreise zur\u00fcckerstattet wird, wenn alles in Ordnung und in gutem Zustand ist, wie zum Zeitpunkt des Eintritts festgestellt.<\/p>\n<p>Zus\u00e4tzlich wird der Stromverbrauch von 6 \u20ac \/ Nacht berechnet. Sowie die Kurtaxe von 0,99 \u20ac pro Person und Nacht \u00fcber 16 Jahre.<\/p>\n<p>Die Wohnung ist unter der Nummer HUTG-022.416-44 registriert[\/vc_column_text][\/vc_column][\/vc_row][vc_row][vc_column][vc_empty_space][vc_btn title=&#8220;BUCHEN SIE IHREN AUFENTHALT&#8220; size=&#8220;lg&#8220; align=&#8220;center&#8220; i_icon_fontawesome=&#8220;fas fa-umbrella-beach&#8220; add_icon=&#8220;true&#8220; link=&#8220;url:https%3A%2F%2Fplankton.joutm.cat%2Fde%2Fbuchung%2F|title:Reserva|target:_blank&#8220;][vc_empty_space][\/vc_column][\/vc_row]<\/p>\n<\/section>","protected":false},"excerpt":{"rendered":"<p>[vc_row css=&#8220;.vc_custom_1616761278486{padding-top: 30px !important;}&#8220;][vc_column width=&#8220;1\/2&#8243;][vc_column_text] \u00dcBER DIE ANTIC PLANKTON-WOHNUNG: [\/vc_column_text][\/vc_column][vc_column width=&#8220;1\/2&#8243;][\/vc_column][\/vc_row][vc_row css=&#8220;.vc_custom_1616761278486{padding-top: 30px !important;}&#8220;][vc_column width=&#8220;1\/2&#8243;][vc_column_text]Im Jahr 2004, wo sich die Wohnung heute befindet, befand sich das<span class=\"excerpt-hellip\"> [\u2026]<\/span><\/p>\n","protected":false},"author":1,"featured_media":0,"parent":0,"menu_order":0,"comment_status":"closed","ping_status":"closed","template":"","meta":{"footnotes":""},"yoast_head":"<!-- This site is optimized with the Yoast SEO plugin v21.7 - https:\/\/yoast.com\/wordpress\/plugins\/seo\/ -->\n<title>\u00dcber das Apartment Antic Plankton - Calella de Palafrugell - Apartament &amp; Villa Antic Plankton<\/title>\n<meta name=\"robots\" content=\"index, follow, max-snippet:-1, max-image-preview:large, max-video-preview:-1\" \/>\n<link rel=\"canonical\" href=\"https:\/\/plankton.joutm.cat\/de\/ueber-das-apartment-antic-plankton-calella-de-palafrugell\/\" \/>\n<meta property=\"og:locale\" content=\"de_DE\" \/>\n<meta property=\"og:type\" content=\"article\" \/>\n<meta property=\"og:title\" content=\"\u00dcber das Apartment Antic Plankton - Calella de Palafrugell - Apartament &amp; Villa Antic Plankton\" \/>\n<meta property=\"og:description\" content=\"[vc_row css=&#8220;.vc_custom_1616761278486{padding-top: 30px !important;}&#8220;][vc_column width=&#8220;1\/2&#8243;][vc_column_text] \u00dcBER DIE ANTIC PLANKTON-WOHNUNG: [\/vc_column_text][\/vc_column][vc_column width=&#8220;1\/2&#8243;][\/vc_column][\/vc_row][vc_row css=&#8220;.vc_custom_1616761278486{padding-top: 30px !important;}&#8220;][vc_column width=&#8220;1\/2&#8243;][vc_column_text]Im Jahr 2004, wo sich die Wohnung heute befindet, befand sich das [\u2026]\" \/>\n<meta property=\"og:url\" content=\"https:\/\/plankton.joutm.cat\/de\/ueber-das-apartment-antic-plankton-calella-de-palafrugell\/\" \/>\n<meta property=\"og:site_name\" content=\"Apartament &amp; Villa Antic Plankton\" \/>\n<meta property=\"article:modified_time\" content=\"2023-03-21T12:23:07+00:00\" \/>\n<meta name=\"twitter:card\" content=\"summary_large_image\" \/>\n<meta name=\"twitter:label1\" content=\"Gesch\u00e4tzte Lesezeit\" \/>\n\t<meta name=\"twitter:data1\" content=\"4\u00a0Minuten\" \/>\n<script type=\"application\/ld+json\" class=\"yoast-schema-graph\">{\"@context\":\"https:\/\/schema.org\",\"@graph\":[{\"@type\":\"WebPage\",\"@id\":\"https:\/\/plankton.joutm.cat\/de\/ueber-das-apartment-antic-plankton-calella-de-palafrugell\/\",\"url\":\"https:\/\/plankton.joutm.cat\/de\/ueber-das-apartment-antic-plankton-calella-de-palafrugell\/\",\"name\":\"\u00dcber das Apartment Antic Plankton - Calella de Palafrugell - Apartament &amp; Villa Antic Plankton\",\"isPartOf\":{\"@id\":\"https:\/\/plankton.joutm.cat\/#website\"},\"datePublished\":\"2021-03-26T12:16:51+00:00\",\"dateModified\":\"2023-03-21T12:23:07+00:00\",\"breadcrumb\":{\"@id\":\"https:\/\/plankton.joutm.cat\/de\/ueber-das-apartment-antic-plankton-calella-de-palafrugell\/#breadcrumb\"},\"inLanguage\":\"de\",\"potentialAction\":[{\"@type\":\"ReadAction\",\"target\":[\"https:\/\/plankton.joutm.cat\/de\/ueber-das-apartment-antic-plankton-calella-de-palafrugell\/\"]}]},{\"@type\":\"BreadcrumbList\",\"@id\":\"https:\/\/plankton.joutm.cat\/de\/ueber-das-apartment-antic-plankton-calella-de-palafrugell\/#breadcrumb\",\"itemListElement\":[{\"@type\":\"ListItem\",\"position\":1,\"name\":\"Inici\",\"item\":\"https:\/\/plankton.joutm.cat\/de\/\"},{\"@type\":\"ListItem\",\"position\":2,\"name\":\"\u00dcber das Apartment Antic Plankton &#8211; Calella de Palafrugell\"}]},{\"@type\":\"WebSite\",\"@id\":\"https:\/\/plankton.joutm.cat\/#website\",\"url\":\"https:\/\/plankton.joutm.cat\/\",\"name\":\"Apartament &amp; Villa Antic Plankton\",\"description\":\"Apartament &amp; Villa Tur\u00edstic Antic Plankton - Costa Brava Girona\",\"potentialAction\":[{\"@type\":\"SearchAction\",\"target\":{\"@type\":\"EntryPoint\",\"urlTemplate\":\"https:\/\/plankton.joutm.cat\/?s={search_term_string}\"},\"query-input\":\"required name=search_term_string\"}],\"inLanguage\":\"de\"}]}<\/script>\n<!-- \/ Yoast SEO plugin. -->","yoast_head_json":{"title":"\u00dcber das Apartment Antic Plankton - Calella de Palafrugell - Apartament &amp; Villa Antic Plankton","robots":{"index":"index","follow":"follow","max-snippet":"max-snippet:-1","max-image-preview":"max-image-preview:large","max-video-preview":"max-video-preview:-1"},"canonical":"https:\/\/plankton.joutm.cat\/de\/ueber-das-apartment-antic-plankton-calella-de-palafrugell\/","og_locale":"de_DE","og_type":"article","og_title":"\u00dcber das Apartment Antic Plankton - Calella de Palafrugell - Apartament &amp; Villa Antic Plankton","og_description":"[vc_row css=&#8220;.vc_custom_1616761278486{padding-top: 30px !important;}&#8220;][vc_column width=&#8220;1\/2&#8243;][vc_column_text] \u00dcBER DIE ANTIC PLANKTON-WOHNUNG: [\/vc_column_text][\/vc_column][vc_column width=&#8220;1\/2&#8243;][\/vc_column][\/vc_row][vc_row css=&#8220;.vc_custom_1616761278486{padding-top: 30px !important;}&#8220;][vc_column width=&#8220;1\/2&#8243;][vc_column_text]Im Jahr 2004, wo sich die Wohnung heute befindet, befand sich das [\u2026]","og_url":"https:\/\/plankton.joutm.cat\/de\/ueber-das-apartment-antic-plankton-calella-de-palafrugell\/","og_site_name":"Apartament &amp; Villa Antic Plankton","article_modified_time":"2023-03-21T12:23:07+00:00","twitter_card":"summary_large_image","twitter_misc":{"Gesch\u00e4tzte Lesezeit":"4\u00a0Minuten"},"schema":{"@context":"https:\/\/schema.org","@graph":[{"@type":"WebPage","@id":"https:\/\/plankton.joutm.cat\/de\/ueber-das-apartment-antic-plankton-calella-de-palafrugell\/","url":"https:\/\/plankton.joutm.cat\/de\/ueber-das-apartment-antic-plankton-calella-de-palafrugell\/","name":"\u00dcber das Apartment Antic Plankton - Calella de Palafrugell - Apartament &amp; Villa Antic Plankton","isPartOf":{"@id":"https:\/\/plankton.joutm.cat\/#website"},"datePublished":"2021-03-26T12:16:51+00:00","dateModified":"2023-03-21T12:23:07+00:00","breadcrumb":{"@id":"https:\/\/plankton.joutm.cat\/de\/ueber-das-apartment-antic-plankton-calella-de-palafrugell\/#breadcrumb"},"inLanguage":"de","potentialAction":[{"@type":"ReadAction","target":["https:\/\/plankton.joutm.cat\/de\/ueber-das-apartment-antic-plankton-calella-de-palafrugell\/"]}]},{"@type":"BreadcrumbList","@id":"https:\/\/plankton.joutm.cat\/de\/ueber-das-apartment-antic-plankton-calella-de-palafrugell\/#breadcrumb","itemListElement":[{"@type":"ListItem","position":1,"name":"Inici","item":"https:\/\/plankton.joutm.cat\/de\/"},{"@type":"ListItem","position":2,"name":"\u00dcber das Apartment Antic Plankton &#8211; Calella de Palafrugell"}]},{"@type":"WebSite","@id":"https:\/\/plankton.joutm.cat\/#website","url":"https:\/\/plankton.joutm.cat\/","name":"Apartament &amp; Villa Antic Plankton","description":"Apartament &amp; Villa Tur\u00edstic Antic Plankton - Costa Brava Girona","potentialAction":[{"@type":"SearchAction","target":{"@type":"EntryPoint","urlTemplate":"https:\/\/plankton.joutm.cat\/?s={search_term_string}"},"query-input":"required name=search_term_string"}],"inLanguage":"de"}]}},"_links":{"self":[{"href":"https:\/\/plankton.joutm.cat\/de\/wp-json\/wp\/v2\/pages\/1780"}],"collection":[{"href":"https:\/\/plankton.joutm.cat\/de\/wp-json\/wp\/v2\/pages"}],"about":[{"href":"https:\/\/plankton.joutm.cat\/de\/wp-json\/wp\/v2\/types\/page"}],"author":[{"embeddable":true,"href":"https:\/\/plankton.joutm.cat\/de\/wp-json\/wp\/v2\/users\/1"}],"replies":[{"embeddable":true,"href":"https:\/\/plankton.joutm.cat\/de\/wp-json\/wp\/v2\/comments?post=1780"}],"version-history":[{"count":4,"href":"https:\/\/plankton.joutm.cat\/de\/wp-json\/wp\/v2\/pages\/1780\/revisions"}],"predecessor-version":[{"id":2222,"href":"https:\/\/plankton.joutm.cat\/de\/wp-json\/wp\/v2\/pages\/1780\/revisions\/2222"}],"wp:attachment":[{"href":"https:\/\/plankton.joutm.cat\/de\/wp-json\/wp\/v2\/media?parent=1780"}],"curies":[{"name":"wp","href":"https:\/\/api.w.org\/{rel}","templated":true}]}}