{"id":2051,"date":"2023-03-22T15:43:45","date_gmt":"2023-03-22T13:43:45","guid":{"rendered":"https:\/\/plankton.joutm.cat\/?page_id=2051"},"modified":"2023-03-22T15:43:45","modified_gmt":"2023-03-22T13:43:45","slug":"ueber-das-apartment-antic-plankton-sa-riera-begur","status":"publish","type":"page","link":"https:\/\/plankton.joutm.cat\/de\/ueber-das-apartment-antic-plankton-sa-riera-begur\/","title":{"rendered":"\u00dcber das Apartment Antic Plankton &#8211; Sa Riera, begur"},"content":{"rendered":"<section class=\"wpb-content-wrapper\"><p>[vc_row css=&#8220;.vc_custom_1616761278486{padding-top: 30px !important;}&#8220;][vc_column width=&#8220;1\/2&#8243;][vc_column_text]<\/p>\n<h4>\u00dcBER DAS APARTMENT ANTIC PLANKTON &#8211; SA RIERA, BEGUR:<\/h4>\n<p>[\/vc_column_text][\/vc_column][vc_column width=&#8220;1\/2&#8243;][\/vc_column][\/vc_row][vc_row css=&#8220;.vc_custom_1616761278486{padding-top: 30px !important;}&#8220;][vc_column width=&#8220;1\/2&#8243;][vc_column_text]Das Apartment Antic Plankton \u2013 \u200b\u200b\u200b\u200bSa Riera, Begur wurde 2023 renoviert. Es besteht aus 70 m2 Wohnraum mit einem gro\u00dfen Balkon und einem privaten und \u00fcberdachten Parkplatz.<br \/>\nDie Wohnung ist perfekt zum Wohnen ausgestattet und verf\u00fcgt \u00fcber alle grundlegenden Annehmlichkeiten. Es besteht aus 1 kompletten Schlafzimmer und einem Wohnzimmer-Schlafzimmer f\u00fcr 4 Personen, kompletter K\u00fcche, komplett ausgestattet mit Geschirr, Wohnzimmer, Badezimmer mit Dusche, Waschmaschine, B\u00fcgeleisen, W\u00e4schest\u00e4nder, exklusivem kostenlosem WLAN mit Glasfaser, TV, Kinderbett, Hochstuhl\u2026 . Ideal f\u00fcr Familien mit Kindern. Es hat auch eine Klimaanlage![\/vc_column_text][\/vc_column][vc_column width=&#8220;1\/2&#8243;][vc_single_image image=&#8220;1974&#8243; img_size=&#8220;large&#8220; alignment=&#8220;center&#8220;][\/vc_column][\/vc_row][vc_row][vc_column][vc_zigzag color=&#8220;purple&#8220; el_border_width=&#8220;8&#8243; css=&#8220;.vc_custom_1616761196567{padding-top: 30px !important;padding-bottom: 50px !important;}&#8220;][\/vc_column][\/vc_row][vc_row][vc_column width=&#8220;1\/2&#8243;][\/vc_column][vc_column width=&#8220;1\/2&#8243;][vc_column_text]<\/p>\n<div class=\"vc_row wpb_row vc_row-fluid\">\n<div class=\"wpb_column vc_column_container vc_col-sm-6\">\n<div class=\"vc_column-inner\">\n<div class=\"wpb_wrapper\">\n<div class=\"wpb_text_column wpb_content_element \">\n<div class=\"wpb_wrapper\">\n<h4>LAGE \u00dcBER DIE STADT UND DAS GEBIET:<\/h4>\n<\/div>\n<\/div>\n<\/div>\n<\/div>\n<\/div>\n<\/div>\n<p>[\/vc_column_text][\/vc_column][\/vc_row][vc_row css=&#8220;.vc_custom_1616761576326{padding-top: 30px !important;}&#8220;][vc_column width=&#8220;1\/2&#8243;][vc_single_image image=&#8220;1919&#8243; img_size=&#8220;large&#8220; alignment=&#8220;center&#8220;][\/vc_column][vc_column width=&#8220;1\/2&#8243;][vc_column_text]Der Strand von Sa Riera de Begur ist einer der exklusiven Orte an der Costa Brava.<br \/>\nEs ist die gr\u00f6\u00dfte Bucht in der Gemeinde Begur, ihr Name kommt von einem Bach, der sie in zwei H\u00e4lften teilt, sie bewahrt derzeit die alten Fischerh\u00e4user. Diese Bucht hat auch zwei benachbarte Buchten, n\u00e4mlich Port des Pi auf der rechten Seite und Cala del Rei auf der linken Seite.<\/p>\n<p>Das Plankton Antic Apartment liegt etwa 50 Meter vom Strand von Sa Riera entfernt, direkt neben dem Supermarkt, Restaurants und Gesch\u00e4ften.<\/p>\n<p>F\u00fcr Liebhaber von Wanderrouten beginnt in Sa Riera der Rundweg zum Strand von Rac\u00f3 i Pals.[\/vc_column_text][\/vc_column][\/vc_row][vc_row][vc_column][vc_zigzag color=&#8220;purple&#8220; el_border_width=&#8220;8&#8243; css=&#8220;.vc_custom_1616761215627{padding-top: 30px !important;padding-bottom: 50px !important;}&#8220;][\/vc_column][\/vc_row][vc_row][vc_column width=&#8220;1\/2&#8243;][vc_column_text]<\/p>\n<h4>\u00dcBER UNS:<\/h4>\n<p>[\/vc_column_text][\/vc_column][vc_column width=&#8220;1\/2&#8243;][\/vc_column][\/vc_row][vc_row css=&#8220;.vc_custom_1616761583976{padding-top: 30px !important;}&#8220;][vc_column width=&#8220;1\/2&#8243;][vc_column_text]Das Antic Plankton Apartment wird direkt von den Eigent\u00fcmern gef\u00fchrt,.<\/p>\n<p>Sie haben einen Abschluss in Telekommunikationstechnik und Chemie und bieten Dienstleistungen in den Bereichen neue Technologien, Webdesign und Sound f\u00fcr Hochzeiten und Partys an.<\/p>\n<p>Ein Computer-Support-Service ist auch f\u00fcr G\u00e4ste verf\u00fcgbar, die w\u00e4hrend ihres Aufenthalts in unserem Apartment \u00fcbernachten.<\/p>\n<p>Die Eigent\u00fcmer wohnen nur wenige Minuten von der Wohnung entfernt, sodass sie ihren Kunden w\u00e4hrend ihres Aufenthalts rund um die Uhr Unterst\u00fctzung bieten k\u00f6nnen. Wenn Sie Probleme oder M\u00e4ngel haben, lassen Sie es sie wissen und sie werden Ihnen sofort mit allem helfen, was sie k\u00f6nnen.<\/p>\n<p>Sie kennen die Gegend sehr gut und k\u00f6nnen Sie \u00fcber Orte, Gebiete und Routen beraten, um einen sehr sch\u00f6nen Urlaub zu verbringen.<\/p>\n<p>Ihr Ziel ist die Kundenzufriedenheit w\u00e4hrend Ihres Aufenthalts und die Wiederholung![\/vc_column_text][\/vc_column][vc_column width=&#8220;1\/2&#8243;][vc_single_image image=&#8220;1741&#8243; img_size=&#8220;large&#8220; alignment=&#8220;center&#8220;][\/vc_column][\/vc_row][vc_row][vc_column][vc_zigzag color=&#8220;purple&#8220; el_border_width=&#8220;8&#8243; css=&#8220;.vc_custom_1616761224936{padding-top: 30px !important;padding-bottom: 50px !important;}&#8220;][\/vc_column][\/vc_row][vc_row][vc_column width=&#8220;1\/2&#8243;][\/vc_column][vc_column width=&#8220;1\/2&#8243;][vc_column_text]<\/p>\n<div class=\"vc_row wpb_row vc_row-fluid\">\n<div class=\"wpb_column vc_column_container vc_col-sm-6\">\n<div class=\"vc_column-inner\">\n<div class=\"wpb_wrapper\">\n<div class=\"wpb_text_column wpb_content_element \">\n<div class=\"wpb_wrapper\">\n<h4>MIETBEDINGUNGEN:<\/h4>\n<\/div>\n<\/div>\n<\/div>\n<\/div>\n<\/div>\n<\/div>\n<p>[\/vc_column_text][\/vc_column][\/vc_row][vc_row css=&#8220;.vc_custom_1616761591535{padding-top: 30px !important;}&#8220;][vc_column width=&#8220;1\/2&#8243;][vc_single_image image=&#8220;2014&#8243; img_size=&#8220;large&#8220; alignment=&#8220;center&#8220;][\/vc_column][vc_column width=&#8220;1\/2&#8243;][vc_column_text]Ver\u00f6ffentlichte Preise sind Preise pro Nacht. Zus\u00e4tzlich zur Gesamtzahl der N\u00e4chte m\u00fcssen Reinigung und Geb\u00fchren hinzugef\u00fcgt werden. Die Wohnung ist f\u00fcr 4 Personen und ein Kinderbett f\u00fcr kleine Kinder.<\/p>\n<p>Der Check-in erfolgt ab 16:00 Uhr. Sie k\u00f6nnen jedoch fr\u00fcher eintreten, sofern verf\u00fcgbar. Die Abfahrtszeit ist 10 Uhr, aber Sie k\u00f6nnen je nach Verf\u00fcgbarkeit fr\u00fcher oder sp\u00e4ter abreisen.<\/p>\n<p>Der Preis f\u00fcr die Reinigung beinhaltet Bettw\u00e4sche, Handt\u00fccher f\u00fcr alle, Reinigungsmittel sowie Hochstuhl und Babybett v\u00f6llig kostenlos.<\/p>\n<p>Um eine Reservierung zu best\u00e4tigen, wird eine Zahlung und Anzahlung verlangt. Sowie eine Kaution in H\u00f6he von 200 \u20ac als Kaution am Tag des Eintritts in die Wohnung, die am Tag der Abreise zur\u00fcckerstattet wird, wenn alles in Ordnung und in gutem Zustand ist, wie zum Zeitpunkt des Eintritts festgestellt.<\/p>\n<p>Zus\u00e4tzlich wird der Stromverbrauch von 6 \u20ac \/ Nacht berechnet. Sowie die Kurtaxe von 0,99 \u20ac pro Person und Nacht \u00fcber 16 Jahre.<\/p>\n<p>Die Wohnung ist unter der Nummer <strong>HUTG-026078<\/strong> registriert<\/p>\n<p>[\/vc_column_text][\/vc_column][\/vc_row][vc_row][vc_column][vc_empty_space][vc_btn title=&#8220;BUCHEN SIE IHREN AUFENTHALT&#8220; size=&#8220;lg&#8220; align=&#8220;center&#8220; i_icon_fontawesome=&#8220;fas fa-umbrella-beach&#8220; add_icon=&#8220;true&#8220; link=&#8220;url:https%3A%2F%2Fplankton.joutm.cat%2Freserva-asr|title:Reserva|target:_blank&#8220;][vc_empty_space][\/vc_column][\/vc_row]<\/p>\n<\/section>","protected":false},"excerpt":{"rendered":"<p>[vc_row css=&#8220;.vc_custom_1616761278486{padding-top: 30px !important;}&#8220;][vc_column width=&#8220;1\/2&#8243;][vc_column_text] \u00dcBER DAS APARTMENT ANTIC PLANKTON &#8211; SA RIERA, BEGUR: [\/vc_column_text][\/vc_column][vc_column width=&#8220;1\/2&#8243;][\/vc_column][\/vc_row][vc_row css=&#8220;.vc_custom_1616761278486{padding-top: 30px !important;}&#8220;][vc_column width=&#8220;1\/2&#8243;][vc_column_text]Das Apartment Antic Plankton \u2013 \u200b\u200b\u200b\u200bSa Riera,<span class=\"excerpt-hellip\"> [\u2026]<\/span><\/p>\n","protected":false},"author":1,"featured_media":0,"parent":0,"menu_order":0,"comment_status":"closed","ping_status":"closed","template":"","meta":{"footnotes":""},"yoast_head":"<!-- This site is optimized with the Yoast SEO plugin v21.7 - https:\/\/yoast.com\/wordpress\/plugins\/seo\/ -->\n<title>\u00dcber das Apartment Antic Plankton - Sa Riera, begur - Apartament &amp; Villa Antic Plankton<\/title>\n<meta name=\"robots\" content=\"index, follow, max-snippet:-1, max-image-preview:large, max-video-preview:-1\" \/>\n<link rel=\"canonical\" href=\"https:\/\/plankton.joutm.cat\/de\/ueber-das-apartment-antic-plankton-sa-riera-begur\/\" \/>\n<meta property=\"og:locale\" content=\"de_DE\" \/>\n<meta property=\"og:type\" content=\"article\" \/>\n<meta property=\"og:title\" content=\"\u00dcber das Apartment Antic Plankton - Sa Riera, begur - Apartament &amp; Villa Antic Plankton\" \/>\n<meta property=\"og:description\" content=\"[vc_row css=&#8220;.vc_custom_1616761278486{padding-top: 30px !important;}&#8220;][vc_column width=&#8220;1\/2&#8243;][vc_column_text] \u00dcBER DAS APARTMENT ANTIC PLANKTON &#8211; SA RIERA, BEGUR: [\/vc_column_text][\/vc_column][vc_column width=&#8220;1\/2&#8243;][\/vc_column][\/vc_row][vc_row css=&#8220;.vc_custom_1616761278486{padding-top: 30px !important;}&#8220;][vc_column width=&#8220;1\/2&#8243;][vc_column_text]Das Apartment Antic Plankton \u2013 \u200b\u200b\u200b\u200bSa Riera, [\u2026]\" \/>\n<meta property=\"og:url\" content=\"https:\/\/plankton.joutm.cat\/de\/ueber-das-apartment-antic-plankton-sa-riera-begur\/\" \/>\n<meta property=\"og:site_name\" content=\"Apartament &amp; Villa Antic Plankton\" \/>\n<meta name=\"twitter:card\" content=\"summary_large_image\" \/>\n<meta name=\"twitter:label1\" content=\"Gesch\u00e4tzte Lesezeit\" \/>\n\t<meta name=\"twitter:data1\" content=\"4\u00a0Minuten\" \/>\n<script type=\"application\/ld+json\" class=\"yoast-schema-graph\">{\"@context\":\"https:\/\/schema.org\",\"@graph\":[{\"@type\":\"WebPage\",\"@id\":\"https:\/\/plankton.joutm.cat\/de\/ueber-das-apartment-antic-plankton-sa-riera-begur\/\",\"url\":\"https:\/\/plankton.joutm.cat\/de\/ueber-das-apartment-antic-plankton-sa-riera-begur\/\",\"name\":\"\u00dcber das Apartment Antic Plankton - Sa Riera, begur - Apartament &amp; Villa Antic Plankton\",\"isPartOf\":{\"@id\":\"https:\/\/plankton.joutm.cat\/#website\"},\"datePublished\":\"2023-03-22T13:43:45+00:00\",\"dateModified\":\"2023-03-22T13:43:45+00:00\",\"breadcrumb\":{\"@id\":\"https:\/\/plankton.joutm.cat\/de\/ueber-das-apartment-antic-plankton-sa-riera-begur\/#breadcrumb\"},\"inLanguage\":\"de\",\"potentialAction\":[{\"@type\":\"ReadAction\",\"target\":[\"https:\/\/plankton.joutm.cat\/de\/ueber-das-apartment-antic-plankton-sa-riera-begur\/\"]}]},{\"@type\":\"BreadcrumbList\",\"@id\":\"https:\/\/plankton.joutm.cat\/de\/ueber-das-apartment-antic-plankton-sa-riera-begur\/#breadcrumb\",\"itemListElement\":[{\"@type\":\"ListItem\",\"position\":1,\"name\":\"Inici\",\"item\":\"https:\/\/plankton.joutm.cat\/de\/\"},{\"@type\":\"ListItem\",\"position\":2,\"name\":\"\u00dcber das Apartment Antic Plankton &#8211; Sa Riera, begur\"}]},{\"@type\":\"WebSite\",\"@id\":\"https:\/\/plankton.joutm.cat\/#website\",\"url\":\"https:\/\/plankton.joutm.cat\/\",\"name\":\"Apartament &amp; Villa Antic Plankton\",\"description\":\"Apartament &amp; Villa Tur\u00edstic Antic Plankton - Costa Brava Girona\",\"potentialAction\":[{\"@type\":\"SearchAction\",\"target\":{\"@type\":\"EntryPoint\",\"urlTemplate\":\"https:\/\/plankton.joutm.cat\/?s={search_term_string}\"},\"query-input\":\"required name=search_term_string\"}],\"inLanguage\":\"de\"}]}<\/script>\n<!-- \/ Yoast SEO plugin. -->","yoast_head_json":{"title":"\u00dcber das Apartment Antic Plankton - Sa Riera, begur - Apartament &amp; Villa Antic Plankton","robots":{"index":"index","follow":"follow","max-snippet":"max-snippet:-1","max-image-preview":"max-image-preview:large","max-video-preview":"max-video-preview:-1"},"canonical":"https:\/\/plankton.joutm.cat\/de\/ueber-das-apartment-antic-plankton-sa-riera-begur\/","og_locale":"de_DE","og_type":"article","og_title":"\u00dcber das Apartment Antic Plankton - Sa Riera, begur - Apartament &amp; Villa Antic Plankton","og_description":"[vc_row css=&#8220;.vc_custom_1616761278486{padding-top: 30px !important;}&#8220;][vc_column width=&#8220;1\/2&#8243;][vc_column_text] \u00dcBER DAS APARTMENT ANTIC PLANKTON &#8211; SA RIERA, BEGUR: [\/vc_column_text][\/vc_column][vc_column width=&#8220;1\/2&#8243;][\/vc_column][\/vc_row][vc_row css=&#8220;.vc_custom_1616761278486{padding-top: 30px !important;}&#8220;][vc_column width=&#8220;1\/2&#8243;][vc_column_text]Das Apartment Antic Plankton \u2013 \u200b\u200b\u200b\u200bSa Riera, [\u2026]","og_url":"https:\/\/plankton.joutm.cat\/de\/ueber-das-apartment-antic-plankton-sa-riera-begur\/","og_site_name":"Apartament &amp; Villa Antic Plankton","twitter_card":"summary_large_image","twitter_misc":{"Gesch\u00e4tzte Lesezeit":"4\u00a0Minuten"},"schema":{"@context":"https:\/\/schema.org","@graph":[{"@type":"WebPage","@id":"https:\/\/plankton.joutm.cat\/de\/ueber-das-apartment-antic-plankton-sa-riera-begur\/","url":"https:\/\/plankton.joutm.cat\/de\/ueber-das-apartment-antic-plankton-sa-riera-begur\/","name":"\u00dcber das Apartment Antic Plankton - Sa Riera, begur - Apartament &amp; Villa Antic Plankton","isPartOf":{"@id":"https:\/\/plankton.joutm.cat\/#website"},"datePublished":"2023-03-22T13:43:45+00:00","dateModified":"2023-03-22T13:43:45+00:00","breadcrumb":{"@id":"https:\/\/plankton.joutm.cat\/de\/ueber-das-apartment-antic-plankton-sa-riera-begur\/#breadcrumb"},"inLanguage":"de","potentialAction":[{"@type":"ReadAction","target":["https:\/\/plankton.joutm.cat\/de\/ueber-das-apartment-antic-plankton-sa-riera-begur\/"]}]},{"@type":"BreadcrumbList","@id":"https:\/\/plankton.joutm.cat\/de\/ueber-das-apartment-antic-plankton-sa-riera-begur\/#breadcrumb","itemListElement":[{"@type":"ListItem","position":1,"name":"Inici","item":"https:\/\/plankton.joutm.cat\/de\/"},{"@type":"ListItem","position":2,"name":"\u00dcber das Apartment Antic Plankton &#8211; Sa Riera, begur"}]},{"@type":"WebSite","@id":"https:\/\/plankton.joutm.cat\/#website","url":"https:\/\/plankton.joutm.cat\/","name":"Apartament &amp; Villa Antic Plankton","description":"Apartament &amp; Villa Tur\u00edstic Antic Plankton - Costa Brava Girona","potentialAction":[{"@type":"SearchAction","target":{"@type":"EntryPoint","urlTemplate":"https:\/\/plankton.joutm.cat\/?s={search_term_string}"},"query-input":"required name=search_term_string"}],"inLanguage":"de"}]}},"_links":{"self":[{"href":"https:\/\/plankton.joutm.cat\/de\/wp-json\/wp\/v2\/pages\/2051"}],"collection":[{"href":"https:\/\/plankton.joutm.cat\/de\/wp-json\/wp\/v2\/pages"}],"about":[{"href":"https:\/\/plankton.joutm.cat\/de\/wp-json\/wp\/v2\/types\/page"}],"author":[{"embeddable":true,"href":"https:\/\/plankton.joutm.cat\/de\/wp-json\/wp\/v2\/users\/1"}],"replies":[{"embeddable":true,"href":"https:\/\/plankton.joutm.cat\/de\/wp-json\/wp\/v2\/comments?post=2051"}],"version-history":[{"count":2,"href":"https:\/\/plankton.joutm.cat\/de\/wp-json\/wp\/v2\/pages\/2051\/revisions"}],"predecessor-version":[{"id":2252,"href":"https:\/\/plankton.joutm.cat\/de\/wp-json\/wp\/v2\/pages\/2051\/revisions\/2252"}],"wp:attachment":[{"href":"https:\/\/plankton.joutm.cat\/de\/wp-json\/wp\/v2\/media?parent=2051"}],"curies":[{"name":"wp","href":"https:\/\/api.w.org\/{rel}","templated":true}]}}