{"id":1764,"date":"2021-03-26T14:16:51","date_gmt":"2021-03-26T12:16:51","guid":{"rendered":"https:\/\/plankton.joutm.cat\/sobre-lapartament\/"},"modified":"2023-03-21T14:23:55","modified_gmt":"2023-03-21T12:23:55","slug":"sobre-el-apartamento-antic-plankton-calella-de-palafrugell","status":"publish","type":"page","link":"https:\/\/plankton.joutm.cat\/es\/sobre-el-apartamento-antic-plankton-calella-de-palafrugell\/","title":{"rendered":"Sobre el Apartamento Antic Plankton &#8211; Calella de Palafrugell"},"content":{"rendered":"<section class=\"wpb-content-wrapper\"><p>[vc_row css=\u00bb.vc_custom_1616761278486{padding-top: 30px !important;}\u00bb][vc_column width=\u00bb1\/2&#8243;][vc_column_text]<\/p>\n<h4>SOBRE EL APARTAMENTO ANTIC PLANKTON:<\/h4>\n<p>[\/vc_column_text][\/vc_column][vc_column width=\u00bb1\/2&#8243;][\/vc_column][\/vc_row][vc_row css=\u00bb.vc_custom_1616761278486{padding-top: 30px !important;}\u00bb][vc_column width=\u00bb1\/2&#8243;][vc_column_text]En el a\u00f1o 2004, donde ahora est\u00e1 el apartamento, estaba el hotel Plankton, el cual fue inaugurado en los a\u00f1os 60 por la Familia Tarrat-Miquel, y fue un referente para muchas familias que quer\u00edan veranear en la Costa Brava, cuando todav\u00eda no era un lugar tur\u00edstico como lo es ahora. El apartamento Antic Plankton es la continuidad del hotel Plankton, en el centro del casco antiguo de Calella de Palafrugell.<\/p>\n<p>El Apartamento Antic Plankton fue renovado en 2016. Consta de 60m2 de vivienda con balc\u00f3n y 11m2 de plaza de parking privada y cubierta.<\/p>\n<p>El apartamento est\u00e1 perfectamente equipado para vivir y dispone de todas las comodidades b\u00e1sicas. Consta de 2 habitaciones completas para 4 personas, cocina completa totalmente equipada con utensilios, sal\u00f3n comedor, ba\u00f1o con ducha, lavadora, plancha, tendedero, wifi gratis exclusivo con fibra \u00f3ptica, televisi\u00f3n, cuna, trona &#8230;. ideal para familias con ni\u00f1os.[\/vc_column_text][\/vc_column][vc_column width=\u00bb1\/2&#8243;][vc_single_image image=\u00bb1550&#8243; img_size=\u00bblarge\u00bb alignment=\u00bbcenter\u00bb][\/vc_column][\/vc_row][vc_row][vc_column][vc_zigzag color=\u00bbpurple\u00bb el_border_width=\u00bb8&#8243; css=\u00bb.vc_custom_1616761196567{padding-top: 30px !important;padding-bottom: 50px !important;}\u00bb][\/vc_column][\/vc_row][vc_row][vc_column width=\u00bb1\/2&#8243;][\/vc_column][vc_column width=\u00bb1\/2&#8243;][vc_column_text]<\/p>\n<h4>SITUACI\u00d3N, SOBRE EL PUEBLO Y LA ZONA:<\/h4>\n<p>[\/vc_column_text][\/vc_column][\/vc_row][vc_row css=\u00bb.vc_custom_1616761576326{padding-top: 30px !important;}\u00bb][vc_column width=\u00bb1\/2&#8243;][vc_single_image image=\u00bb1755&#8243; img_size=\u00bblarge\u00bb alignment=\u00bbcenter\u00bb][\/vc_column][vc_column width=\u00bb1\/2&#8243;][vc_column_text]Calella de Palafrugell es un lugar m\u00e1gico en la Costa Brava, un encantador pueblo de pescadores. El Apartamento Antic Plankton est\u00e1 situado justo en el centro antiguo de Calella, en frente de la iglesia de Sant Pere.<\/p>\n<p>El hecho de que est\u00e9 en el medio de la ciudad antigua de Calella, hace que est\u00e9 cerca de todo lo necesario: tiendas, supermercado, panader\u00edas, cajeros, restaurantes, farmacia &#8230; y como no la playa m\u00e1s conocida de Calella, la playa del Port Bo, donde cada a\u00f1o se celebran las conocidas Habaneras de Calella de Palafrugell. Desde la terraza del apartamento podr\u00e1 escuchar las habaneras de forma gratuita. Incluso, sirve de lonja Premium para eventos que se produzcan en la plaza de la iglesia, tales como bodas, conciertos, visitas de gente importante &#8230;<\/p>\n<p>Al lado del apartamento hay un parque infantil para los m\u00e1s peque\u00f1os, as\u00ed como la plaza de la iglesia como lugar de recreo para toda la familia.[\/vc_column_text][\/vc_column][\/vc_row][vc_row][vc_column][vc_zigzag color=\u00bbpurple\u00bb el_border_width=\u00bb8&#8243; css=\u00bb.vc_custom_1616761215627{padding-top: 30px !important;padding-bottom: 50px !important;}\u00bb][\/vc_column][\/vc_row][vc_row][vc_column width=\u00bb1\/2&#8243;][vc_column_text]<\/p>\n<h4>SOBRE NOSOTROS:<\/h4>\n<p>[\/vc_column_text][\/vc_column][vc_column width=\u00bb1\/2&#8243;][\/vc_column][\/vc_row][vc_row css=\u00bb.vc_custom_1616761583976{padding-top: 30px !important;}\u00bb][vc_column width=\u00bb1\/2&#8243;][vc_column_text]El Apartamento Antic Plankton est\u00e1 gestionado directamente por los propietarios, que vivieron hasta 2014, momento en que ampliaron familia.<\/p>\n<p>Son licenciados en Ingenier\u00eda en Telecomunicaciones y Qu\u00edmica, y ofrecen servicios en nuevas tecnolog\u00edas, dise\u00f1o web y sonorizaci\u00f3n para bodas y fiestas.<\/p>\n<p>Tambi\u00e9n se ofrece servicio de soporte inform\u00e1tico para los clientes alojados en nuestro apartamento durante su estancia.<\/p>\n<p>Los propietarios viven a pocos minutos del apartamento, lo que les permite ofrecer soporte a los clientes las 24h durante su estancia. Para cualquier problema o carencia que tenga, haganlo saber y les ayudar\u00e1n enseguida con todo lo que puedan.<\/p>\n<p>Conocen muy bien la zona y pueden aconsejar sitios, zonas y rutas para pasar unas buenas vacaciones.<\/p>\n<p>Su objetivo es la satisfacci\u00f3n de los clientes durante su estancia y que repitan![\/vc_column_text][\/vc_column][vc_column width=\u00bb1\/2&#8243;][vc_single_image image=\u00bb1741&#8243; img_size=\u00bblarge\u00bb alignment=\u00bbcenter\u00bb][\/vc_column][\/vc_row][vc_row][vc_column][vc_zigzag color=\u00bbpurple\u00bb el_border_width=\u00bb8&#8243; css=\u00bb.vc_custom_1616761224936{padding-top: 30px !important;padding-bottom: 50px !important;}\u00bb][\/vc_column][\/vc_row][vc_row][vc_column width=\u00bb1\/2&#8243;][\/vc_column][vc_column width=\u00bb1\/2&#8243;][vc_column_text]<\/p>\n<h4>CONDICIONES DE ALQUILER:<\/h4>\n<p>[\/vc_column_text][\/vc_column][\/vc_row][vc_row css=\u00bb.vc_custom_1616761591535{padding-top: 30px !important;}\u00bb][vc_column width=\u00bb1\/2&#8243;][vc_single_image image=\u00bb1108&#8243; img_size=\u00bblarge\u00bb alignment=\u00bbcenter\u00bb][\/vc_column][vc_column width=\u00bb1\/2&#8243;][vc_column_text]Los precios publicados son precios por noche. Al total de noches habr\u00e1 que sumar la limpieza y las tasas. El apartamento es para 4 personas y una cuna para ni\u00f1os peque\u00f1os.<\/p>\n<p>La hora de entrada es a partir de las 16h, pero se puede entrar antes si hay disponibilidad. La hora de salida es a las 10h, pero se puede salir antes o despu\u00e9s seg\u00fan disponibilidad.<\/p>\n<p>El precio de la limpieza incluye juegos de camas, toallas para todos, material de limpieza, as\u00ed como la trona y cuna para beb\u00e9s totalmente gratuito. El coste son 80\u20ac.<\/p>\n<p>Para confirmar una reserva, se pide una paga y se\u00f1al. As\u00ed como una fianza de 200\u20ac como dep\u00f3sito de seguridad el d\u00eda de entrada en el apartamento, que se devuelve el d\u00eda de la salida si todo est\u00e1 correcto y en buenas condiciones, tal y como se encontr\u00f3 en el momento de la entrada.<\/p>\n<p>Aparte, se cobrar\u00e1 el consumo el\u00e9ctrico de 6\u20ac\/noche. As\u00ed como la tasa tur\u00edstica de 0,99\u20ac\/persona\/noche a mayores de 16 a\u00f1os.<\/p>\n<p>El apartamento est\u00e1 registrado con el n\u00famero HUTG-022416-44[\/vc_column_text][\/vc_column][\/vc_row][vc_row][vc_column][vc_empty_space][vc_btn title=\u00bbRESERVA TU ESTANCIA\u00bb size=\u00bblg\u00bb align=\u00bbcenter\u00bb i_icon_fontawesome=\u00bbfas fa-umbrella-beach\u00bb add_icon=\u00bbtrue\u00bb link=\u00bburl:https%3A%2F%2Fplankton.joutm.cat%2Fes%2Freserva%2F|title:Reserva|target:_blank\u00bb][vc_empty_space][\/vc_column][\/vc_row]<\/p>\n<\/section>","protected":false},"excerpt":{"rendered":"<p>[vc_row css=\u00bb.vc_custom_1616761278486{padding-top: 30px !important;}\u00bb][vc_column width=\u00bb1\/2&#8243;][vc_column_text] SOBRE EL APARTAMENTO ANTIC PLANKTON: [\/vc_column_text][\/vc_column][vc_column width=\u00bb1\/2&#8243;][\/vc_column][\/vc_row][vc_row css=\u00bb.vc_custom_1616761278486{padding-top: 30px !important;}\u00bb][vc_column width=\u00bb1\/2&#8243;][vc_column_text]En el a\u00f1o 2004, donde ahora est\u00e1 el apartamento, estaba el<span class=\"excerpt-hellip\"> [\u2026]<\/span><\/p>\n","protected":false},"author":1,"featured_media":0,"parent":0,"menu_order":0,"comment_status":"closed","ping_status":"closed","template":"","meta":{"footnotes":""},"yoast_head":"<!-- This site is optimized with the Yoast SEO plugin v21.7 - https:\/\/yoast.com\/wordpress\/plugins\/seo\/ -->\n<title>Sobre el Apartamento Antic Plankton - Calella de Palafrugell - Apartament &amp; Villa Antic Plankton<\/title>\n<meta name=\"robots\" content=\"index, follow, max-snippet:-1, max-image-preview:large, max-video-preview:-1\" \/>\n<link rel=\"canonical\" href=\"https:\/\/plankton.joutm.cat\/es\/sobre-el-apartamento-antic-plankton-calella-de-palafrugell\/\" \/>\n<meta property=\"og:locale\" content=\"es_ES\" \/>\n<meta property=\"og:type\" content=\"article\" \/>\n<meta property=\"og:title\" content=\"Sobre el Apartamento Antic Plankton - Calella de Palafrugell - Apartament &amp; Villa Antic Plankton\" \/>\n<meta property=\"og:description\" content=\"[vc_row css=\u00bb.vc_custom_1616761278486{padding-top: 30px !important;}\u00bb][vc_column width=\u00bb1\/2&#8243;][vc_column_text] SOBRE EL APARTAMENTO ANTIC PLANKTON: [\/vc_column_text][\/vc_column][vc_column width=\u00bb1\/2&#8243;][\/vc_column][\/vc_row][vc_row css=\u00bb.vc_custom_1616761278486{padding-top: 30px !important;}\u00bb][vc_column width=\u00bb1\/2&#8243;][vc_column_text]En el a\u00f1o 2004, donde ahora est\u00e1 el apartamento, estaba el [\u2026]\" \/>\n<meta property=\"og:url\" content=\"https:\/\/plankton.joutm.cat\/es\/sobre-el-apartamento-antic-plankton-calella-de-palafrugell\/\" \/>\n<meta property=\"og:site_name\" content=\"Apartament &amp; Villa Antic Plankton\" \/>\n<meta property=\"article:modified_time\" content=\"2023-03-21T12:23:55+00:00\" \/>\n<meta name=\"twitter:card\" content=\"summary_large_image\" \/>\n<meta name=\"twitter:label1\" content=\"Tiempo de lectura\" \/>\n\t<meta name=\"twitter:data1\" content=\"4 minutos\" \/>\n<script type=\"application\/ld+json\" class=\"yoast-schema-graph\">{\"@context\":\"https:\/\/schema.org\",\"@graph\":[{\"@type\":\"WebPage\",\"@id\":\"https:\/\/plankton.joutm.cat\/es\/sobre-el-apartamento-antic-plankton-calella-de-palafrugell\/\",\"url\":\"https:\/\/plankton.joutm.cat\/es\/sobre-el-apartamento-antic-plankton-calella-de-palafrugell\/\",\"name\":\"Sobre el Apartamento Antic Plankton - Calella de Palafrugell - Apartament &amp; Villa Antic Plankton\",\"isPartOf\":{\"@id\":\"https:\/\/plankton.joutm.cat\/#website\"},\"datePublished\":\"2021-03-26T12:16:51+00:00\",\"dateModified\":\"2023-03-21T12:23:55+00:00\",\"breadcrumb\":{\"@id\":\"https:\/\/plankton.joutm.cat\/es\/sobre-el-apartamento-antic-plankton-calella-de-palafrugell\/#breadcrumb\"},\"inLanguage\":\"es\",\"potentialAction\":[{\"@type\":\"ReadAction\",\"target\":[\"https:\/\/plankton.joutm.cat\/es\/sobre-el-apartamento-antic-plankton-calella-de-palafrugell\/\"]}]},{\"@type\":\"BreadcrumbList\",\"@id\":\"https:\/\/plankton.joutm.cat\/es\/sobre-el-apartamento-antic-plankton-calella-de-palafrugell\/#breadcrumb\",\"itemListElement\":[{\"@type\":\"ListItem\",\"position\":1,\"name\":\"Inici\",\"item\":\"https:\/\/plankton.joutm.cat\/es\/\"},{\"@type\":\"ListItem\",\"position\":2,\"name\":\"Sobre el Apartamento Antic Plankton &#8211; Calella de Palafrugell\"}]},{\"@type\":\"WebSite\",\"@id\":\"https:\/\/plankton.joutm.cat\/#website\",\"url\":\"https:\/\/plankton.joutm.cat\/\",\"name\":\"Apartament &amp; Villa Antic Plankton\",\"description\":\"Apartament &amp; Villa Tur\u00edstic Antic Plankton - Costa Brava Girona\",\"potentialAction\":[{\"@type\":\"SearchAction\",\"target\":{\"@type\":\"EntryPoint\",\"urlTemplate\":\"https:\/\/plankton.joutm.cat\/?s={search_term_string}\"},\"query-input\":\"required name=search_term_string\"}],\"inLanguage\":\"es\"}]}<\/script>\n<!-- \/ Yoast SEO plugin. -->","yoast_head_json":{"title":"Sobre el Apartamento Antic Plankton - Calella de Palafrugell - Apartament &amp; Villa Antic Plankton","robots":{"index":"index","follow":"follow","max-snippet":"max-snippet:-1","max-image-preview":"max-image-preview:large","max-video-preview":"max-video-preview:-1"},"canonical":"https:\/\/plankton.joutm.cat\/es\/sobre-el-apartamento-antic-plankton-calella-de-palafrugell\/","og_locale":"es_ES","og_type":"article","og_title":"Sobre el Apartamento Antic Plankton - Calella de Palafrugell - Apartament &amp; Villa Antic Plankton","og_description":"[vc_row css=\u00bb.vc_custom_1616761278486{padding-top: 30px !important;}\u00bb][vc_column width=\u00bb1\/2&#8243;][vc_column_text] SOBRE EL APARTAMENTO ANTIC PLANKTON: [\/vc_column_text][\/vc_column][vc_column width=\u00bb1\/2&#8243;][\/vc_column][\/vc_row][vc_row css=\u00bb.vc_custom_1616761278486{padding-top: 30px !important;}\u00bb][vc_column width=\u00bb1\/2&#8243;][vc_column_text]En el a\u00f1o 2004, donde ahora est\u00e1 el apartamento, estaba el [\u2026]","og_url":"https:\/\/plankton.joutm.cat\/es\/sobre-el-apartamento-antic-plankton-calella-de-palafrugell\/","og_site_name":"Apartament &amp; Villa Antic Plankton","article_modified_time":"2023-03-21T12:23:55+00:00","twitter_card":"summary_large_image","twitter_misc":{"Tiempo de lectura":"4 minutos"},"schema":{"@context":"https:\/\/schema.org","@graph":[{"@type":"WebPage","@id":"https:\/\/plankton.joutm.cat\/es\/sobre-el-apartamento-antic-plankton-calella-de-palafrugell\/","url":"https:\/\/plankton.joutm.cat\/es\/sobre-el-apartamento-antic-plankton-calella-de-palafrugell\/","name":"Sobre el Apartamento Antic Plankton - Calella de Palafrugell - Apartament &amp; Villa Antic Plankton","isPartOf":{"@id":"https:\/\/plankton.joutm.cat\/#website"},"datePublished":"2021-03-26T12:16:51+00:00","dateModified":"2023-03-21T12:23:55+00:00","breadcrumb":{"@id":"https:\/\/plankton.joutm.cat\/es\/sobre-el-apartamento-antic-plankton-calella-de-palafrugell\/#breadcrumb"},"inLanguage":"es","potentialAction":[{"@type":"ReadAction","target":["https:\/\/plankton.joutm.cat\/es\/sobre-el-apartamento-antic-plankton-calella-de-palafrugell\/"]}]},{"@type":"BreadcrumbList","@id":"https:\/\/plankton.joutm.cat\/es\/sobre-el-apartamento-antic-plankton-calella-de-palafrugell\/#breadcrumb","itemListElement":[{"@type":"ListItem","position":1,"name":"Inici","item":"https:\/\/plankton.joutm.cat\/es\/"},{"@type":"ListItem","position":2,"name":"Sobre el Apartamento Antic Plankton &#8211; Calella de Palafrugell"}]},{"@type":"WebSite","@id":"https:\/\/plankton.joutm.cat\/#website","url":"https:\/\/plankton.joutm.cat\/","name":"Apartament &amp; Villa Antic Plankton","description":"Apartament &amp; Villa Tur\u00edstic Antic Plankton - Costa Brava Girona","potentialAction":[{"@type":"SearchAction","target":{"@type":"EntryPoint","urlTemplate":"https:\/\/plankton.joutm.cat\/?s={search_term_string}"},"query-input":"required name=search_term_string"}],"inLanguage":"es"}]}},"_links":{"self":[{"href":"https:\/\/plankton.joutm.cat\/es\/wp-json\/wp\/v2\/pages\/1764"}],"collection":[{"href":"https:\/\/plankton.joutm.cat\/es\/wp-json\/wp\/v2\/pages"}],"about":[{"href":"https:\/\/plankton.joutm.cat\/es\/wp-json\/wp\/v2\/types\/page"}],"author":[{"embeddable":true,"href":"https:\/\/plankton.joutm.cat\/es\/wp-json\/wp\/v2\/users\/1"}],"replies":[{"embeddable":true,"href":"https:\/\/plankton.joutm.cat\/es\/wp-json\/wp\/v2\/comments?post=1764"}],"version-history":[{"count":4,"href":"https:\/\/plankton.joutm.cat\/es\/wp-json\/wp\/v2\/pages\/1764\/revisions"}],"predecessor-version":[{"id":2223,"href":"https:\/\/plankton.joutm.cat\/es\/wp-json\/wp\/v2\/pages\/1764\/revisions\/2223"}],"wp:attachment":[{"href":"https:\/\/plankton.joutm.cat\/es\/wp-json\/wp\/v2\/media?parent=1764"}],"curies":[{"name":"wp","href":"https:\/\/api.w.org\/{rel}","templated":true}]}}