{"id":2048,"date":"2023-03-22T15:51:04","date_gmt":"2023-03-22T13:51:04","guid":{"rendered":"https:\/\/plankton.joutm.cat\/?page_id=2048"},"modified":"2023-03-22T15:51:04","modified_gmt":"2023-03-22T13:51:04","slug":"sobre-el-apartamento-antic-plankton-sa-riera-begur","status":"publish","type":"page","link":"https:\/\/plankton.joutm.cat\/es\/sobre-el-apartamento-antic-plankton-sa-riera-begur\/","title":{"rendered":"Sobre el Apartamento Antic Plankton &#8211; Sa Riera, begur"},"content":{"rendered":"<section class=\"wpb-content-wrapper\"><p>[vc_row css=\u00bb.vc_custom_1616761278486{padding-top: 30px !important;}\u00bb][vc_column width=\u00bb1\/2&#8243;][vc_column_text]<\/p>\n<h4>SOBRE EL APARTAMENTO ANTIC PLANKTON &#8211; SA RIERA, BEGUR:<\/h4>\n<p>[\/vc_column_text][\/vc_column][vc_column width=\u00bb1\/2&#8243;][\/vc_column][\/vc_row][vc_row css=\u00bb.vc_custom_1616761278486{padding-top: 30px !important;}\u00bb][vc_column width=\u00bb1\/2&#8243;][vc_column_text]L\u2019Apartament Antic Plankton \u2013 Sa Riera, Begur fou renovat el 2023. Consta de 70m2 d\u2019habitatge amb un gran balc\u00f3 i pla\u00e7a de p\u00e0rquing privada i coberta.<br \/>\nL\u2019apartament est\u00e0 perfectament equipat per viure i disposa de totes les comoditats b\u00e0siques. Consta d\u20191 habitaci\u00f3 complerta i un sal\u00f3-habitaci\u00f3 adaptats per a 4 persones, cuina complerta totalment equipada amb estris, sal\u00f3 menjador, bany amb dutxa, rentadora, planxa, estenedor, wifi gratis exclusiu amb fibra \u00f2ptica, TV, bressol, trona\u2026. ideal per a fam\u00edlies amb nens. Tamb\u00e9 consta d\u2019aire condicionat![\/vc_column_text][\/vc_column][vc_column width=\u00bb1\/2&#8243;][vc_single_image image=\u00bb1974&#8243; img_size=\u00bblarge\u00bb alignment=\u00bbcenter\u00bb][\/vc_column][\/vc_row][vc_row][vc_column][vc_zigzag color=\u00bbpurple\u00bb el_border_width=\u00bb8&#8243; css=\u00bb.vc_custom_1616761196567{padding-top: 30px !important;padding-bottom: 50px !important;}\u00bb][\/vc_column][\/vc_row][vc_row][vc_column width=\u00bb1\/2&#8243;][\/vc_column][vc_column width=\u00bb1\/2&#8243;][vc_column_text]<\/p>\n<h4>SITUACI\u00d3N, SOBRE EL PUEBLO Y LA ZONA:<\/h4>\n<p>[\/vc_column_text][\/vc_column][\/vc_row][vc_row css=\u00bb.vc_custom_1616761576326{padding-top: 30px !important;}\u00bb][vc_column width=\u00bb1\/2&#8243;][vc_single_image image=\u00bb1919&#8243; img_size=\u00bblarge\u00bb alignment=\u00bbcenter\u00bb][\/vc_column][vc_column width=\u00bb1\/2&#8243;][vc_column_text]La playa de Sa Riera de Begur es uno de los lugares exclusivos de la Costa Brava.<br \/>\nEs la mayor cala del municipio de Begur, su nombre proviene de un torrente que la divide en dos mitades, actualmente conserva las antiguas casas de pescadores. Esta cala adem\u00e1s, tiene dos calitas vecinas que est\u00e1n a su derecha Port des Pi ya su izquierda Cala del Rei.<\/p>\n<p>El Apartamento Antic Plankton est\u00e1 situado a unos 50 metros de la playa de Sa Riera, junto al supermercado, restaurantes y tiendas.<\/p>\n<p>Para los amantes de realizar rutas caminando, desde Sa Riera se inicia el camino de ronda hasta la playa del Rac\u00f3 y Pals.[\/vc_column_text][\/vc_column][\/vc_row][vc_row][vc_column][vc_zigzag color=\u00bbpurple\u00bb el_border_width=\u00bb8&#8243; css=\u00bb.vc_custom_1616761215627{padding-top: 30px !important;padding-bottom: 50px !important;}\u00bb][\/vc_column][\/vc_row][vc_row][vc_column width=\u00bb1\/2&#8243;][vc_column_text]<\/p>\n<h4>SOBRE NOSALTRES:<\/h4>\n<p>[\/vc_column_text][\/vc_column][vc_column width=\u00bb1\/2&#8243;][\/vc_column][\/vc_row][vc_row css=\u00bb.vc_custom_1616761583976{padding-top: 30px !important;}\u00bb][vc_column width=\u00bb1\/2&#8243;][vc_column_text]El Apartamento Antic Plankton est\u00e1 gestionado directamente por los propietarios.<\/p>\n<p>Son licenciados en Ingenier\u00eda en Telecomunicaciones y Qu\u00edmica, y ofrecen servicios en nuevas tecnolog\u00edas, dise\u00f1o web y sonorizaci\u00f3n para bodas y fiestas.<\/p>\n<p>Tambi\u00e9n se ofrece servicio de soporte inform\u00e1tico para los clientes alojados en nuestro apartamento durante su estancia.<\/p>\n<p>Los propietarios viven a pocos minutos del apartamento, lo que les permite ofrecer soporte a los clientes las 24h durante su estancia. Para cualquier problema o carencia que tenga, haganlo saber y les ayudar\u00e1n enseguida con todo lo que puedan.<\/p>\n<p>Conocen muy bien la zona y pueden aconsejar sitios, zonas y rutas para pasar unas buenas vacaciones.<\/p>\n<p>Su objetivo es la satisfacci\u00f3n de los clientes durante su estancia y que repitan![\/vc_column_text][\/vc_column][vc_column width=\u00bb1\/2&#8243;][vc_single_image image=\u00bb1741&#8243; img_size=\u00bblarge\u00bb alignment=\u00bbcenter\u00bb][\/vc_column][\/vc_row][vc_row][vc_column][vc_zigzag color=\u00bbpurple\u00bb el_border_width=\u00bb8&#8243; css=\u00bb.vc_custom_1616761224936{padding-top: 30px !important;padding-bottom: 50px !important;}\u00bb][\/vc_column][\/vc_row][vc_row][vc_column width=\u00bb1\/2&#8243;][\/vc_column][vc_column width=\u00bb1\/2&#8243;][vc_column_text]<\/p>\n<h4>CONDICIONES DE ALQUILER:<\/h4>\n<p>[\/vc_column_text][\/vc_column][\/vc_row][vc_row css=\u00bb.vc_custom_1616761591535{padding-top: 30px !important;}\u00bb][vc_column width=\u00bb1\/2&#8243;][vc_single_image image=\u00bb2014&#8243; img_size=\u00bblarge\u00bb alignment=\u00bbcenter\u00bb][\/vc_column][vc_column width=\u00bb1\/2&#8243;][vc_column_text]Los precios publicados son precios por noche. Al total de noches habr\u00e1 que sumar la limpieza y las tasas. El apartamento es para 4 personas y una cuna para ni\u00f1os peque\u00f1os.<\/p>\n<p>La hora de entrada es a partir de las 16h, pero se puede entrar antes si hay disponibilidad. La hora de salida es a las 10h, pero se puede salir antes o despu\u00e9s seg\u00fan disponibilidad.<\/p>\n<p>El precio de la limpieza incluye juegos de camas, toallas para todos, material de limpieza, as\u00ed como la trona y cuna para beb\u00e9s totalmente gratuito.<\/p>\n<p>Para confirmar una reserva, se pide una paga y se\u00f1al. As\u00ed como una fianza de 200\u20ac como dep\u00f3sito de seguridad el d\u00eda de entrada en el apartamento, que se devuelve el d\u00eda de la salida si todo est\u00e1 correcto y en buenas condiciones, tal y como se encontr\u00f3 en el momento de la entrada.<\/p>\n<p>Aparte, se cobrar\u00e1 el consumo el\u00e9ctrico de 6\u20ac\/noche. As\u00ed como la tasa tur\u00edstica de 0,99\u20ac\/persona\/noche a mayores de 16 a\u00f1os.<\/p>\n<p>El apartamento est\u00e1 registrado con el n\u00famero\u00a0<strong>HUTG-026078<\/strong>[\/vc_column_text][\/vc_column][\/vc_row][vc_row][vc_column][vc_empty_space][vc_btn title=\u00bbRESERVA TU ESTANCIA\u00bb size=\u00bblg\u00bb align=\u00bbcenter\u00bb i_icon_fontawesome=\u00bbfas fa-umbrella-beach\u00bb add_icon=\u00bbtrue\u00bb link=\u00bburl:https%3A%2F%2Fplankton.joutm.cat%2Freserva-asr|title:Reserva|target:_blank\u00bb][vc_empty_space][\/vc_column][\/vc_row]<\/p>\n<\/section>","protected":false},"excerpt":{"rendered":"<p>[vc_row css=\u00bb.vc_custom_1616761278486{padding-top: 30px !important;}\u00bb][vc_column width=\u00bb1\/2&#8243;][vc_column_text] SOBRE EL APARTAMENTO ANTIC PLANKTON &#8211; SA RIERA, BEGUR: [\/vc_column_text][\/vc_column][vc_column width=\u00bb1\/2&#8243;][\/vc_column][\/vc_row][vc_row css=\u00bb.vc_custom_1616761278486{padding-top: 30px !important;}\u00bb][vc_column width=\u00bb1\/2&#8243;][vc_column_text]L\u2019Apartament Antic Plankton \u2013 Sa Riera, Begur<span class=\"excerpt-hellip\"> [\u2026]<\/span><\/p>\n","protected":false},"author":1,"featured_media":0,"parent":0,"menu_order":0,"comment_status":"closed","ping_status":"closed","template":"","meta":{"footnotes":""},"yoast_head":"<!-- This site is optimized with the Yoast SEO plugin v21.7 - https:\/\/yoast.com\/wordpress\/plugins\/seo\/ -->\n<title>Sobre el Apartamento Antic Plankton - Sa Riera, begur - Apartament &amp; Villa Antic Plankton<\/title>\n<meta name=\"robots\" content=\"index, follow, max-snippet:-1, max-image-preview:large, max-video-preview:-1\" \/>\n<link rel=\"canonical\" href=\"https:\/\/plankton.joutm.cat\/es\/sobre-el-apartamento-antic-plankton-sa-riera-begur\/\" \/>\n<meta property=\"og:locale\" content=\"es_ES\" \/>\n<meta property=\"og:type\" content=\"article\" \/>\n<meta property=\"og:title\" content=\"Sobre el Apartamento Antic Plankton - Sa Riera, begur - Apartament &amp; Villa Antic Plankton\" \/>\n<meta property=\"og:description\" content=\"[vc_row css=\u00bb.vc_custom_1616761278486{padding-top: 30px !important;}\u00bb][vc_column width=\u00bb1\/2&#8243;][vc_column_text] SOBRE EL APARTAMENTO ANTIC PLANKTON &#8211; SA RIERA, BEGUR: [\/vc_column_text][\/vc_column][vc_column width=\u00bb1\/2&#8243;][\/vc_column][\/vc_row][vc_row css=\u00bb.vc_custom_1616761278486{padding-top: 30px !important;}\u00bb][vc_column width=\u00bb1\/2&#8243;][vc_column_text]L\u2019Apartament Antic Plankton \u2013 Sa Riera, Begur [\u2026]\" \/>\n<meta property=\"og:url\" content=\"https:\/\/plankton.joutm.cat\/es\/sobre-el-apartamento-antic-plankton-sa-riera-begur\/\" \/>\n<meta property=\"og:site_name\" content=\"Apartament &amp; Villa Antic Plankton\" \/>\n<meta name=\"twitter:card\" content=\"summary_large_image\" \/>\n<meta name=\"twitter:label1\" content=\"Tiempo de lectura\" \/>\n\t<meta name=\"twitter:data1\" content=\"4 minutos\" \/>\n<script type=\"application\/ld+json\" class=\"yoast-schema-graph\">{\"@context\":\"https:\/\/schema.org\",\"@graph\":[{\"@type\":\"WebPage\",\"@id\":\"https:\/\/plankton.joutm.cat\/es\/sobre-el-apartamento-antic-plankton-sa-riera-begur\/\",\"url\":\"https:\/\/plankton.joutm.cat\/es\/sobre-el-apartamento-antic-plankton-sa-riera-begur\/\",\"name\":\"Sobre el Apartamento Antic Plankton - Sa Riera, begur - Apartament &amp; Villa Antic Plankton\",\"isPartOf\":{\"@id\":\"https:\/\/plankton.joutm.cat\/#website\"},\"datePublished\":\"2023-03-22T13:51:04+00:00\",\"dateModified\":\"2023-03-22T13:51:04+00:00\",\"breadcrumb\":{\"@id\":\"https:\/\/plankton.joutm.cat\/es\/sobre-el-apartamento-antic-plankton-sa-riera-begur\/#breadcrumb\"},\"inLanguage\":\"es\",\"potentialAction\":[{\"@type\":\"ReadAction\",\"target\":[\"https:\/\/plankton.joutm.cat\/es\/sobre-el-apartamento-antic-plankton-sa-riera-begur\/\"]}]},{\"@type\":\"BreadcrumbList\",\"@id\":\"https:\/\/plankton.joutm.cat\/es\/sobre-el-apartamento-antic-plankton-sa-riera-begur\/#breadcrumb\",\"itemListElement\":[{\"@type\":\"ListItem\",\"position\":1,\"name\":\"Inici\",\"item\":\"https:\/\/plankton.joutm.cat\/es\/\"},{\"@type\":\"ListItem\",\"position\":2,\"name\":\"Sobre el Apartamento Antic Plankton &#8211; Sa Riera, begur\"}]},{\"@type\":\"WebSite\",\"@id\":\"https:\/\/plankton.joutm.cat\/#website\",\"url\":\"https:\/\/plankton.joutm.cat\/\",\"name\":\"Apartament &amp; Villa Antic Plankton\",\"description\":\"Apartament &amp; Villa Tur\u00edstic Antic Plankton - Costa Brava Girona\",\"potentialAction\":[{\"@type\":\"SearchAction\",\"target\":{\"@type\":\"EntryPoint\",\"urlTemplate\":\"https:\/\/plankton.joutm.cat\/?s={search_term_string}\"},\"query-input\":\"required name=search_term_string\"}],\"inLanguage\":\"es\"}]}<\/script>\n<!-- \/ Yoast SEO plugin. -->","yoast_head_json":{"title":"Sobre el Apartamento Antic Plankton - Sa Riera, begur - Apartament &amp; Villa Antic Plankton","robots":{"index":"index","follow":"follow","max-snippet":"max-snippet:-1","max-image-preview":"max-image-preview:large","max-video-preview":"max-video-preview:-1"},"canonical":"https:\/\/plankton.joutm.cat\/es\/sobre-el-apartamento-antic-plankton-sa-riera-begur\/","og_locale":"es_ES","og_type":"article","og_title":"Sobre el Apartamento Antic Plankton - Sa Riera, begur - Apartament &amp; Villa Antic Plankton","og_description":"[vc_row css=\u00bb.vc_custom_1616761278486{padding-top: 30px !important;}\u00bb][vc_column width=\u00bb1\/2&#8243;][vc_column_text] SOBRE EL APARTAMENTO ANTIC PLANKTON &#8211; SA RIERA, BEGUR: [\/vc_column_text][\/vc_column][vc_column width=\u00bb1\/2&#8243;][\/vc_column][\/vc_row][vc_row css=\u00bb.vc_custom_1616761278486{padding-top: 30px !important;}\u00bb][vc_column width=\u00bb1\/2&#8243;][vc_column_text]L\u2019Apartament Antic Plankton \u2013 Sa Riera, Begur [\u2026]","og_url":"https:\/\/plankton.joutm.cat\/es\/sobre-el-apartamento-antic-plankton-sa-riera-begur\/","og_site_name":"Apartament &amp; Villa Antic Plankton","twitter_card":"summary_large_image","twitter_misc":{"Tiempo de lectura":"4 minutos"},"schema":{"@context":"https:\/\/schema.org","@graph":[{"@type":"WebPage","@id":"https:\/\/plankton.joutm.cat\/es\/sobre-el-apartamento-antic-plankton-sa-riera-begur\/","url":"https:\/\/plankton.joutm.cat\/es\/sobre-el-apartamento-antic-plankton-sa-riera-begur\/","name":"Sobre el Apartamento Antic Plankton - Sa Riera, begur - Apartament &amp; Villa Antic Plankton","isPartOf":{"@id":"https:\/\/plankton.joutm.cat\/#website"},"datePublished":"2023-03-22T13:51:04+00:00","dateModified":"2023-03-22T13:51:04+00:00","breadcrumb":{"@id":"https:\/\/plankton.joutm.cat\/es\/sobre-el-apartamento-antic-plankton-sa-riera-begur\/#breadcrumb"},"inLanguage":"es","potentialAction":[{"@type":"ReadAction","target":["https:\/\/plankton.joutm.cat\/es\/sobre-el-apartamento-antic-plankton-sa-riera-begur\/"]}]},{"@type":"BreadcrumbList","@id":"https:\/\/plankton.joutm.cat\/es\/sobre-el-apartamento-antic-plankton-sa-riera-begur\/#breadcrumb","itemListElement":[{"@type":"ListItem","position":1,"name":"Inici","item":"https:\/\/plankton.joutm.cat\/es\/"},{"@type":"ListItem","position":2,"name":"Sobre el Apartamento Antic Plankton &#8211; Sa Riera, begur"}]},{"@type":"WebSite","@id":"https:\/\/plankton.joutm.cat\/#website","url":"https:\/\/plankton.joutm.cat\/","name":"Apartament &amp; Villa Antic Plankton","description":"Apartament &amp; Villa Tur\u00edstic Antic Plankton - Costa Brava Girona","potentialAction":[{"@type":"SearchAction","target":{"@type":"EntryPoint","urlTemplate":"https:\/\/plankton.joutm.cat\/?s={search_term_string}"},"query-input":"required name=search_term_string"}],"inLanguage":"es"}]}},"_links":{"self":[{"href":"https:\/\/plankton.joutm.cat\/es\/wp-json\/wp\/v2\/pages\/2048"}],"collection":[{"href":"https:\/\/plankton.joutm.cat\/es\/wp-json\/wp\/v2\/pages"}],"about":[{"href":"https:\/\/plankton.joutm.cat\/es\/wp-json\/wp\/v2\/types\/page"}],"author":[{"embeddable":true,"href":"https:\/\/plankton.joutm.cat\/es\/wp-json\/wp\/v2\/users\/1"}],"replies":[{"embeddable":true,"href":"https:\/\/plankton.joutm.cat\/es\/wp-json\/wp\/v2\/comments?post=2048"}],"version-history":[{"count":2,"href":"https:\/\/plankton.joutm.cat\/es\/wp-json\/wp\/v2\/pages\/2048\/revisions"}],"predecessor-version":[{"id":2254,"href":"https:\/\/plankton.joutm.cat\/es\/wp-json\/wp\/v2\/pages\/2048\/revisions\/2254"}],"wp:attachment":[{"href":"https:\/\/plankton.joutm.cat\/es\/wp-json\/wp\/v2\/media?parent=2048"}],"curies":[{"name":"wp","href":"https:\/\/api.w.org\/{rel}","templated":true}]}}