{"id":2163,"date":"2023-03-21T11:04:32","date_gmt":"2023-03-21T09:04:32","guid":{"rendered":"https:\/\/plankton.joutm.cat\/?page_id=2163"},"modified":"2024-04-08T16:17:07","modified_gmt":"2024-04-08T14:17:07","slug":"inici","status":"publish","type":"page","link":"https:\/\/plankton.joutm.cat\/es\/","title":{"rendered":"Inicio"},"content":{"rendered":"<section class=\"wpb-content-wrapper\"><p>[vc_row full_width=\u00bbstretch_row_content\u00bb css=\u00bb.vc_custom_1581087283072{background-image: url(https:\/\/plankton.joutm.cat\/wp-content\/uploads\/1-grey.jpg?id=1063) !important;background-position: center !important;background-repeat: no-repeat !important;background-size: cover !important;}\u00bb][vc_column offset=\u00bbvc_hidden-md vc_hidden-sm vc_hidden-xs\u00bb][vc_custom_heading text=\u00bbApartamento Antic Plankton\u00bb font_container=\u00bbtag:h1|text_align:center|color:%23ffffff\u00bb google_fonts=\u00bbfont_family:Montserrat%3Aregular%2C700|font_style:400%20regular%3A400%3Anormal\u00bb][vc_empty_space][vc_row_inner][vc_column_inner width=\u00bb1\/2&#8243; css=\u00bb.vc_custom_1678710234426{background-color: rgba(255,255,255,0.1) !important;*background-color: rgb(255,255,255) !important;}\u00bb][vc_custom_heading text=\u00bbCalella de Palafrugell\u00bb font_container=\u00bbtag:h3|text_align:center|color:%23ffffff\u00bb google_fonts=\u00bbfont_family:Montserrat%3Aregular%2C700|font_style:400%20regular%3A400%3Anormal\u00bb css=\u00bb.vc_custom_1678707388419{padding-top: 10px !important;}\u00bb][vc_column_text]<span style=\"color: #ffffff;\">El Apartamento Antic Plankton fue renovado en 2016. Consta de 60m2 de vivienda con balc\u00f3n y 11m2 de plaza de parking privada y cubierta.<br \/>\nEl apartamento est\u00e1 perfectamente equipado para vivir y dispone de todas las comodidades b\u00e1sicas. Consta de 2 habitaciones completas (una con cama de matrimonio y una con 2 camas individuales) para 4 personas, cocina completa totalmente equipada con utensilios, sal\u00f3n comedor, ba\u00f1o con ducha, lavadora, plancha, tendedero, wifi gratis exclusivo con fibra \u00f3ptica, TV, cuna, trona\u2026. ideal para familias con ni\u00f1os.<\/span>[\/vc_column_text][vc_empty_space][vc_media_grid grid_id=\u00bbvc_gid:1712585800289-68b4a18f-1138-4&#8243; include=\u00bb1105,1550,1098&#8243;][vc_btn title=\u00bbLEER M\u00c1S\u00bb style=\u00bb3d\u00bb color=\u00bbwhite\u00bb size=\u00bblg\u00bb align=\u00bbcenter\u00bb i_icon_fontawesome=\u00bbfas fa-book\u00bb css_animation=\u00bbbounceIn\u00bb add_icon=\u00bbtrue\u00bb link=\u00bburl:https%3A%2F%2Fplankton.joutm.cat%2Fes%2Fapartament-antic-plankton-calella-de-palafrugell%2F|title:Sobre%20l&#8217;apartament|target:_blank\u00bb][vc_empty_space][\/vc_column_inner][vc_column_inner width=\u00bb1\/2&#8243; css=\u00bb.vc_custom_1678709971736{background-color: rgba(255,255,255,0.2) !important;*background-color: rgb(255,255,255) !important;}\u00bb][vc_custom_heading text=\u00bbSa Riera &#8211; Begur\u00bb font_container=\u00bbtag:h3|text_align:center|color:%23ffffff\u00bb google_fonts=\u00bbfont_family:Montserrat%3Aregular%2C700|font_style:400%20regular%3A400%3Anormal\u00bb css=\u00bb.vc_custom_1678707427833{padding-top: 10px !important;}\u00bb][vc_column_text]<span style=\"color: #ffffff;\">El Apartamento Antic Plankton &#8211; Sa Riera, Begur fue renovado en 2023. Consta de 70m2 de vivienda con un gran balc\u00f3n y plaza de parking privada y cubierta.<br \/>\nEl apartamento est\u00e1 perfectamente equipado para vivir y dispone de todas las comodidades b\u00e1sicas. Consta de 1 habitaci\u00f3n completa y un sal\u00f3n-habitaci\u00f3n adaptados para 4 personas, cocina completa totalmente equipada con utensilios, sal\u00f3n comedor, ba\u00f1o con ducha, lavadora, plancha, tendedero, wifi gratis exclusivo con fibra \u00f3ptica, TV, cuna, trona\u2026 . ideal para familias con ni\u00f1os. \u00a1Tambi\u00e9n consta de aire acondicionado! <\/span>[\/vc_column_text][vc_empty_space][vc_media_grid grid_id=\u00bbvc_gid:1712585800293-2b3d0e7b-9c28-4&#8243; include=\u00bb1974,2009,2029&#8243;][vc_btn title=\u00bbLEER M\u00c1S\u00bb style=\u00bb3d\u00bb color=\u00bbwhite\u00bb size=\u00bblg\u00bb align=\u00bbcenter\u00bb i_icon_fontawesome=\u00bbfas fa-book\u00bb css_animation=\u00bbbounceIn\u00bb add_icon=\u00bbtrue\u00bb link=\u00bburl:https%3A%2F%2Fplankton.joutm.cat%2Fes%2Fapartamento-antic-plankton-sa-riera-begur%2F|title:Sobre%20l&#8217;apartament|target:_blank\u00bb][vc_empty_space][\/vc_column_inner][\/vc_row_inner][\/vc_column][\/vc_row][vc_row][vc_column][vc_row_inner][vc_column_inner][vc_custom_heading text=\u00bbAlgunos de nuestros proveedores\u00bb font_container=\u00bbtag:h2|text_align:center|color:%23a01f68&#8243; google_fonts=\u00bbfont_family:Montserrat%3Aregular%2C700|font_style:400%20regular%3A400%3Anormal\u00bb][vc_empty_space][\/vc_column_inner][\/vc_row_inner][vc_row_inner][vc_column_inner width=\u00bb1\/5&#8243;][vc_single_image image=\u00bb1190&#8243; alignment=\u00bbcenter\u00bb onclick=\u00bbcustom_link\u00bb img_link_target=\u00bb_blank\u00bb link=\u00bbhttps:\/\/www.tripadvisor.es\/VacationRentalReview-g1072491-d9999049-Apartament_Antic_Plankton_wifi_parking_tv_beach-Calella_de_Palafrugell_Palafrugell_Co.html\u00bb][\/vc_column_inner][vc_column_inner width=\u00bb1\/5&#8243;][vc_single_image image=\u00bb1214&#8243; alignment=\u00bbcenter\u00bb onclick=\u00bbcustom_link\u00bb img_link_target=\u00bb_blank\u00bb link=\u00bbhttps:\/\/www.airbnb.com\/rooms\/11677624?s=67&amp;shared_item_type=1&amp;virality_entry_point=1&amp;sharer_id=62020759&#8243;][\/vc_column_inner][vc_column_inner width=\u00bb1\/5&#8243;][vc_single_image image=\u00bb1187&#8243; alignment=\u00bbcenter\u00bb onclick=\u00bbcustom_link\u00bb img_link_target=\u00bb_blank\u00bb link=\u00bbhttps:\/\/www.booking.com\/hotel\/es\/apartaments-antic-plankton.ca.html\u00bb][\/vc_column_inner][vc_column_inner width=\u00bb1\/5&#8243;][vc_single_image image=\u00bb1216&#8243; alignment=\u00bbcenter\u00bb onclick=\u00bbcustom_link\u00bb img_link_target=\u00bb_blank\u00bb link=\u00bbhttps:\/\/www.homeaway.es\/p6478023?bc=HDES\u00bb][\/vc_column_inner][vc_column_inner width=\u00bb1\/5&#8243;][vc_single_image image=\u00bb1188&#8243; alignment=\u00bbcenter\u00bb onclick=\u00bbcustom_link\u00bb img_link_target=\u00bb_blank\u00bb link=\u00bbhttps:\/\/www.expedia.es\/Palafrugell-Hoteles-Apartament-Antic-Plankton.h16192499.Informacion-Hotel\u00bb][\/vc_column_inner][\/vc_row_inner][vc_row_inner][vc_column_inner][vc_empty_space height=\u00bb50px\u00bb][\/vc_column_inner][\/vc_row_inner][\/vc_column][\/vc_row]<\/p>\n<\/section>","protected":false},"excerpt":{"rendered":"<p>[vc_row full_width=\u00bbstretch_row_content\u00bb css=\u00bb.vc_custom_1581087283072{background-image: url(https:\/\/plankton.joutm.cat\/wp-content\/uploads\/1-grey.jpg?id=1063) !important;background-position: center !important;background-repeat: no-repeat !important;background-size: cover !important;}\u00bb][vc_column offset=\u00bbvc_hidden-md vc_hidden-sm vc_hidden-xs\u00bb][vc_custom_heading text=\u00bbApartamento Antic Plankton\u00bb font_container=\u00bbtag:h1|text_align:center|color:%23ffffff\u00bb google_fonts=\u00bbfont_family:Montserrat%3Aregular%2C700|font_style:400%20regular%3A400%3Anormal\u00bb][vc_empty_space][vc_row_inner][vc_column_inner width=\u00bb1\/2&#8243; css=\u00bb.vc_custom_1678710234426{background-color: rgba(255,255,255,0.1) !important;*background-color: rgb(255,255,255) !important;}\u00bb][vc_custom_heading text=\u00bbCalella<span class=\"excerpt-hellip\"> [\u2026]<\/span><\/p>\n","protected":false},"author":1,"featured_media":0,"parent":0,"menu_order":0,"comment_status":"closed","ping_status":"closed","template":"","meta":{"footnotes":""},"yoast_head":"<!-- This site is optimized with the Yoast SEO plugin v21.7 - https:\/\/yoast.com\/wordpress\/plugins\/seo\/ -->\n<title>Apartament Tur\u00edstic Antic Plankton, Calella Palafrugell, Costa Brava Girona<\/title>\n<meta name=\"description\" content=\"Apartament Antic Plankton - Apartament Tur\u00edstic a Calella de Palafrugell al cor de la Costa Brava Girona. Reserva les teves vacances al 620868320\" \/>\n<meta name=\"robots\" content=\"index, follow, max-snippet:-1, max-image-preview:large, max-video-preview:-1\" \/>\n<link rel=\"canonical\" href=\"https:\/\/plankton.joutm.cat\/es\/\" \/>\n<meta property=\"og:locale\" content=\"es_ES\" \/>\n<meta property=\"og:type\" content=\"article\" \/>\n<meta property=\"og:title\" content=\"Apartament Tur\u00edstic Antic Plankton, Calella Palafrugell, Costa Brava Girona\" \/>\n<meta property=\"og:description\" content=\"Apartament Antic Plankton - Apartament Tur\u00edstic a Calella de Palafrugell al cor de la Costa Brava Girona. Reserva les teves vacances al 620868320\" \/>\n<meta property=\"og:url\" content=\"https:\/\/plankton.joutm.cat\/es\/\" \/>\n<meta property=\"og:site_name\" content=\"Apartament &amp; Villa Antic Plankton\" \/>\n<meta property=\"article:modified_time\" content=\"2024-04-08T14:17:07+00:00\" \/>\n<meta name=\"twitter:card\" content=\"summary_large_image\" \/>\n<meta name=\"twitter:label1\" content=\"Tiempo de lectura\" \/>\n\t<meta name=\"twitter:data1\" content=\"2 minutos\" \/>\n<script type=\"application\/ld+json\" class=\"yoast-schema-graph\">{\"@context\":\"https:\/\/schema.org\",\"@graph\":[{\"@type\":\"WebPage\",\"@id\":\"https:\/\/plankton.joutm.cat\/es\/\",\"url\":\"https:\/\/plankton.joutm.cat\/es\/\",\"name\":\"Apartament Tur\u00edstic Antic Plankton, Calella Palafrugell, Costa Brava Girona\",\"isPartOf\":{\"@id\":\"https:\/\/plankton.joutm.cat\/#website\"},\"datePublished\":\"2023-03-21T09:04:32+00:00\",\"dateModified\":\"2024-04-08T14:17:07+00:00\",\"description\":\"Apartament Antic Plankton - Apartament Tur\u00edstic a Calella de Palafrugell al cor de la Costa Brava Girona. Reserva les teves vacances al 620868320\",\"breadcrumb\":{\"@id\":\"https:\/\/plankton.joutm.cat\/es\/#breadcrumb\"},\"inLanguage\":\"es\",\"potentialAction\":[{\"@type\":\"ReadAction\",\"target\":[\"https:\/\/plankton.joutm.cat\/es\/\"]}]},{\"@type\":\"BreadcrumbList\",\"@id\":\"https:\/\/plankton.joutm.cat\/es\/#breadcrumb\",\"itemListElement\":[{\"@type\":\"ListItem\",\"position\":1,\"name\":\"Inici\",\"item\":\"https:\/\/plankton.joutm.cat\/es\/\"},{\"@type\":\"ListItem\",\"position\":2,\"name\":\"Inicio\"}]},{\"@type\":\"WebSite\",\"@id\":\"https:\/\/plankton.joutm.cat\/#website\",\"url\":\"https:\/\/plankton.joutm.cat\/\",\"name\":\"Apartament &amp; Villa Antic Plankton\",\"description\":\"Apartament &amp; Villa Tur\u00edstic Antic Plankton - Costa Brava Girona\",\"potentialAction\":[{\"@type\":\"SearchAction\",\"target\":{\"@type\":\"EntryPoint\",\"urlTemplate\":\"https:\/\/plankton.joutm.cat\/?s={search_term_string}\"},\"query-input\":\"required name=search_term_string\"}],\"inLanguage\":\"es\"}]}<\/script>\n<!-- \/ Yoast SEO plugin. -->","yoast_head_json":{"title":"Apartament Tur\u00edstic Antic Plankton, Calella Palafrugell, Costa Brava Girona","description":"Apartament Antic Plankton - Apartament Tur\u00edstic a Calella de Palafrugell al cor de la Costa Brava Girona. Reserva les teves vacances al 620868320","robots":{"index":"index","follow":"follow","max-snippet":"max-snippet:-1","max-image-preview":"max-image-preview:large","max-video-preview":"max-video-preview:-1"},"canonical":"https:\/\/plankton.joutm.cat\/es\/","og_locale":"es_ES","og_type":"article","og_title":"Apartament Tur\u00edstic Antic Plankton, Calella Palafrugell, Costa Brava Girona","og_description":"Apartament Antic Plankton - Apartament Tur\u00edstic a Calella de Palafrugell al cor de la Costa Brava Girona. Reserva les teves vacances al 620868320","og_url":"https:\/\/plankton.joutm.cat\/es\/","og_site_name":"Apartament &amp; Villa Antic Plankton","article_modified_time":"2024-04-08T14:17:07+00:00","twitter_card":"summary_large_image","twitter_misc":{"Tiempo de lectura":"2 minutos"},"schema":{"@context":"https:\/\/schema.org","@graph":[{"@type":"WebPage","@id":"https:\/\/plankton.joutm.cat\/es\/","url":"https:\/\/plankton.joutm.cat\/es\/","name":"Apartament Tur\u00edstic Antic Plankton, Calella Palafrugell, Costa Brava Girona","isPartOf":{"@id":"https:\/\/plankton.joutm.cat\/#website"},"datePublished":"2023-03-21T09:04:32+00:00","dateModified":"2024-04-08T14:17:07+00:00","description":"Apartament Antic Plankton - Apartament Tur\u00edstic a Calella de Palafrugell al cor de la Costa Brava Girona. Reserva les teves vacances al 620868320","breadcrumb":{"@id":"https:\/\/plankton.joutm.cat\/es\/#breadcrumb"},"inLanguage":"es","potentialAction":[{"@type":"ReadAction","target":["https:\/\/plankton.joutm.cat\/es\/"]}]},{"@type":"BreadcrumbList","@id":"https:\/\/plankton.joutm.cat\/es\/#breadcrumb","itemListElement":[{"@type":"ListItem","position":1,"name":"Inici","item":"https:\/\/plankton.joutm.cat\/es\/"},{"@type":"ListItem","position":2,"name":"Inicio"}]},{"@type":"WebSite","@id":"https:\/\/plankton.joutm.cat\/#website","url":"https:\/\/plankton.joutm.cat\/","name":"Apartament &amp; Villa Antic Plankton","description":"Apartament &amp; Villa Tur\u00edstic Antic Plankton - Costa Brava Girona","potentialAction":[{"@type":"SearchAction","target":{"@type":"EntryPoint","urlTemplate":"https:\/\/plankton.joutm.cat\/?s={search_term_string}"},"query-input":"required name=search_term_string"}],"inLanguage":"es"}]}},"_links":{"self":[{"href":"https:\/\/plankton.joutm.cat\/es\/wp-json\/wp\/v2\/pages\/2163"}],"collection":[{"href":"https:\/\/plankton.joutm.cat\/es\/wp-json\/wp\/v2\/pages"}],"about":[{"href":"https:\/\/plankton.joutm.cat\/es\/wp-json\/wp\/v2\/types\/page"}],"author":[{"embeddable":true,"href":"https:\/\/plankton.joutm.cat\/es\/wp-json\/wp\/v2\/users\/1"}],"replies":[{"embeddable":true,"href":"https:\/\/plankton.joutm.cat\/es\/wp-json\/wp\/v2\/comments?post=2163"}],"version-history":[{"count":6,"href":"https:\/\/plankton.joutm.cat\/es\/wp-json\/wp\/v2\/pages\/2163\/revisions"}],"predecessor-version":[{"id":2347,"href":"https:\/\/plankton.joutm.cat\/es\/wp-json\/wp\/v2\/pages\/2163\/revisions\/2347"}],"wp:attachment":[{"href":"https:\/\/plankton.joutm.cat\/es\/wp-json\/wp\/v2\/media?parent=2163"}],"curies":[{"name":"wp","href":"https:\/\/api.w.org\/{rel}","templated":true}]}}