{"id":1518,"date":"2020-02-25T14:12:02","date_gmt":"2020-02-25T12:12:02","guid":{"rendered":"https:\/\/plankton.joutm.cat\/?page_id=1518"},"modified":"2024-04-10T14:54:04","modified_gmt":"2024-04-10T12:54:04","slug":"accueil","status":"publish","type":"page","link":"https:\/\/plankton.joutm.cat\/fr\/","title":{"rendered":"Accueil"},"content":{"rendered":"<section class=\"wpb-content-wrapper\"><p>[vc_row full_width=\u00a0\u00bbstretch_row_content\u00a0\u00bb css=\u00a0\u00bb.vc_custom_1581087283072{background-image: url(https:\/\/plankton.joutm.cat\/wp-content\/uploads\/1-grey.jpg?id=1063) !important;background-position: center !important;background-repeat: no-repeat !important;background-size: cover !important;}\u00a0\u00bb][vc_column offset=\u00a0\u00bbvc_hidden-md vc_hidden-sm vc_hidden-xs\u00a0\u00bb][vc_custom_heading text=\u00a0\u00bbApartament Antic Plankton\u00a0\u00bb font_container=\u00a0\u00bbtag:h1|text_align:center|color:%23ffffff\u00a0\u00bb google_fonts=\u00a0\u00bbfont_family:Montserrat%3Aregular%2C700|font_style:400%20regular%3A400%3Anormal\u00a0\u00bb][vc_empty_space][vc_row_inner][vc_column_inner width=\u00a0\u00bb1\/2&Prime; css=\u00a0\u00bb.vc_custom_1678710234426{background-color: rgba(255,255,255,0.1) !important;*background-color: rgb(255,255,255) !important;}\u00a0\u00bb][vc_custom_heading text=\u00a0\u00bbCalella de Palafrugell\u00a0\u00bb font_container=\u00a0\u00bbtag:h3|text_align:center|color:%23ffffff\u00a0\u00bb google_fonts=\u00a0\u00bbfont_family:Montserrat%3Aregular%2C700|font_style:400%20regular%3A400%3Anormal\u00a0\u00bb css=\u00a0\u00bb.vc_custom_1678707388419{padding-top: 10px !important;}\u00a0\u00bb][vc_column_text]<span style=\"color: #ffffff;\">L&rsquo;Appartement Antic Plankton a \u00e9t\u00e9 r\u00e9nov\u00e9 en 2016. Il se compose de 60m2 de logement avec balcon et 11m2 de parking priv\u00e9 et couvert.<br \/>\nL&rsquo;appartement est parfaitement \u00e9quip\u00e9 pour vivre et dispose de toutes les commodit\u00e9s de base. Il se compose de 2 chambres compl\u00e8tes (une avec un lit double et une avec 2 lits simples) pour 4 personnes, une cuisine compl\u00e8te enti\u00e8rement \u00e9quip\u00e9e avec ustensiles, salon, salle de bain avec douche, lave-linge, fer \u00e0 repasser, \u00e9tendoir, Wi-Fi gratuit exclusif. Fi avec fibre optique, TV, lit b\u00e9b\u00e9, chaise haute&#8230;. Id\u00e9al pour les familles avec enfants.<\/span>[\/vc_column_text][vc_empty_space][vc_media_grid grid_id=\u00a0\u00bbvc_gid:1712753468404-7fa73e7e-3aeb-3&Prime; include=\u00a0\u00bb1105,1550,1098&Prime;][vc_btn title=\u00a0\u00bbEN SAVOIR PLUS\u00a0\u00bb style=\u00a0\u00bb3d\u00a0\u00bb color=\u00a0\u00bbwhite\u00a0\u00bb size=\u00a0\u00bblg\u00a0\u00bb align=\u00a0\u00bbcenter\u00a0\u00bb i_icon_fontawesome=\u00a0\u00bbfas fa-book\u00a0\u00bb css_animation=\u00a0\u00bbbounceIn\u00a0\u00bb add_icon=\u00a0\u00bbtrue\u00a0\u00bb link=\u00a0\u00bburl:https%3A%2F%2Fplankton.joutm.cat%2Ffr%2Fappartement-antic-plankton%2F|title:Sobre%20l&rsquo;apartament|target:_blank\u00a0\u00bb][vc_empty_space][\/vc_column_inner][vc_column_inner width=\u00a0\u00bb1\/2&Prime; css=\u00a0\u00bb.vc_custom_1678709971736{background-color: rgba(255,255,255,0.2) !important;*background-color: rgb(255,255,255) !important;}\u00a0\u00bb][vc_custom_heading text=\u00a0\u00bbSa Riera &#8211; Begur\u00a0\u00bb font_container=\u00a0\u00bbtag:h3|text_align:center|color:%23ffffff\u00a0\u00bb google_fonts=\u00a0\u00bbfont_family:Montserrat%3Aregular%2C700|font_style:400%20regular%3A400%3Anormal\u00a0\u00bb css=\u00a0\u00bb.vc_custom_1678707427833{padding-top: 10px !important;}\u00a0\u00bb][vc_column_text]<span style=\"color: #ffffff;\">Le Plankton Antic Apartment \u2013 \u200b\u200b\u200b\u200bSa Riera, Begur a \u00e9t\u00e9 r\u00e9nov\u00e9 en 2023. Il se compose de 70m2 de logement avec un grand balcon et une place de parking priv\u00e9e et couverte.<br \/>\nL&rsquo;appartement est parfaitement \u00e9quip\u00e9 pour vivre et dispose de toutes les commodit\u00e9s de base. Il se compose de 1 chambre compl\u00e8te et d&rsquo;un salon-chambre adapt\u00e9 pour 4 personnes, cuisine compl\u00e8te enti\u00e8rement \u00e9quip\u00e9e avec ustensiles, salon, salle de bain avec douche, lave-linge, fer \u00e0 repasser, \u00e9tendoir, Wi-Fi gratuit exclusif avec fibre optique, TV, lit b\u00e9b\u00e9, chaise haute&#8230; . Id\u00e9al pour les familles avec enfants. Il dispose \u00e9galement de la climatisation !<\/span>[\/vc_column_text][vc_empty_space][vc_media_grid grid_id=\u00a0\u00bbvc_gid:1712753468407-ce0ba43f-4f87-4&Prime; include=\u00a0\u00bb1974,2009,2029&Prime;][vc_btn title=\u00a0\u00bbEN SAVOIR PLUS\u00a0\u00bb style=\u00a0\u00bb3d\u00a0\u00bb color=\u00a0\u00bbwhite\u00a0\u00bb size=\u00a0\u00bblg\u00a0\u00bb align=\u00a0\u00bbcenter\u00a0\u00bb i_icon_fontawesome=\u00a0\u00bbfas fa-book\u00a0\u00bb css_animation=\u00a0\u00bbbounceIn\u00a0\u00bb add_icon=\u00a0\u00bbtrue\u00a0\u00bb link=\u00a0\u00bburl:https%3A%2F%2Fplankton.joutm.cat%2Ffr%2Fappartement-antic-plankton-sa-riera%2F|title:Sobre%20l&rsquo;apartament|target:_blank\u00a0\u00bb][vc_empty_space][\/vc_column_inner][\/vc_row_inner][\/vc_column][\/vc_row][vc_row][vc_column][vc_row_inner][vc_column_inner][vc_custom_heading text=\u00a0\u00bbCertains de nos fournisseurs\u00a0\u00bb font_container=\u00a0\u00bbtag:h2|text_align:center|color:%23a01f68&Prime; google_fonts=\u00a0\u00bbfont_family:Montserrat%3Aregular%2C700|font_style:400%20regular%3A400%3Anormal\u00a0\u00bb][vc_empty_space][\/vc_column_inner][\/vc_row_inner][vc_row_inner][vc_column_inner width=\u00a0\u00bb1\/5&Prime;][vc_single_image image=\u00a0\u00bb1190&Prime; alignment=\u00a0\u00bbcenter\u00a0\u00bb onclick=\u00a0\u00bbcustom_link\u00a0\u00bb img_link_target=\u00a0\u00bb_blank\u00a0\u00bb link=\u00a0\u00bbhttps:\/\/www.tripadvisor.es\/VacationRentalReview-g1072491-d9999049-Apartament_Antic_Plankton_wifi_parking_tv_beach-Calella_de_Palafrugell_Palafrugell_Co.html\u00a0\u00bb][\/vc_column_inner][vc_column_inner width=\u00a0\u00bb1\/5&Prime;][vc_single_image image=\u00a0\u00bb1214&Prime; alignment=\u00a0\u00bbcenter\u00a0\u00bb onclick=\u00a0\u00bbcustom_link\u00a0\u00bb img_link_target=\u00a0\u00bb_blank\u00a0\u00bb link=\u00a0\u00bbhttps:\/\/www.airbnb.com\/rooms\/11677624?s=67&amp;shared_item_type=1&amp;virality_entry_point=1&amp;sharer_id=62020759&Prime;][\/vc_column_inner][vc_column_inner width=\u00a0\u00bb1\/5&Prime;][vc_single_image image=\u00a0\u00bb1187&Prime; alignment=\u00a0\u00bbcenter\u00a0\u00bb onclick=\u00a0\u00bbcustom_link\u00a0\u00bb img_link_target=\u00a0\u00bb_blank\u00a0\u00bb link=\u00a0\u00bbhttps:\/\/www.booking.com\/hotel\/es\/apartaments-antic-plankton.ca.html\u00a0\u00bb][\/vc_column_inner][vc_column_inner width=\u00a0\u00bb1\/5&Prime;][vc_single_image image=\u00a0\u00bb1216&Prime; alignment=\u00a0\u00bbcenter\u00a0\u00bb onclick=\u00a0\u00bbcustom_link\u00a0\u00bb img_link_target=\u00a0\u00bb_blank\u00a0\u00bb link=\u00a0\u00bbhttps:\/\/www.homeaway.es\/p6478023?bc=HDES\u00a0\u00bb][\/vc_column_inner][vc_column_inner width=\u00a0\u00bb1\/5&Prime;][vc_single_image image=\u00a0\u00bb1188&Prime; alignment=\u00a0\u00bbcenter\u00a0\u00bb onclick=\u00a0\u00bbcustom_link\u00a0\u00bb img_link_target=\u00a0\u00bb_blank\u00a0\u00bb link=\u00a0\u00bbhttps:\/\/www.expedia.es\/Palafrugell-Hoteles-Apartament-Antic-Plankton.h16192499.Informacion-Hotel\u00a0\u00bb][\/vc_column_inner][\/vc_row_inner][vc_row_inner][vc_column_inner][vc_empty_space height=\u00a0\u00bb50px\u00a0\u00bb][\/vc_column_inner][\/vc_row_inner][\/vc_column][\/vc_row]<\/p>\n<\/section>","protected":false},"excerpt":{"rendered":"<p>[vc_row full_width=\u00a0\u00bbstretch_row_content\u00a0\u00bb css=\u00a0\u00bb.vc_custom_1581087283072{background-image: url(https:\/\/plankton.joutm.cat\/wp-content\/uploads\/1-grey.jpg?id=1063) !important;background-position: center !important;background-repeat: no-repeat !important;background-size: cover !important;}\u00a0\u00bb][vc_column offset=\u00a0\u00bbvc_hidden-md vc_hidden-sm vc_hidden-xs\u00a0\u00bb][vc_custom_heading text=\u00a0\u00bbApartament Antic Plankton\u00a0\u00bb font_container=\u00a0\u00bbtag:h1|text_align:center|color:%23ffffff\u00a0\u00bb google_fonts=\u00a0\u00bbfont_family:Montserrat%3Aregular%2C700|font_style:400%20regular%3A400%3Anormal\u00a0\u00bb][vc_empty_space][vc_row_inner][vc_column_inner width=\u00a0\u00bb1\/2&Prime; css=\u00a0\u00bb.vc_custom_1678710234426{background-color: rgba(255,255,255,0.1) !important;*background-color: rgb(255,255,255) !important;}\u00a0\u00bb][vc_custom_heading text=\u00a0\u00bbCalella<span class=\"excerpt-hellip\"> [\u2026]<\/span><\/p>\n","protected":false},"author":1,"featured_media":0,"parent":0,"menu_order":0,"comment_status":"closed","ping_status":"closed","template":"","meta":{"footnotes":""},"yoast_head":"<!-- This site is optimized with the Yoast SEO plugin v21.7 - https:\/\/yoast.com\/wordpress\/plugins\/seo\/ -->\n<title>Apartament Antic Plankton, Calella Palafrugell, Costa Brava Girona<\/title>\n<meta name=\"description\" content=\"Apartament Antic Plankton - Appartement touristique \u00e0 Calella de Palafrugell, Girona, au coeur de la Costa Brava. R\u00e9servez vos vacances au 620868320\" \/>\n<meta name=\"robots\" content=\"index, follow, max-snippet:-1, max-image-preview:large, max-video-preview:-1\" \/>\n<link rel=\"canonical\" href=\"https:\/\/plankton.joutm.cat\/fr\/\" \/>\n<meta property=\"og:locale\" content=\"fr_FR\" \/>\n<meta property=\"og:type\" content=\"article\" \/>\n<meta property=\"og:title\" content=\"Apartament Antic Plankton, Calella Palafrugell, Costa Brava Girona\" \/>\n<meta property=\"og:description\" content=\"Apartament Antic Plankton - Appartement touristique \u00e0 Calella de Palafrugell, Girona, au coeur de la Costa Brava. R\u00e9servez vos vacances au 620868320\" \/>\n<meta property=\"og:url\" content=\"https:\/\/plankton.joutm.cat\/fr\/\" \/>\n<meta property=\"og:site_name\" content=\"Apartament &amp; Villa Antic Plankton\" \/>\n<meta property=\"article:modified_time\" content=\"2024-04-10T12:54:04+00:00\" \/>\n<meta name=\"twitter:card\" content=\"summary_large_image\" \/>\n<meta name=\"twitter:label1\" content=\"Dur\u00e9e de lecture estim\u00e9e\" \/>\n\t<meta name=\"twitter:data1\" content=\"2 minutes\" \/>\n<script type=\"application\/ld+json\" class=\"yoast-schema-graph\">{\"@context\":\"https:\/\/schema.org\",\"@graph\":[{\"@type\":\"WebPage\",\"@id\":\"https:\/\/plankton.joutm.cat\/fr\/\",\"url\":\"https:\/\/plankton.joutm.cat\/fr\/\",\"name\":\"Apartament Antic Plankton, Calella Palafrugell, Costa Brava Girona\",\"isPartOf\":{\"@id\":\"https:\/\/plankton.joutm.cat\/#website\"},\"datePublished\":\"2020-02-25T12:12:02+00:00\",\"dateModified\":\"2024-04-10T12:54:04+00:00\",\"description\":\"Apartament Antic Plankton - Appartement touristique \u00e0 Calella de Palafrugell, Girona, au coeur de la Costa Brava. R\u00e9servez vos vacances au 620868320\",\"breadcrumb\":{\"@id\":\"https:\/\/plankton.joutm.cat\/fr\/#breadcrumb\"},\"inLanguage\":\"fr-FR\",\"potentialAction\":[{\"@type\":\"ReadAction\",\"target\":[\"https:\/\/plankton.joutm.cat\/fr\/\"]}]},{\"@type\":\"BreadcrumbList\",\"@id\":\"https:\/\/plankton.joutm.cat\/fr\/#breadcrumb\",\"itemListElement\":[{\"@type\":\"ListItem\",\"position\":1,\"name\":\"Inici\",\"item\":\"https:\/\/plankton.joutm.cat\/fr\/\"},{\"@type\":\"ListItem\",\"position\":2,\"name\":\"Accueil\"}]},{\"@type\":\"WebSite\",\"@id\":\"https:\/\/plankton.joutm.cat\/#website\",\"url\":\"https:\/\/plankton.joutm.cat\/\",\"name\":\"Apartament &amp; Villa Antic Plankton\",\"description\":\"Apartament &amp; Villa Tur\u00edstic Antic Plankton - Costa Brava Girona\",\"potentialAction\":[{\"@type\":\"SearchAction\",\"target\":{\"@type\":\"EntryPoint\",\"urlTemplate\":\"https:\/\/plankton.joutm.cat\/?s={search_term_string}\"},\"query-input\":\"required name=search_term_string\"}],\"inLanguage\":\"fr-FR\"}]}<\/script>\n<!-- \/ Yoast SEO plugin. -->","yoast_head_json":{"title":"Apartament Antic Plankton, Calella Palafrugell, Costa Brava Girona","description":"Apartament Antic Plankton - Appartement touristique \u00e0 Calella de Palafrugell, Girona, au coeur de la Costa Brava. R\u00e9servez vos vacances au 620868320","robots":{"index":"index","follow":"follow","max-snippet":"max-snippet:-1","max-image-preview":"max-image-preview:large","max-video-preview":"max-video-preview:-1"},"canonical":"https:\/\/plankton.joutm.cat\/fr\/","og_locale":"fr_FR","og_type":"article","og_title":"Apartament Antic Plankton, Calella Palafrugell, Costa Brava Girona","og_description":"Apartament Antic Plankton - Appartement touristique \u00e0 Calella de Palafrugell, Girona, au coeur de la Costa Brava. R\u00e9servez vos vacances au 620868320","og_url":"https:\/\/plankton.joutm.cat\/fr\/","og_site_name":"Apartament &amp; Villa Antic Plankton","article_modified_time":"2024-04-10T12:54:04+00:00","twitter_card":"summary_large_image","twitter_misc":{"Dur\u00e9e de lecture estim\u00e9e":"2 minutes"},"schema":{"@context":"https:\/\/schema.org","@graph":[{"@type":"WebPage","@id":"https:\/\/plankton.joutm.cat\/fr\/","url":"https:\/\/plankton.joutm.cat\/fr\/","name":"Apartament Antic Plankton, Calella Palafrugell, Costa Brava Girona","isPartOf":{"@id":"https:\/\/plankton.joutm.cat\/#website"},"datePublished":"2020-02-25T12:12:02+00:00","dateModified":"2024-04-10T12:54:04+00:00","description":"Apartament Antic Plankton - Appartement touristique \u00e0 Calella de Palafrugell, Girona, au coeur de la Costa Brava. R\u00e9servez vos vacances au 620868320","breadcrumb":{"@id":"https:\/\/plankton.joutm.cat\/fr\/#breadcrumb"},"inLanguage":"fr-FR","potentialAction":[{"@type":"ReadAction","target":["https:\/\/plankton.joutm.cat\/fr\/"]}]},{"@type":"BreadcrumbList","@id":"https:\/\/plankton.joutm.cat\/fr\/#breadcrumb","itemListElement":[{"@type":"ListItem","position":1,"name":"Inici","item":"https:\/\/plankton.joutm.cat\/fr\/"},{"@type":"ListItem","position":2,"name":"Accueil"}]},{"@type":"WebSite","@id":"https:\/\/plankton.joutm.cat\/#website","url":"https:\/\/plankton.joutm.cat\/","name":"Apartament &amp; Villa Antic Plankton","description":"Apartament &amp; Villa Tur\u00edstic Antic Plankton - Costa Brava Girona","potentialAction":[{"@type":"SearchAction","target":{"@type":"EntryPoint","urlTemplate":"https:\/\/plankton.joutm.cat\/?s={search_term_string}"},"query-input":"required name=search_term_string"}],"inLanguage":"fr-FR"}]}},"_links":{"self":[{"href":"https:\/\/plankton.joutm.cat\/fr\/wp-json\/wp\/v2\/pages\/1518"}],"collection":[{"href":"https:\/\/plankton.joutm.cat\/fr\/wp-json\/wp\/v2\/pages"}],"about":[{"href":"https:\/\/plankton.joutm.cat\/fr\/wp-json\/wp\/v2\/types\/page"}],"author":[{"embeddable":true,"href":"https:\/\/plankton.joutm.cat\/fr\/wp-json\/wp\/v2\/users\/1"}],"replies":[{"embeddable":true,"href":"https:\/\/plankton.joutm.cat\/fr\/wp-json\/wp\/v2\/comments?post=1518"}],"version-history":[{"count":31,"href":"https:\/\/plankton.joutm.cat\/fr\/wp-json\/wp\/v2\/pages\/1518\/revisions"}],"predecessor-version":[{"id":2358,"href":"https:\/\/plankton.joutm.cat\/fr\/wp-json\/wp\/v2\/pages\/1518\/revisions\/2358"}],"wp:attachment":[{"href":"https:\/\/plankton.joutm.cat\/fr\/wp-json\/wp\/v2\/media?parent=1518"}],"curies":[{"name":"wp","href":"https:\/\/api.w.org\/{rel}","templated":true}]}}