{"id":1639,"date":"2019-05-29T12:04:06","date_gmt":"2019-05-29T10:04:06","guid":{"rendered":"https:\/\/plankton.joutm.cat\/contacte\/"},"modified":"2026-03-15T13:59:05","modified_gmt":"2026-03-15T11:59:05","slug":"contacte","status":"publish","type":"page","link":"https:\/\/plankton.joutm.cat\/fr\/contacte\/","title":{"rendered":"Contacte"},"content":{"rendered":"<section class=\"wpb-content-wrapper\"><p>[vc_row css=\u00a0\u00bb.vc_custom_1678711850514{padding-top: 50px !important;padding-bottom: 50px !important;}\u00a0\u00bb][vc_column][vc_column_text]<\/p>\n<h2 style=\"text-align: center;\"><span style=\"color: #000000;\">APPARTEMENTS ANTIC PLANKTON<\/span><\/h2>\n<p>[\/vc_column_text][\/vc_column][\/vc_row][vc_row full_width=\u00a0\u00bbstretch_row\u00a0\u00bb][vc_column width=\u00a0\u00bb1\/2&Prime; css=\u00a0\u00bb.vc_custom_1678712477691{margin-right: 10px !important;background-color: rgba(160,31,104,0.1) !important;*background-color: rgb(160,31,104) !important;}\u00a0\u00bb][vc_column_text]<\/p>\n<h3 style=\"text-align: center;\"><span style=\"color: #000000;\">Calella de Palafrugell<\/span><\/h3>\n<p>[\/vc_column_text][vc_empty_space][vc_single_image image=\u00a0\u00bb1116&Prime; img_size=\u00a0\u00bbfull\u00a0\u00bb alignment=\u00a0\u00bbcenter\u00a0\u00bb][vc_empty_space][vc_column_text]<\/p>\n<h4><span style=\"color: #000000;\">Adresse<\/span><\/h4>\n<p><span style=\"color: #000000;\"><div class=\"image_frame element_classes image_item no_link scale-with-grid alignnone no_border\" ><div class=\"image_wrapper\"><img decoding=\"async\" class=\"scale-with-grid\" src=\"\/wp-content\/uploads\/home_webdeveloper_pic5_negre.png\" alt=\"Contacte\" title=\"\"    \/><\/div><\/div>\n<\/span><\/p>\n<p><span style=\"color: #000000;\"><a style=\"color: #000000;\" href=\"https:\/\/goo.gl\/maps\/75wj5dEwNy6NaNcM8\">Carrer Codina 16<\/a><br \/>\n<\/span><span style=\"color: #000000;\"><a style=\"color: #000000;\" href=\"https:\/\/goo.gl\/maps\/75wj5dEwNy6NaNcM8\">17210, Calella de Palafrugell &#8211; Girona<\/a><\/span>[\/vc_column_text][vc_empty_space][vc_btn title=\u00a0\u00bbR\u00c9SERVE AAP\u00a0\u00bb color=\u00a0\u00bbpurple\u00a0\u00bb align=\u00a0\u00bbcenter\u00a0\u00bb button_block=\u00a0\u00bbtrue\u00a0\u00bb link=\u00a0\u00bburl:https%3A%2F%2Fplankton.joutm.cat%2Freserva-aap%2F|title:Reserva%20AAP|target:_blank\u00a0\u00bb][vc_empty_space][vc_column_text]<iframe loading=\"lazy\" style=\"border: 0;\" tabindex=\"0\" src=\"https:\/\/www.google.com\/maps\/embed?pb=!1m18!1m12!1m3!1d2216.0160056270765!2d3.184803357408058!3d41.889468079221274!2m3!1f0!2f0!3f0!3m2!1i1024!2i768!4f13.1!3m3!1m2!1s0x12ba535b73bf8657%3A0xb83d26c1da8e6ecd!2sApartament%20Antic%20Plankton!5e1!3m2!1sca!2ses!4v1612285253747!5m2!1sca!2ses\" width=\"100%\" height=\"600\" frameborder=\"0\" allowfullscreen=\"allowfullscreen\" aria-hidden=\"false\"><\/iframe>[\/vc_column_text][\/vc_column][vc_column width=\u00a0\u00bb1\/2&Prime; css=\u00a0\u00bb.vc_custom_1678712489184{margin-left: 10px !important;background-color: rgba(160,31,104,0.1) !important;*background-color: rgb(160,31,104) !important;}\u00a0\u00bb][vc_column_text]<\/p>\n<h3 style=\"text-align: center;\"><span style=\"color: #000000;\">Sa Riera &#8211; Begur<\/span><\/h3>\n<p>[\/vc_column_text][vc_empty_space][vc_single_image image=\u00a0\u00bb2123&Prime; img_size=\u00a0\u00bbfull\u00a0\u00bb alignment=\u00a0\u00bbcenter\u00a0\u00bb][vc_empty_space][vc_column_text]<\/p>\n<h4><span style=\"color: #000000;\">Adresse<\/span><\/h4>\n<p><span style=\"color: #000000;\"><div class=\"image_frame element_classes image_item no_link scale-with-grid alignnone no_border\" ><div class=\"image_wrapper\"><img decoding=\"async\" class=\"scale-with-grid\" src=\"\/wp-content\/uploads\/home_webdeveloper_pic5_negre.png\" alt=\"Contacte\" title=\"\"    \/><\/div><\/div>\n<\/span><\/p>\n<p><span style=\"color: #000000;\"><a style=\"color: #000000;\" href=\"https:\/\/goo.gl\/maps\/XpkDD6zJmLpRH3TBA\">Carrer Sa Riera 37, 3<\/a><\/span><span style=\"color: #000000;\"><a style=\"color: #000000;\" href=\"https:\/\/goo.gl\/maps\/XpkDD6zJmLpRH3TBA\"><br \/>\n17255, Begur &#8211; Girona<\/a><\/span>[\/vc_column_text][vc_empty_space][vc_btn title=\u00a0\u00bbR\u00c9SERVE ASR\u00a0\u00bb color=\u00a0\u00bbpurple\u00a0\u00bb align=\u00a0\u00bbcenter\u00a0\u00bb button_block=\u00a0\u00bbtrue\u00a0\u00bb link=\u00a0\u00bburl:https%3A%2F%2Fplankton.joutm.cat%2Freserva-asr%2F|title:Reserva%20AAP|target:_blank\u00a0\u00bb][vc_empty_space][vc_column_text]<iframe loading=\"lazy\" style=\"border: 0;\" src=\"https:\/\/www.google.com\/maps\/embed?pb=!1m14!1m8!1m3!1d11865.716635347851!2d3.2097343!3d41.9695948!3m2!1i1024!2i768!4f13.1!3m3!1m2!1s0x12ba51cebd6caac7%3A0xf033dd05d12bc5fa!2sApartament%20Antic%20Plankton%20-%20Sa%20Riera%2C%20Begur!5e0!3m2!1sen!2ses!4v1678008776385!5m2!1sen!2ses\" width=\"100%\" height=\"600\" allowfullscreen=\"allowfullscreen\"><\/iframe>[\/vc_column_text][\/vc_column][\/vc_row][vc_row][vc_column][vc_empty_space][vc_column_text]<\/p>\n<h3><span style=\"color: #000000;\">Contactez-nous sans engagement par mail, t\u00e9l\u00e9phone ou WhatsApp:<\/span><\/h3>\n<p>[\/vc_column_text][vc_empty_space][vc_row_inner][vc_column_inner width=\u00a0\u00bb1\/3&Prime;][vc_column_text]<\/p>\n<h4 style=\"text-align: left;\"><span style=\"color: #000000;\">T\u00e9l\u00e9phone\/Whatsapp<\/span><\/h4>\n<p style=\"text-align: left;\"><span style=\"color: #000000;\"><div class=\"image_frame element_classes image_item no_link scale-with-grid alignnone no_border\" ><div class=\"image_wrapper\"><img decoding=\"async\" class=\"scale-with-grid\" src=\"\/wp-content\/uploads\/home_webdeveloper_pic5_negre.png\" alt=\"Contacte\" title=\"\"    \/><\/div><\/div>\n<\/span><\/p>\n<p style=\"text-align: left;\"><span style=\"color: #000000;\">Jou: <a style=\"color: #000000;\" href=\"tel:0034620868320\">+34-620.868.320<\/a><br \/>\n<\/span><span style=\"color: #000000;\">S\u00edlvia: <a style=\"color: #000000;\" href=\"tel:0034676211356\">+34-676.211.356<\/a><\/span><\/p>\n<p>[\/vc_column_text][\/vc_column_inner][vc_column_inner width=\u00a0\u00bb1\/3&Prime;][vc_column_text]<\/p>\n<h4 style=\"text-align: left;\"><span style=\"color: #000000;\">E-Mail<\/span><\/h4>\n<p style=\"text-align: left;\"><span style=\"color: #000000;\"><div class=\"image_frame element_classes image_item no_link scale-with-grid alignnone no_border\" ><div class=\"image_wrapper\"><img decoding=\"async\" class=\"scale-with-grid\" src=\"\/wp-content\/uploads\/home_webdeveloper_pic5_negre.png\" alt=\"Contacte\" title=\"\"    \/><\/div><\/div>\n<\/span><\/p>\n<p style=\"text-align: left;\"><span style=\"color: #000000;\"><a style=\"color: #000000;\" href=\"mailto:plankton@joutm.cat\">plankton@joutm.cat<\/a><\/span><\/p>\n<p>[\/vc_column_text][\/vc_column_inner][vc_column_inner width=\u00a0\u00bb1\/3&Prime;][vc_column_text]<\/p>\n<h4><span style=\"color: #000000;\">Voulez-vous que nous vous soumettions un devis?<\/span><\/h4>\n<div class=\"image_frame element_classes image_item no_link scale-with-grid alignnone no_border\" ><div class=\"image_wrapper\"><img decoding=\"async\" class=\"scale-with-grid\" src=\"\/wp-content\/uploads\/home_webdeveloper_pic5_negre.png\" alt=\"Contacte\" title=\"\"    \/><\/div><\/div>\n\n<p>Dites-nous quels sont vos besoins et nous \u00e9tablirons un budget sur mesure pour votre s\u00e9jour de la mani\u00e8re qui vous convient le mieux[\/vc_column_text][\/vc_column_inner][\/vc_row_inner][\/vc_column][\/vc_row][vc_row][vc_column][vc_empty_space height=\u00a0\u00bb60px\u00a0\u00bb][\/vc_column][\/vc_row]<\/p>\n<\/section>","protected":false},"excerpt":{"rendered":"<p>[vc_row css=\u00a0\u00bb.vc_custom_1678711850514{padding-top: 50px !important;padding-bottom: 50px !important;}\u00a0\u00bb][vc_column][vc_column_text] APPARTEMENTS ANTIC PLANKTON [\/vc_column_text][\/vc_column][\/vc_row][vc_row full_width=\u00a0\u00bbstretch_row\u00a0\u00bb][vc_column width=\u00a0\u00bb1\/2&Prime; css=\u00a0\u00bb.vc_custom_1678712477691{margin-right: 10px !important;background-color: rgba(160,31,104,0.1) !important;*background-color: rgb(160,31,104) !important;}\u00a0\u00bb][vc_column_text] Calella de Palafrugell [\/vc_column_text][vc_empty_space][vc_single_image image=\u00a0\u00bb1116&Prime; img_size=\u00a0\u00bbfull\u00a0\u00bb alignment=\u00a0\u00bbcenter\u00a0\u00bb][vc_empty_space][vc_column_text]<span class=\"excerpt-hellip\"> [\u2026]<\/span><\/p>\n","protected":false},"author":1,"featured_media":0,"parent":0,"menu_order":0,"comment_status":"closed","ping_status":"closed","template":"","meta":{"footnotes":""},"yoast_head":"<!-- This site is optimized with the Yoast SEO plugin v21.7 - https:\/\/yoast.com\/wordpress\/plugins\/seo\/ -->\n<title>Contact Apartament Antic Plankton, Girona Costa Brava Calella Palafrugell<\/title>\n<meta name=\"description\" content=\"Contact Apartament Antic Plankton, Tel\u00e8fon 620868320, correu plankton@joutm.cat, Adre\u00e7a Codina 16, Calella de Palafrufell Girona Costa Brava\" \/>\n<meta name=\"robots\" content=\"index, follow, max-snippet:-1, max-image-preview:large, max-video-preview:-1\" \/>\n<link rel=\"canonical\" href=\"https:\/\/plankton.joutm.cat\/fr\/contacte\/\" \/>\n<meta property=\"og:locale\" content=\"fr_FR\" \/>\n<meta property=\"og:type\" content=\"article\" \/>\n<meta property=\"og:title\" content=\"Contact Apartament Antic Plankton, Girona Costa Brava Calella Palafrugell\" \/>\n<meta property=\"og:description\" content=\"Contact Apartament Antic Plankton, Tel\u00e8fon 620868320, correu plankton@joutm.cat, Adre\u00e7a Codina 16, Calella de Palafrufell Girona Costa Brava\" \/>\n<meta property=\"og:url\" content=\"https:\/\/plankton.joutm.cat\/fr\/contacte\/\" \/>\n<meta property=\"og:site_name\" content=\"Apartament &amp; Villa Antic Plankton\" \/>\n<meta property=\"article:modified_time\" content=\"2026-03-15T11:59:05+00:00\" \/>\n<meta name=\"twitter:card\" content=\"summary_large_image\" \/>\n<meta name=\"twitter:label1\" content=\"Dur\u00e9e de lecture estim\u00e9e\" \/>\n\t<meta name=\"twitter:data1\" content=\"1 minute\" \/>\n<script type=\"application\/ld+json\" class=\"yoast-schema-graph\">{\"@context\":\"https:\/\/schema.org\",\"@graph\":[{\"@type\":\"WebPage\",\"@id\":\"https:\/\/plankton.joutm.cat\/fr\/contacte\/\",\"url\":\"https:\/\/plankton.joutm.cat\/fr\/contacte\/\",\"name\":\"Contact Apartament Antic Plankton, Girona Costa Brava Calella Palafrugell\",\"isPartOf\":{\"@id\":\"https:\/\/plankton.joutm.cat\/#website\"},\"datePublished\":\"2019-05-29T10:04:06+00:00\",\"dateModified\":\"2026-03-15T11:59:05+00:00\",\"description\":\"Contact Apartament Antic Plankton, Tel\u00e8fon 620868320, correu plankton@joutm.cat, Adre\u00e7a Codina 16, Calella de Palafrufell Girona Costa Brava\",\"breadcrumb\":{\"@id\":\"https:\/\/plankton.joutm.cat\/fr\/contacte\/#breadcrumb\"},\"inLanguage\":\"fr-FR\",\"potentialAction\":[{\"@type\":\"ReadAction\",\"target\":[\"https:\/\/plankton.joutm.cat\/fr\/contacte\/\"]}]},{\"@type\":\"BreadcrumbList\",\"@id\":\"https:\/\/plankton.joutm.cat\/fr\/contacte\/#breadcrumb\",\"itemListElement\":[{\"@type\":\"ListItem\",\"position\":1,\"name\":\"Inici\",\"item\":\"https:\/\/plankton.joutm.cat\/fr\/\"},{\"@type\":\"ListItem\",\"position\":2,\"name\":\"Contacte\"}]},{\"@type\":\"WebSite\",\"@id\":\"https:\/\/plankton.joutm.cat\/#website\",\"url\":\"https:\/\/plankton.joutm.cat\/\",\"name\":\"Apartament &amp; Villa Antic Plankton\",\"description\":\"Apartament &amp; Villa Tur\u00edstic Antic Plankton - Costa Brava Girona\",\"potentialAction\":[{\"@type\":\"SearchAction\",\"target\":{\"@type\":\"EntryPoint\",\"urlTemplate\":\"https:\/\/plankton.joutm.cat\/?s={search_term_string}\"},\"query-input\":\"required name=search_term_string\"}],\"inLanguage\":\"fr-FR\"}]}<\/script>\n<!-- \/ Yoast SEO plugin. -->","yoast_head_json":{"title":"Contact Apartament Antic Plankton, Girona Costa Brava Calella Palafrugell","description":"Contact Apartament Antic Plankton, Tel\u00e8fon 620868320, correu plankton@joutm.cat, Adre\u00e7a Codina 16, Calella de Palafrufell Girona Costa Brava","robots":{"index":"index","follow":"follow","max-snippet":"max-snippet:-1","max-image-preview":"max-image-preview:large","max-video-preview":"max-video-preview:-1"},"canonical":"https:\/\/plankton.joutm.cat\/fr\/contacte\/","og_locale":"fr_FR","og_type":"article","og_title":"Contact Apartament Antic Plankton, Girona Costa Brava Calella Palafrugell","og_description":"Contact Apartament Antic Plankton, Tel\u00e8fon 620868320, correu plankton@joutm.cat, Adre\u00e7a Codina 16, Calella de Palafrufell Girona Costa Brava","og_url":"https:\/\/plankton.joutm.cat\/fr\/contacte\/","og_site_name":"Apartament &amp; Villa Antic Plankton","article_modified_time":"2026-03-15T11:59:05+00:00","twitter_card":"summary_large_image","twitter_misc":{"Dur\u00e9e de lecture estim\u00e9e":"1 minute"},"schema":{"@context":"https:\/\/schema.org","@graph":[{"@type":"WebPage","@id":"https:\/\/plankton.joutm.cat\/fr\/contacte\/","url":"https:\/\/plankton.joutm.cat\/fr\/contacte\/","name":"Contact Apartament Antic Plankton, Girona Costa Brava Calella Palafrugell","isPartOf":{"@id":"https:\/\/plankton.joutm.cat\/#website"},"datePublished":"2019-05-29T10:04:06+00:00","dateModified":"2026-03-15T11:59:05+00:00","description":"Contact Apartament Antic Plankton, Tel\u00e8fon 620868320, correu plankton@joutm.cat, Adre\u00e7a Codina 16, Calella de Palafrufell Girona Costa Brava","breadcrumb":{"@id":"https:\/\/plankton.joutm.cat\/fr\/contacte\/#breadcrumb"},"inLanguage":"fr-FR","potentialAction":[{"@type":"ReadAction","target":["https:\/\/plankton.joutm.cat\/fr\/contacte\/"]}]},{"@type":"BreadcrumbList","@id":"https:\/\/plankton.joutm.cat\/fr\/contacte\/#breadcrumb","itemListElement":[{"@type":"ListItem","position":1,"name":"Inici","item":"https:\/\/plankton.joutm.cat\/fr\/"},{"@type":"ListItem","position":2,"name":"Contacte"}]},{"@type":"WebSite","@id":"https:\/\/plankton.joutm.cat\/#website","url":"https:\/\/plankton.joutm.cat\/","name":"Apartament &amp; Villa Antic Plankton","description":"Apartament &amp; Villa Tur\u00edstic Antic Plankton - Costa Brava Girona","potentialAction":[{"@type":"SearchAction","target":{"@type":"EntryPoint","urlTemplate":"https:\/\/plankton.joutm.cat\/?s={search_term_string}"},"query-input":"required name=search_term_string"}],"inLanguage":"fr-FR"}]}},"_links":{"self":[{"href":"https:\/\/plankton.joutm.cat\/fr\/wp-json\/wp\/v2\/pages\/1639"}],"collection":[{"href":"https:\/\/plankton.joutm.cat\/fr\/wp-json\/wp\/v2\/pages"}],"about":[{"href":"https:\/\/plankton.joutm.cat\/fr\/wp-json\/wp\/v2\/types\/page"}],"author":[{"embeddable":true,"href":"https:\/\/plankton.joutm.cat\/fr\/wp-json\/wp\/v2\/users\/1"}],"replies":[{"embeddable":true,"href":"https:\/\/plankton.joutm.cat\/fr\/wp-json\/wp\/v2\/comments?post=1639"}],"version-history":[{"count":6,"href":"https:\/\/plankton.joutm.cat\/fr\/wp-json\/wp\/v2\/pages\/1639\/revisions"}],"predecessor-version":[{"id":2449,"href":"https:\/\/plankton.joutm.cat\/fr\/wp-json\/wp\/v2\/pages\/1639\/revisions\/2449"}],"wp:attachment":[{"href":"https:\/\/plankton.joutm.cat\/fr\/wp-json\/wp\/v2\/media?parent=1639"}],"curies":[{"name":"wp","href":"https:\/\/api.w.org\/{rel}","templated":true}]}}