{"id":1772,"date":"2021-03-26T14:16:51","date_gmt":"2021-03-26T12:16:51","guid":{"rendered":"https:\/\/plankton.joutm.cat\/sobre-lapartament\/"},"modified":"2023-03-21T14:21:58","modified_gmt":"2023-03-21T12:21:58","slug":"a-propos-de-lappartement-antic-plankton-calella-de-palafrugell","status":"publish","type":"page","link":"https:\/\/plankton.joutm.cat\/fr\/a-propos-de-lappartement-antic-plankton-calella-de-palafrugell\/","title":{"rendered":"\u00c0 propos de l&rsquo;appartement Antic Plankton &#8211; Calella de Palafrugell"},"content":{"rendered":"<section class=\"wpb-content-wrapper\"><p>[vc_row css=\u00a0\u00bb.vc_custom_1616761278486{padding-top: 30px !important;}\u00a0\u00bb][vc_column width=\u00a0\u00bb1\/2&Prime;][vc_column_text]<\/p>\n<h4>\u00c0 PROPOS DE L&rsquo;APPARTEMENT ANTIC PLANKTON:<\/h4>\n<p>[\/vc_column_text][\/vc_column][vc_column width=\u00a0\u00bb1\/2&Prime;][\/vc_column][\/vc_row][vc_row css=\u00a0\u00bb.vc_custom_1616761278486{padding-top: 30px !important;}\u00a0\u00bb][vc_column width=\u00a0\u00bb1\/2&Prime;][vc_column_text]En 2004, o\u00f9 se trouve maintenant l&rsquo;appartement, se trouvait l&rsquo;h\u00f4tel Plankton, qui a \u00e9t\u00e9 ouvert dans les ann\u00e9es 1960 par la famille Tarrat-Miquel, et \u00e9tait une r\u00e9f\u00e9rence pour de nombreuses familles qui voulaient passer l&rsquo;\u00e9t\u00e9 sur la Costa Brava. un lieu touristique tel qu&rsquo;il est maintenant. L&rsquo;appartement Antic Plankton est la continuation de l&rsquo;h\u00f4tel Plankton, dans la partie ancienne de la vieille ville de Calella de Palafrugell.<\/p>\n<p>L&rsquo;Appartement Antic Plankton a \u00e9t\u00e9 r\u00e9nov\u00e9 en 2016. Il se compose de 60m2 de logements avec balcon et 11m2 de parking priv\u00e9 et couvert.<\/p>\n<p>L&rsquo;appartement est parfaitement \u00e9quip\u00e9 pour vivre et dispose de toutes les commodit\u00e9s de base. Il se compose de 2 chambres compl\u00e8tes pour 4 personnes, cuisine enti\u00e8rement \u00e9quip\u00e9e avec ustensiles, salon, salle de bain avec douche, lave-linge, fer \u00e0 repasser, corde \u00e0 linge, wifi exclusif gratuit avec fibre optique, TV, lit b\u00e9b\u00e9, chaise haute\u2026. Id\u00e9al pour les familles avec enfants.[\/vc_column_text][\/vc_column][vc_column width=\u00a0\u00bb1\/2&Prime;][vc_single_image image=\u00a0\u00bb1550&Prime; img_size=\u00a0\u00bblarge\u00a0\u00bb alignment=\u00a0\u00bbcenter\u00a0\u00bb][\/vc_column][\/vc_row][vc_row][vc_column][vc_zigzag color=\u00a0\u00bbpurple\u00a0\u00bb el_border_width=\u00a0\u00bb8&Prime; css=\u00a0\u00bb.vc_custom_1616761196567{padding-top: 30px !important;padding-bottom: 50px !important;}\u00a0\u00bb][\/vc_column][\/vc_row][vc_row][vc_column width=\u00a0\u00bb1\/2&Prime;][\/vc_column][vc_column width=\u00a0\u00bb1\/2&Prime;][vc_column_text]<\/p>\n<h4>SITUATION, SUR LA VILLE ET LA ZONE:<\/h4>\n<p>[\/vc_column_text][\/vc_column][\/vc_row][vc_row css=\u00a0\u00bb.vc_custom_1616761576326{padding-top: 30px !important;}\u00a0\u00bb][vc_column width=\u00a0\u00bb1\/2&Prime;][vc_single_image image=\u00a0\u00bb1755&Prime; img_size=\u00a0\u00bblarge\u00a0\u00bb alignment=\u00a0\u00bbcenter\u00a0\u00bb][\/vc_column][vc_column width=\u00a0\u00bb1\/2&Prime;][vc_column_text]Calella de Palafrugell est un endroit magique sur la Costa Brava, un charmant village de p\u00eacheurs. L&rsquo;Apartment Antic Plankton est situ\u00e9 dans la vieille ville de Calella, en face de l&rsquo;\u00e9glise Sant Pere.<\/p>\n<p>Le fait qu&rsquo;il se trouve au milieu de la vieille ville de Calella, le rend proche de tout ce dont vous avez besoin: magasins, supermarch\u00e9, boulangeries, distributeurs automatiques de billets, restaurants, pharmacie &#8230; et bien s\u00fbr la plage la plus c\u00e9l\u00e8bre de Calella, la plage de Port Bo, o\u00f9 sont c\u00e9l\u00e9br\u00e9s chaque ann\u00e9e les c\u00e9l\u00e8bres Havanais de Calella de Palafrugell. De la terrasse de l&rsquo;appartement, vous pouvez \u00e9couter les habaneras gratuitement. Il sert m\u00eame de march\u00e9 Premium pour les \u00e9v\u00e9nements qui se d\u00e9roulent sur la place de l&rsquo;\u00e9glise, comme les mariages, les concerts, les visites de personnes importantes &#8230;<\/p>\n<p>\u00c0 c\u00f4t\u00e9 de l&rsquo;appartement, il y a une aire de jeux pour les plus petits, ainsi que la place de l&rsquo;\u00e9glise comme lieu de loisirs pour toute la famille.[\/vc_column_text][\/vc_column][\/vc_row][vc_row][vc_column][vc_zigzag color=\u00a0\u00bbpurple\u00a0\u00bb el_border_width=\u00a0\u00bb8&Prime; css=\u00a0\u00bb.vc_custom_1616761215627{padding-top: 30px !important;padding-bottom: 50px !important;}\u00a0\u00bb][\/vc_column][\/vc_row][vc_row][vc_column width=\u00a0\u00bb1\/2&Prime;][vc_column_text]<\/p>\n<h4>\u00c0 PROPOS DE NOUS:<\/h4>\n<p>[\/vc_column_text][\/vc_column][vc_column width=\u00a0\u00bb1\/2&Prime;][\/vc_column][\/vc_row][vc_row css=\u00a0\u00bb.vc_custom_1616761583976{padding-top: 30px !important;}\u00a0\u00bb][vc_column width=\u00a0\u00bb1\/2&Prime;][vc_column_text]L&rsquo;Apartment Antic Plankton est g\u00e9r\u00e9 directement par les propri\u00e9taires, qui y ont v\u00e9cu jusqu&rsquo;en 2014, date \u00e0 laquelle ils ont agrandi leur famille.<\/p>\n<p>Ils ont un dipl\u00f4me en g\u00e9nie des t\u00e9l\u00e9communications et chimie et offrent des services dans les nouvelles technologies, la conception de sites Web et le son pour les mariages et les f\u00eates.<\/p>\n<p>Un service d&rsquo;assistance informatique est \u00e9galement disponible pour les clients s\u00e9journant dans notre appartement pendant leur s\u00e9jour.<\/p>\n<p>Les propri\u00e9taires habitent \u00e0 quelques minutes de l&rsquo;appartement, ce qui leur permet d&rsquo;offrir un accompagnement aux clients 24h \/ 24 pendant leur s\u00e9jour. Si vous rencontrez des probl\u00e8mes ou des lacunes, faites-leur savoir et ils vous aideront imm\u00e9diatement avec tout ce qu&rsquo;ils peuvent.<\/p>\n<p>Ils connaissent tr\u00e8s bien la r\u00e9gion et sauront vous conseiller sur les lieux, les zones et les itin\u00e9raires pour passer de tr\u00e8s bonnes vacances.<\/p>\n<p>Votre objectif est la satisfaction des clients pendant votre s\u00e9jour et pour eux de se r\u00e9p\u00e9ter![\/vc_column_text][\/vc_column][vc_column width=\u00a0\u00bb1\/2&Prime;][vc_single_image image=\u00a0\u00bb1741&Prime; img_size=\u00a0\u00bblarge\u00a0\u00bb alignment=\u00a0\u00bbcenter\u00a0\u00bb][\/vc_column][\/vc_row][vc_row][vc_column][vc_zigzag color=\u00a0\u00bbpurple\u00a0\u00bb el_border_width=\u00a0\u00bb8&Prime; css=\u00a0\u00bb.vc_custom_1616761224936{padding-top: 30px !important;padding-bottom: 50px !important;}\u00a0\u00bb][\/vc_column][\/vc_row][vc_row][vc_column width=\u00a0\u00bb1\/2&Prime;][\/vc_column][vc_column width=\u00a0\u00bb1\/2&Prime;][vc_column_text]<\/p>\n<h4>CONDITIONS DE LOCATION:<\/h4>\n<p>[\/vc_column_text][\/vc_column][\/vc_row][vc_row css=\u00a0\u00bb.vc_custom_1616761591535{padding-top: 30px !important;}\u00a0\u00bb][vc_column width=\u00a0\u00bb1\/2&Prime;][vc_single_image image=\u00a0\u00bb1108&Prime; img_size=\u00a0\u00bblarge\u00a0\u00bb alignment=\u00a0\u00bbcenter\u00a0\u00bb][\/vc_column][vc_column width=\u00a0\u00bb1\/2&Prime;][vc_column_text]Les prix publi\u00e9s sont des prix par nuit. En plus du nombre total de nuits, le m\u00e9nage et les frais doivent \u00eatre ajout\u00e9s. L&rsquo;appartement est pour 4 personnes et un lit b\u00e9b\u00e9 pour les petits enfants.<\/p>\n<p>L&rsquo;enregistrement s&rsquo;effectue \u00e0 partir de 16h00, mais vous pouvez entrer plus t\u00f4t si disponible. L&rsquo;heure de d\u00e9part est 10h, mais vous pouvez partir t\u00f4t ou tard en fonction des disponibilit\u00e9s.<\/p>\n<p>Le prix du m\u00e9nage comprend la literie, les serviettes pour tout le monde, les produits de nettoyage, ainsi que la chaise haute et le lit b\u00e9b\u00e9 enti\u00e8rement gratuits. Le co\u00fbt est de 80 \u20ac.<\/p>\n<p>Afin de confirmer une r\u00e9servation, un paiement et un acompte sont demand\u00e9s. Ainsi qu&rsquo;une caution de 200 \u20ac \u00e0 titre de caution le jour de l&rsquo;entr\u00e9e dans l&rsquo;appartement, qui est restitu\u00e9e le jour du d\u00e9part si tout est correct et en bon \u00e9tat, comme constat\u00e9 au moment de l&rsquo;entr\u00e9e.<\/p>\n<p>De plus, la consommation \u00e9lectrique de 6 \u20ac \/ nuit sera factur\u00e9e. Ainsi que la taxe de s\u00e9jour de 0,99 \u20ac par personne et par nuit de plus de 16 ans.<\/p>\n<p>L&rsquo;appartement est enregistr\u00e9 sous le num\u00e9ro HUTG-022.416-44[\/vc_column_text][\/vc_column][\/vc_row][vc_row][vc_column][vc_empty_space][vc_btn title=\u00a0\u00bbR\u00c9SERVEZ VOTRE S\u00c9JOUR\u00a0\u00bb size=\u00a0\u00bblg\u00a0\u00bb align=\u00a0\u00bbcenter\u00a0\u00bb i_icon_fontawesome=\u00a0\u00bbfas fa-umbrella-beach\u00a0\u00bb add_icon=\u00a0\u00bbtrue\u00a0\u00bb link=\u00a0\u00bburl:https%3A%2F%2Fplankton.joutm.cat%2Ffr%2Freservation%2F|title:Reserva|target:_blank\u00a0\u00bb][vc_empty_space][\/vc_column][\/vc_row]<\/p>\n<\/section>","protected":false},"excerpt":{"rendered":"<p>[vc_row css=\u00a0\u00bb.vc_custom_1616761278486{padding-top: 30px !important;}\u00a0\u00bb][vc_column width=\u00a0\u00bb1\/2&Prime;][vc_column_text] \u00c0 PROPOS DE L&rsquo;APPARTEMENT ANTIC PLANKTON: [\/vc_column_text][\/vc_column][vc_column width=\u00a0\u00bb1\/2&Prime;][\/vc_column][\/vc_row][vc_row css=\u00a0\u00bb.vc_custom_1616761278486{padding-top: 30px !important;}\u00a0\u00bb][vc_column width=\u00a0\u00bb1\/2&Prime;][vc_column_text]En 2004, o\u00f9 se trouve maintenant l&rsquo;appartement, se trouvait l&rsquo;h\u00f4tel<span class=\"excerpt-hellip\"> [\u2026]<\/span><\/p>\n","protected":false},"author":1,"featured_media":0,"parent":0,"menu_order":0,"comment_status":"closed","ping_status":"closed","template":"","meta":{"footnotes":""},"yoast_head":"<!-- This site is optimized with the Yoast SEO plugin v21.7 - https:\/\/yoast.com\/wordpress\/plugins\/seo\/ -->\n<title>\u00c0 propos de l&#039;appartement Antic Plankton - Calella de Palafrugell - Apartament &amp; Villa Antic Plankton<\/title>\n<meta name=\"robots\" content=\"index, follow, max-snippet:-1, max-image-preview:large, max-video-preview:-1\" \/>\n<link rel=\"canonical\" href=\"https:\/\/plankton.joutm.cat\/fr\/a-propos-de-lappartement-antic-plankton-calella-de-palafrugell\/\" \/>\n<meta property=\"og:locale\" content=\"fr_FR\" \/>\n<meta property=\"og:type\" content=\"article\" \/>\n<meta property=\"og:title\" content=\"\u00c0 propos de l&#039;appartement Antic Plankton - Calella de Palafrugell - Apartament &amp; Villa Antic Plankton\" \/>\n<meta property=\"og:description\" content=\"[vc_row css=\u00a0\u00bb.vc_custom_1616761278486{padding-top: 30px !important;}\u00a0\u00bb][vc_column width=\u00a0\u00bb1\/2&Prime;][vc_column_text] \u00c0 PROPOS DE L&rsquo;APPARTEMENT ANTIC PLANKTON: [\/vc_column_text][\/vc_column][vc_column width=\u00a0\u00bb1\/2&Prime;][\/vc_column][\/vc_row][vc_row css=\u00a0\u00bb.vc_custom_1616761278486{padding-top: 30px !important;}\u00a0\u00bb][vc_column width=\u00a0\u00bb1\/2&Prime;][vc_column_text]En 2004, o\u00f9 se trouve maintenant l&rsquo;appartement, se trouvait l&rsquo;h\u00f4tel [\u2026]\" \/>\n<meta property=\"og:url\" content=\"https:\/\/plankton.joutm.cat\/fr\/a-propos-de-lappartement-antic-plankton-calella-de-palafrugell\/\" \/>\n<meta property=\"og:site_name\" content=\"Apartament &amp; Villa Antic Plankton\" \/>\n<meta property=\"article:modified_time\" content=\"2023-03-21T12:21:58+00:00\" \/>\n<meta name=\"twitter:card\" content=\"summary_large_image\" \/>\n<meta name=\"twitter:label1\" content=\"Dur\u00e9e de lecture estim\u00e9e\" \/>\n\t<meta name=\"twitter:data1\" content=\"5 minutes\" \/>\n<script type=\"application\/ld+json\" class=\"yoast-schema-graph\">{\"@context\":\"https:\/\/schema.org\",\"@graph\":[{\"@type\":\"WebPage\",\"@id\":\"https:\/\/plankton.joutm.cat\/fr\/a-propos-de-lappartement-antic-plankton-calella-de-palafrugell\/\",\"url\":\"https:\/\/plankton.joutm.cat\/fr\/a-propos-de-lappartement-antic-plankton-calella-de-palafrugell\/\",\"name\":\"\u00c0 propos de l'appartement Antic Plankton - Calella de Palafrugell - Apartament &amp; Villa Antic Plankton\",\"isPartOf\":{\"@id\":\"https:\/\/plankton.joutm.cat\/#website\"},\"datePublished\":\"2021-03-26T12:16:51+00:00\",\"dateModified\":\"2023-03-21T12:21:58+00:00\",\"breadcrumb\":{\"@id\":\"https:\/\/plankton.joutm.cat\/fr\/a-propos-de-lappartement-antic-plankton-calella-de-palafrugell\/#breadcrumb\"},\"inLanguage\":\"fr-FR\",\"potentialAction\":[{\"@type\":\"ReadAction\",\"target\":[\"https:\/\/plankton.joutm.cat\/fr\/a-propos-de-lappartement-antic-plankton-calella-de-palafrugell\/\"]}]},{\"@type\":\"BreadcrumbList\",\"@id\":\"https:\/\/plankton.joutm.cat\/fr\/a-propos-de-lappartement-antic-plankton-calella-de-palafrugell\/#breadcrumb\",\"itemListElement\":[{\"@type\":\"ListItem\",\"position\":1,\"name\":\"Inici\",\"item\":\"https:\/\/plankton.joutm.cat\/fr\/\"},{\"@type\":\"ListItem\",\"position\":2,\"name\":\"\u00c0 propos de l&#8217;appartement Antic Plankton &#8211; Calella de Palafrugell\"}]},{\"@type\":\"WebSite\",\"@id\":\"https:\/\/plankton.joutm.cat\/#website\",\"url\":\"https:\/\/plankton.joutm.cat\/\",\"name\":\"Apartament &amp; Villa Antic Plankton\",\"description\":\"Apartament &amp; Villa Tur\u00edstic Antic Plankton - Costa Brava Girona\",\"potentialAction\":[{\"@type\":\"SearchAction\",\"target\":{\"@type\":\"EntryPoint\",\"urlTemplate\":\"https:\/\/plankton.joutm.cat\/?s={search_term_string}\"},\"query-input\":\"required name=search_term_string\"}],\"inLanguage\":\"fr-FR\"}]}<\/script>\n<!-- \/ Yoast SEO plugin. -->","yoast_head_json":{"title":"\u00c0 propos de l'appartement Antic Plankton - Calella de Palafrugell - Apartament &amp; Villa Antic Plankton","robots":{"index":"index","follow":"follow","max-snippet":"max-snippet:-1","max-image-preview":"max-image-preview:large","max-video-preview":"max-video-preview:-1"},"canonical":"https:\/\/plankton.joutm.cat\/fr\/a-propos-de-lappartement-antic-plankton-calella-de-palafrugell\/","og_locale":"fr_FR","og_type":"article","og_title":"\u00c0 propos de l'appartement Antic Plankton - Calella de Palafrugell - Apartament &amp; Villa Antic Plankton","og_description":"[vc_row css=\u00a0\u00bb.vc_custom_1616761278486{padding-top: 30px !important;}\u00a0\u00bb][vc_column width=\u00a0\u00bb1\/2&Prime;][vc_column_text] \u00c0 PROPOS DE L&rsquo;APPARTEMENT ANTIC PLANKTON: [\/vc_column_text][\/vc_column][vc_column width=\u00a0\u00bb1\/2&Prime;][\/vc_column][\/vc_row][vc_row css=\u00a0\u00bb.vc_custom_1616761278486{padding-top: 30px !important;}\u00a0\u00bb][vc_column width=\u00a0\u00bb1\/2&Prime;][vc_column_text]En 2004, o\u00f9 se trouve maintenant l&rsquo;appartement, se trouvait l&rsquo;h\u00f4tel [\u2026]","og_url":"https:\/\/plankton.joutm.cat\/fr\/a-propos-de-lappartement-antic-plankton-calella-de-palafrugell\/","og_site_name":"Apartament &amp; Villa Antic Plankton","article_modified_time":"2023-03-21T12:21:58+00:00","twitter_card":"summary_large_image","twitter_misc":{"Dur\u00e9e de lecture estim\u00e9e":"5 minutes"},"schema":{"@context":"https:\/\/schema.org","@graph":[{"@type":"WebPage","@id":"https:\/\/plankton.joutm.cat\/fr\/a-propos-de-lappartement-antic-plankton-calella-de-palafrugell\/","url":"https:\/\/plankton.joutm.cat\/fr\/a-propos-de-lappartement-antic-plankton-calella-de-palafrugell\/","name":"\u00c0 propos de l'appartement Antic Plankton - Calella de Palafrugell - Apartament &amp; Villa Antic Plankton","isPartOf":{"@id":"https:\/\/plankton.joutm.cat\/#website"},"datePublished":"2021-03-26T12:16:51+00:00","dateModified":"2023-03-21T12:21:58+00:00","breadcrumb":{"@id":"https:\/\/plankton.joutm.cat\/fr\/a-propos-de-lappartement-antic-plankton-calella-de-palafrugell\/#breadcrumb"},"inLanguage":"fr-FR","potentialAction":[{"@type":"ReadAction","target":["https:\/\/plankton.joutm.cat\/fr\/a-propos-de-lappartement-antic-plankton-calella-de-palafrugell\/"]}]},{"@type":"BreadcrumbList","@id":"https:\/\/plankton.joutm.cat\/fr\/a-propos-de-lappartement-antic-plankton-calella-de-palafrugell\/#breadcrumb","itemListElement":[{"@type":"ListItem","position":1,"name":"Inici","item":"https:\/\/plankton.joutm.cat\/fr\/"},{"@type":"ListItem","position":2,"name":"\u00c0 propos de l&#8217;appartement Antic Plankton &#8211; Calella de Palafrugell"}]},{"@type":"WebSite","@id":"https:\/\/plankton.joutm.cat\/#website","url":"https:\/\/plankton.joutm.cat\/","name":"Apartament &amp; Villa Antic Plankton","description":"Apartament &amp; Villa Tur\u00edstic Antic Plankton - Costa Brava Girona","potentialAction":[{"@type":"SearchAction","target":{"@type":"EntryPoint","urlTemplate":"https:\/\/plankton.joutm.cat\/?s={search_term_string}"},"query-input":"required name=search_term_string"}],"inLanguage":"fr-FR"}]}},"_links":{"self":[{"href":"https:\/\/plankton.joutm.cat\/fr\/wp-json\/wp\/v2\/pages\/1772"}],"collection":[{"href":"https:\/\/plankton.joutm.cat\/fr\/wp-json\/wp\/v2\/pages"}],"about":[{"href":"https:\/\/plankton.joutm.cat\/fr\/wp-json\/wp\/v2\/types\/page"}],"author":[{"embeddable":true,"href":"https:\/\/plankton.joutm.cat\/fr\/wp-json\/wp\/v2\/users\/1"}],"replies":[{"embeddable":true,"href":"https:\/\/plankton.joutm.cat\/fr\/wp-json\/wp\/v2\/comments?post=1772"}],"version-history":[{"count":5,"href":"https:\/\/plankton.joutm.cat\/fr\/wp-json\/wp\/v2\/pages\/1772\/revisions"}],"predecessor-version":[{"id":2221,"href":"https:\/\/plankton.joutm.cat\/fr\/wp-json\/wp\/v2\/pages\/1772\/revisions\/2221"}],"wp:attachment":[{"href":"https:\/\/plankton.joutm.cat\/fr\/wp-json\/wp\/v2\/media?parent=1772"}],"curies":[{"name":"wp","href":"https:\/\/api.w.org\/{rel}","templated":true}]}}