{"id":2050,"date":"2023-03-22T15:18:10","date_gmt":"2023-03-22T13:18:10","guid":{"rendered":"https:\/\/plankton.joutm.cat\/?page_id=2050"},"modified":"2023-03-22T15:40:29","modified_gmt":"2023-03-22T13:40:29","slug":"a-propos-de-lappartement-antic-plankton-sa-riera-begur","status":"publish","type":"page","link":"https:\/\/plankton.joutm.cat\/fr\/a-propos-de-lappartement-antic-plankton-sa-riera-begur\/","title":{"rendered":"\u00c0 propos de l&rsquo;appartement Antic Plankton &#8211; Sa Riera, begur"},"content":{"rendered":"<section class=\"wpb-content-wrapper\"><p>[vc_row css=\u00a0\u00bb.vc_custom_1616761278486{padding-top: 30px !important;}\u00a0\u00bb][vc_column width=\u00a0\u00bb1\/2&Prime;][vc_column_text]<\/p>\n<h4>\u00c0 PROPOS DE L&rsquo;APPARTEMENT ANTIC PLANkTON &#8211; SA RIERA, BEGUR :<\/h4>\n<p>[\/vc_column_text][\/vc_column][vc_column width=\u00a0\u00bb1\/2&Prime;][\/vc_column][\/vc_row][vc_row css=\u00a0\u00bb.vc_custom_1616761278486{padding-top: 30px !important;}\u00a0\u00bb][vc_column width=\u00a0\u00bb1\/2&Prime;][vc_column_text]L\u2019Appartement Antic Plankton \u2013 \u200b\u200b\u200b\u200bSa Riera, Begur a \u00e9t\u00e9 r\u00e9nov\u00e9 en 2023. Il se compose de 70m2 de logement avec un grand balcon et une place de parking priv\u00e9e et couverte.<br \/>\nL\u2019appartement est parfaitement \u00e9quip\u00e9 pour vivre et dispose de toutes les commodit\u00e9s de base. Il se compose d\u20191 chambre compl\u00e8te et d\u2019un salon-chambre adapt\u00e9 pour 4 personnes, cuisine compl\u00e8te enti\u00e8rement \u00e9quip\u00e9e avec ustensiles, salon, salle de bain avec douche, lave-linge, fer \u00e0 repasser, \u00e9tendoir, Wi-Fi gratuit exclusif avec fibre optique, TV, lit b\u00e9b\u00e9, chaise haute\u2026 . Id\u00e9al pour les familles avec enfants. Il a aussi l\u2019air conditionn\u00e9![\/vc_column_text][\/vc_column][vc_column width=\u00a0\u00bb1\/2&Prime;][vc_single_image image=\u00a0\u00bb1974&Prime; img_size=\u00a0\u00bblarge\u00a0\u00bb alignment=\u00a0\u00bbcenter\u00a0\u00bb][\/vc_column][\/vc_row][vc_row][vc_column][vc_zigzag color=\u00a0\u00bbpurple\u00a0\u00bb el_border_width=\u00a0\u00bb8&Prime; css=\u00a0\u00bb.vc_custom_1616761196567{padding-top: 30px !important;padding-bottom: 50px !important;}\u00a0\u00bb][\/vc_column][\/vc_row][vc_row][vc_column width=\u00a0\u00bb1\/2&Prime;][\/vc_column][vc_column width=\u00a0\u00bb1\/2&Prime;][vc_column_text]<\/p>\n<h4>SITUATION, SUR LA VILLE ET LA R\u00c9GION\u00a0:<\/h4>\n<p>[\/vc_column_text][\/vc_column][\/vc_row][vc_row css=\u00a0\u00bb.vc_custom_1616761576326{padding-top: 30px !important;}\u00a0\u00bb][vc_column width=\u00a0\u00bb1\/2&Prime;][vc_single_image image=\u00a0\u00bb1919&Prime; img_size=\u00a0\u00bblarge\u00a0\u00bb alignment=\u00a0\u00bbcenter\u00a0\u00bb][\/vc_column][vc_column width=\u00a0\u00bb1\/2&Prime;][vc_column_text]La plage de Sa Riera de Begur est l&rsquo;un des endroits exclusifs de la Costa Brava.<br \/>\nC&rsquo;est la plus grande crique de la commune de Begur, son nom vient d&rsquo;un ruisseau qui la divise en deux moiti\u00e9s, elle conserve actuellement les anciennes maisons de p\u00eacheurs. Cette crique a \u00e9galement deux criques voisines qui sont Port des Pi \u00e0 droite et Cala del Rei \u00e0 gauche.<\/p>\n<p>Le Plankton Antic Apartment est situ\u00e9 \u00e0 environ 50 m\u00e8tres de la plage de Sa Riera, juste \u00e0 c\u00f4t\u00e9 du supermarch\u00e9, des restaurants et des magasins.<\/p>\n<p>Pour les amateurs d&rsquo;itin\u00e9raires p\u00e9destres, de Sa Riera commence l&rsquo;itin\u00e9raire circulaire vers la plage de Rac\u00f3 i Pals.[\/vc_column_text][\/vc_column][\/vc_row][vc_row][vc_column][vc_zigzag color=\u00a0\u00bbpurple\u00a0\u00bb el_border_width=\u00a0\u00bb8&Prime; css=\u00a0\u00bb.vc_custom_1616761215627{padding-top: 30px !important;padding-bottom: 50px !important;}\u00a0\u00bb][\/vc_column][\/vc_row][vc_row][vc_column width=\u00a0\u00bb1\/2&Prime;][vc_column_text]<\/p>\n<div class=\"wpb_column vc_column_container vc_col-sm-6\">\n<div class=\"vc_column-inner\">\n<div class=\"wpb_wrapper\">\n<div class=\"wpb_text_column wpb_content_element \">\n<div class=\"wpb_wrapper\">\n<h4>\u00c0 PROPOS DE NOUS:<\/h4>\n<\/div>\n<\/div>\n<\/div>\n<\/div>\n<\/div>\n<p>[\/vc_column_text][\/vc_column][vc_column width=\u00a0\u00bb1\/2&Prime;][\/vc_column][\/vc_row][vc_row css=\u00a0\u00bb.vc_custom_1616761583976{padding-top: 30px !important;}\u00a0\u00bb][vc_column width=\u00a0\u00bb1\/2&Prime;][vc_column_text]L\u2019Apartment Antic Plankton &#8211; Sa Riera, Begur est g\u00e9r\u00e9 directement par les propri\u00e9taires.<\/p>\n<p>Ils ont un dipl\u00f4me en g\u00e9nie des t\u00e9l\u00e9communications et chimie et offrent des services dans les nouvelles technologies, la conception de sites Web et le son pour les mariages et les f\u00eates.<\/p>\n<p>Un service d\u2019assistance informatique est \u00e9galement disponible pour les clients s\u00e9journant dans notre appartement pendant leur s\u00e9jour.<\/p>\n<p>Les propri\u00e9taires habitent \u00e0 quelques minutes de l\u2019appartement, ce qui leur permet d\u2019offrir un accompagnement aux clients 24h \/ 24 pendant leur s\u00e9jour. Si vous rencontrez des probl\u00e8mes ou des lacunes, faites-leur savoir et ils vous aideront imm\u00e9diatement avec tout ce qu\u2019ils peuvent.<\/p>\n<p>Ils connaissent tr\u00e8s bien la r\u00e9gion et sauront vous conseiller sur les lieux, les zones et les itin\u00e9raires pour passer de tr\u00e8s bonnes vacances.<\/p>\n<p>Votre objectif est la satisfaction des clients pendant votre s\u00e9jour et pour eux de se r\u00e9p\u00e9ter![\/vc_column_text][\/vc_column][vc_column width=\u00a0\u00bb1\/2&Prime;][vc_single_image image=\u00a0\u00bb1741&Prime; img_size=\u00a0\u00bblarge\u00a0\u00bb alignment=\u00a0\u00bbcenter\u00a0\u00bb][\/vc_column][\/vc_row][vc_row][vc_column][vc_zigzag color=\u00a0\u00bbpurple\u00a0\u00bb el_border_width=\u00a0\u00bb8&Prime; css=\u00a0\u00bb.vc_custom_1616761224936{padding-top: 30px !important;padding-bottom: 50px !important;}\u00a0\u00bb][\/vc_column][\/vc_row][vc_row][vc_column width=\u00a0\u00bb1\/2&Prime;][\/vc_column][vc_column width=\u00a0\u00bb1\/2&Prime;][vc_column_text]<\/p>\n<div class=\"vc_row wpb_row vc_row-fluid\">\n<div class=\"wpb_column vc_column_container vc_col-sm-6\">\n<div class=\"vc_column-inner\">\n<div class=\"wpb_wrapper\">\n<div class=\"wpb_text_column wpb_content_element \">\n<div class=\"wpb_wrapper\">\n<h4>CONDITIONS DE LOCATION:<\/h4>\n<\/div>\n<\/div>\n<\/div>\n<\/div>\n<\/div>\n<\/div>\n<p>[\/vc_column_text][\/vc_column][\/vc_row][vc_row css=\u00a0\u00bb.vc_custom_1616761591535{padding-top: 30px !important;}\u00a0\u00bb][vc_column width=\u00a0\u00bb1\/2&Prime;][vc_single_image image=\u00a0\u00bb2014&Prime; img_size=\u00a0\u00bblarge\u00a0\u00bb alignment=\u00a0\u00bbcenter\u00a0\u00bb][\/vc_column][vc_column width=\u00a0\u00bb1\/2&Prime;][vc_column_text]Les prix publi\u00e9s sont des prix par nuit. En plus du nombre total de nuits, le m\u00e9nage et les frais doivent \u00eatre ajout\u00e9s. L\u2019appartement est pour 4 personnes et un lit b\u00e9b\u00e9 pour les petits enfants.<\/p>\n<p>L\u2019enregistrement s\u2019effectue \u00e0 partir de 16h00, mais vous pouvez entrer plus t\u00f4t si disponible. L\u2019heure de d\u00e9part est 10h, mais vous pouvez partir t\u00f4t ou tard en fonction des disponibilit\u00e9s.<\/p>\n<p>Le prix du m\u00e9nage comprend la literie, les serviettes pour tout le monde, les produits de nettoyage, ainsi que la chaise haute et le lit b\u00e9b\u00e9 enti\u00e8rement gratuits.<\/p>\n<p>Afin de confirmer une r\u00e9servation, un paiement et un acompte sont demand\u00e9s. Ainsi qu\u2019une caution de 200 \u20ac \u00e0 titre de caution le jour de l\u2019entr\u00e9e dans l\u2019appartement, qui est restitu\u00e9e le jour du d\u00e9part si tout est correct et en bon \u00e9tat, comme constat\u00e9 au moment de l\u2019entr\u00e9e.<\/p>\n<p>De plus, la consommation \u00e9lectrique de 6 \u20ac \/ nuit sera factur\u00e9e. Ainsi que la taxe de s\u00e9jour de 0,99 \u20ac par personne et par nuit de plus de 16 ans.<\/p>\n<p>L\u2019appartement est enregistr\u00e9 sous le num\u00e9ro <strong>HUTG-026078<\/strong>[\/vc_column_text][\/vc_column][\/vc_row][vc_row][vc_column][vc_empty_space][vc_btn title=\u00a0\u00bbR\u00c9SERVEZ VOTRE S\u00c9JOUR\u00a0\u00bb size=\u00a0\u00bblg\u00a0\u00bb align=\u00a0\u00bbcenter\u00a0\u00bb i_icon_fontawesome=\u00a0\u00bbfas fa-umbrella-beach\u00a0\u00bb add_icon=\u00a0\u00bbtrue\u00a0\u00bb link=\u00a0\u00bburl:https%3A%2F%2Fplankton.joutm.cat%2Freserva-asr|title:Reserva|target:_blank\u00a0\u00bb][vc_empty_space][\/vc_column][\/vc_row]<\/p>\n<\/section>","protected":false},"excerpt":{"rendered":"<p>[vc_row css=\u00a0\u00bb.vc_custom_1616761278486{padding-top: 30px !important;}\u00a0\u00bb][vc_column width=\u00a0\u00bb1\/2&Prime;][vc_column_text] \u00c0 PROPOS DE L&rsquo;APPARTEMENT ANTIC PLANkTON &#8211; SA RIERA, BEGUR : [\/vc_column_text][\/vc_column][vc_column width=\u00a0\u00bb1\/2&Prime;][\/vc_column][\/vc_row][vc_row css=\u00a0\u00bb.vc_custom_1616761278486{padding-top: 30px !important;}\u00a0\u00bb][vc_column width=\u00a0\u00bb1\/2&Prime;][vc_column_text]L\u2019Appartement Antic Plankton \u2013 \u200b\u200b\u200b\u200bSa<span class=\"excerpt-hellip\"> [\u2026]<\/span><\/p>\n","protected":false},"author":1,"featured_media":0,"parent":0,"menu_order":0,"comment_status":"closed","ping_status":"closed","template":"","meta":{"footnotes":""},"yoast_head":"<!-- This site is optimized with the Yoast SEO plugin v21.7 - https:\/\/yoast.com\/wordpress\/plugins\/seo\/ -->\n<title>\u00c0 propos de l&#039;appartement Antic Plankton - Sa Riera, begur - Apartament &amp; Villa Antic Plankton<\/title>\n<meta name=\"robots\" content=\"index, follow, max-snippet:-1, max-image-preview:large, max-video-preview:-1\" \/>\n<link rel=\"canonical\" href=\"https:\/\/plankton.joutm.cat\/fr\/a-propos-de-lappartement-antic-plankton-sa-riera-begur\/\" \/>\n<meta property=\"og:locale\" content=\"fr_FR\" \/>\n<meta property=\"og:type\" content=\"article\" \/>\n<meta property=\"og:title\" content=\"\u00c0 propos de l&#039;appartement Antic Plankton - Sa Riera, begur - Apartament &amp; Villa Antic Plankton\" \/>\n<meta property=\"og:description\" content=\"[vc_row css=\u00a0\u00bb.vc_custom_1616761278486{padding-top: 30px !important;}\u00a0\u00bb][vc_column width=\u00a0\u00bb1\/2&Prime;][vc_column_text] \u00c0 PROPOS DE L&rsquo;APPARTEMENT ANTIC PLANkTON &#8211; SA RIERA, BEGUR : [\/vc_column_text][\/vc_column][vc_column width=\u00a0\u00bb1\/2&Prime;][\/vc_column][\/vc_row][vc_row css=\u00a0\u00bb.vc_custom_1616761278486{padding-top: 30px !important;}\u00a0\u00bb][vc_column width=\u00a0\u00bb1\/2&Prime;][vc_column_text]L\u2019Appartement Antic Plankton \u2013 \u200b\u200b\u200b\u200bSa [\u2026]\" \/>\n<meta property=\"og:url\" content=\"https:\/\/plankton.joutm.cat\/fr\/a-propos-de-lappartement-antic-plankton-sa-riera-begur\/\" \/>\n<meta property=\"og:site_name\" content=\"Apartament &amp; Villa Antic Plankton\" \/>\n<meta property=\"article:modified_time\" content=\"2023-03-22T13:40:29+00:00\" \/>\n<meta name=\"twitter:card\" content=\"summary_large_image\" \/>\n<meta name=\"twitter:label1\" content=\"Dur\u00e9e de lecture estim\u00e9e\" \/>\n\t<meta name=\"twitter:data1\" content=\"4 minutes\" \/>\n<script type=\"application\/ld+json\" class=\"yoast-schema-graph\">{\"@context\":\"https:\/\/schema.org\",\"@graph\":[{\"@type\":\"WebPage\",\"@id\":\"https:\/\/plankton.joutm.cat\/fr\/a-propos-de-lappartement-antic-plankton-sa-riera-begur\/\",\"url\":\"https:\/\/plankton.joutm.cat\/fr\/a-propos-de-lappartement-antic-plankton-sa-riera-begur\/\",\"name\":\"\u00c0 propos de l'appartement Antic Plankton - Sa Riera, begur - Apartament &amp; Villa Antic Plankton\",\"isPartOf\":{\"@id\":\"https:\/\/plankton.joutm.cat\/#website\"},\"datePublished\":\"2023-03-22T13:18:10+00:00\",\"dateModified\":\"2023-03-22T13:40:29+00:00\",\"breadcrumb\":{\"@id\":\"https:\/\/plankton.joutm.cat\/fr\/a-propos-de-lappartement-antic-plankton-sa-riera-begur\/#breadcrumb\"},\"inLanguage\":\"fr-FR\",\"potentialAction\":[{\"@type\":\"ReadAction\",\"target\":[\"https:\/\/plankton.joutm.cat\/fr\/a-propos-de-lappartement-antic-plankton-sa-riera-begur\/\"]}]},{\"@type\":\"BreadcrumbList\",\"@id\":\"https:\/\/plankton.joutm.cat\/fr\/a-propos-de-lappartement-antic-plankton-sa-riera-begur\/#breadcrumb\",\"itemListElement\":[{\"@type\":\"ListItem\",\"position\":1,\"name\":\"Inici\",\"item\":\"https:\/\/plankton.joutm.cat\/fr\/\"},{\"@type\":\"ListItem\",\"position\":2,\"name\":\"\u00c0 propos de l&#8217;appartement Antic Plankton &#8211; Sa Riera, begur\"}]},{\"@type\":\"WebSite\",\"@id\":\"https:\/\/plankton.joutm.cat\/#website\",\"url\":\"https:\/\/plankton.joutm.cat\/\",\"name\":\"Apartament &amp; Villa Antic Plankton\",\"description\":\"Apartament &amp; Villa Tur\u00edstic Antic Plankton - Costa Brava Girona\",\"potentialAction\":[{\"@type\":\"SearchAction\",\"target\":{\"@type\":\"EntryPoint\",\"urlTemplate\":\"https:\/\/plankton.joutm.cat\/?s={search_term_string}\"},\"query-input\":\"required name=search_term_string\"}],\"inLanguage\":\"fr-FR\"}]}<\/script>\n<!-- \/ Yoast SEO plugin. -->","yoast_head_json":{"title":"\u00c0 propos de l'appartement Antic Plankton - Sa Riera, begur - Apartament &amp; Villa Antic Plankton","robots":{"index":"index","follow":"follow","max-snippet":"max-snippet:-1","max-image-preview":"max-image-preview:large","max-video-preview":"max-video-preview:-1"},"canonical":"https:\/\/plankton.joutm.cat\/fr\/a-propos-de-lappartement-antic-plankton-sa-riera-begur\/","og_locale":"fr_FR","og_type":"article","og_title":"\u00c0 propos de l'appartement Antic Plankton - Sa Riera, begur - Apartament &amp; Villa Antic Plankton","og_description":"[vc_row css=\u00a0\u00bb.vc_custom_1616761278486{padding-top: 30px !important;}\u00a0\u00bb][vc_column width=\u00a0\u00bb1\/2&Prime;][vc_column_text] \u00c0 PROPOS DE L&rsquo;APPARTEMENT ANTIC PLANkTON &#8211; SA RIERA, BEGUR : [\/vc_column_text][\/vc_column][vc_column width=\u00a0\u00bb1\/2&Prime;][\/vc_column][\/vc_row][vc_row css=\u00a0\u00bb.vc_custom_1616761278486{padding-top: 30px !important;}\u00a0\u00bb][vc_column width=\u00a0\u00bb1\/2&Prime;][vc_column_text]L\u2019Appartement Antic Plankton \u2013 \u200b\u200b\u200b\u200bSa [\u2026]","og_url":"https:\/\/plankton.joutm.cat\/fr\/a-propos-de-lappartement-antic-plankton-sa-riera-begur\/","og_site_name":"Apartament &amp; Villa Antic Plankton","article_modified_time":"2023-03-22T13:40:29+00:00","twitter_card":"summary_large_image","twitter_misc":{"Dur\u00e9e de lecture estim\u00e9e":"4 minutes"},"schema":{"@context":"https:\/\/schema.org","@graph":[{"@type":"WebPage","@id":"https:\/\/plankton.joutm.cat\/fr\/a-propos-de-lappartement-antic-plankton-sa-riera-begur\/","url":"https:\/\/plankton.joutm.cat\/fr\/a-propos-de-lappartement-antic-plankton-sa-riera-begur\/","name":"\u00c0 propos de l'appartement Antic Plankton - Sa Riera, begur - Apartament &amp; Villa Antic Plankton","isPartOf":{"@id":"https:\/\/plankton.joutm.cat\/#website"},"datePublished":"2023-03-22T13:18:10+00:00","dateModified":"2023-03-22T13:40:29+00:00","breadcrumb":{"@id":"https:\/\/plankton.joutm.cat\/fr\/a-propos-de-lappartement-antic-plankton-sa-riera-begur\/#breadcrumb"},"inLanguage":"fr-FR","potentialAction":[{"@type":"ReadAction","target":["https:\/\/plankton.joutm.cat\/fr\/a-propos-de-lappartement-antic-plankton-sa-riera-begur\/"]}]},{"@type":"BreadcrumbList","@id":"https:\/\/plankton.joutm.cat\/fr\/a-propos-de-lappartement-antic-plankton-sa-riera-begur\/#breadcrumb","itemListElement":[{"@type":"ListItem","position":1,"name":"Inici","item":"https:\/\/plankton.joutm.cat\/fr\/"},{"@type":"ListItem","position":2,"name":"\u00c0 propos de l&#8217;appartement Antic Plankton &#8211; Sa Riera, begur"}]},{"@type":"WebSite","@id":"https:\/\/plankton.joutm.cat\/#website","url":"https:\/\/plankton.joutm.cat\/","name":"Apartament &amp; Villa Antic Plankton","description":"Apartament &amp; Villa Tur\u00edstic Antic Plankton - Costa Brava Girona","potentialAction":[{"@type":"SearchAction","target":{"@type":"EntryPoint","urlTemplate":"https:\/\/plankton.joutm.cat\/?s={search_term_string}"},"query-input":"required name=search_term_string"}],"inLanguage":"fr-FR"}]}},"_links":{"self":[{"href":"https:\/\/plankton.joutm.cat\/fr\/wp-json\/wp\/v2\/pages\/2050"}],"collection":[{"href":"https:\/\/plankton.joutm.cat\/fr\/wp-json\/wp\/v2\/pages"}],"about":[{"href":"https:\/\/plankton.joutm.cat\/fr\/wp-json\/wp\/v2\/types\/page"}],"author":[{"embeddable":true,"href":"https:\/\/plankton.joutm.cat\/fr\/wp-json\/wp\/v2\/users\/1"}],"replies":[{"embeddable":true,"href":"https:\/\/plankton.joutm.cat\/fr\/wp-json\/wp\/v2\/comments?post=2050"}],"version-history":[{"count":4,"href":"https:\/\/plankton.joutm.cat\/fr\/wp-json\/wp\/v2\/pages\/2050\/revisions"}],"predecessor-version":[{"id":2250,"href":"https:\/\/plankton.joutm.cat\/fr\/wp-json\/wp\/v2\/pages\/2050\/revisions\/2250"}],"wp:attachment":[{"href":"https:\/\/plankton.joutm.cat\/fr\/wp-json\/wp\/v2\/media?parent=2050"}],"curies":[{"name":"wp","href":"https:\/\/api.w.org\/{rel}","templated":true}]}}